{"id":5370,"date":"2024-04-18T00:50:32","date_gmt":"2024-04-17T22:50:32","guid":{"rendered":"https:\/\/izoteryk.pl\/?post_type=product&#038;p=5370"},"modified":"2026-01-28T17:42:17","modified_gmt":"2026-01-28T16:42:17","slug":"kominek-ceramiczny-do-olejkow-zapachowych-srebrny","status":"publish","type":"product","link":"https:\/\/izoteryk.pl\/?product=kominek-ceramiczny-do-olejkow-zapachowych-srebrny","title":{"rendered":"Kominek ceramiczny do olejk\u00f3w zapachowych &#8211; srebrny"},"content":{"rendered":"<p>Pi\u0119kny, ceramiczny kominek do olejk\u00f3w zapachowych i eterycznych &#8211; daje ciekawy efekt odbijaj\u0105cego si\u0119 \u015bwiat\u0142a<\/p>\n<p>&nbsp;<\/p>\n","protected":false},"excerpt":{"rendered":"<p>SPECYFIKACJA<\/p>\n<ul>\n<li>Stan: nowe<\/li>\n<li>Materia\u0142: ceramika<\/li>\n<li>Kolor : srebrny, lustrzany<\/li>\n<li>Wymiary: ok 115x100mm<\/li>\n<\/ul>\n","protected":false},"featured_media":5371,"comment_status":"open","ping_status":"closed","template":"","meta":[],"product_brand":[],"product_cat":[106,148,91,273,84,360],"product_tag":[],"class_list":{"0":"post-5370","1":"product","2":"type-product","3":"status-publish","4":"has-post-thumbnail","6":"product_cat-srebrny","7":"product_cat-akcesoria-magiczne","8":"product_cat-kolor","9":"product_cat-kominki-i-podstawki","10":"product_cat-sklep-ezoteryczny","11":"product_cat-z-ceramiki","12":"product_shipping_class-rozmiar-xl","14":"first","15":"instock","16":"shipping-taxable","17":"purchasable","18":"product-type-simple"},"_links":{"self":[{"href":"https:\/\/izoteryk.pl\/index.php?rest_route=\/wp\/v2\/product\/5370","targetHints":{"allow":["GET"]}}],"collection":[{"href":"https:\/\/izoteryk.pl\/index.php?rest_route=\/wp\/v2\/product"}],"about":[{"href":"https:\/\/izoteryk.pl\/index.php?rest_route=\/wp\/v2\/types\/product"}],"replies":[{"embeddable":true,"href":"https:\/\/izoteryk.pl\/index.php?rest_route=%2Fwp%2Fv2%2Fcomments&post=5370"}],"wp:featuredmedia":[{"embeddable":true,"href":"https:\/\/izoteryk.pl\/index.php?rest_route=\/wp\/v2\/media\/5371"}],"wp:attachment":[{"href":"https:\/\/izoteryk.pl\/index.php?rest_route=%2Fwp%2Fv2%2Fmedia&parent=5370"}],"wp:term":[{"taxonomy":"product_brand","embeddable":true,"href":"https:\/\/izoteryk.pl\/index.php?rest_route=%2Fwp%2Fv2%2Fproduct_brand&post=5370"},{"taxonomy":"product_cat","embeddable":true,"href":"https:\/\/izoteryk.pl\/index.php?rest_route=%2Fwp%2Fv2%2Fproduct_cat&post=5370"},{"taxonomy":"product_tag","embeddable":true,"href":"https:\/\/izoteryk.pl\/index.php?rest_route=%2Fwp%2Fv2%2Fproduct_tag&post=5370"}],"curies":[{"name":"wp","href":"https:\/\/api.w.org\/{rel}","templated":true}]}}