{"id":5368,"date":"2024-04-18T00:09:36","date_gmt":"2024-04-17T22:09:36","guid":{"rendered":"https:\/\/izoteryk.pl\/?post_type=product&#038;p=5368"},"modified":"2026-01-28T17:42:17","modified_gmt":"2026-01-28T16:42:17","slug":"swieczki-typu-tea-light-7-czakr","status":"publish","type":"product","link":"https:\/\/izoteryk.pl\/?product=swieczki-typu-tea-light-7-czakr","title":{"rendered":"\u015awieczki typu tea light &#8211; 7 czakr"},"content":{"rendered":"<p>\u015awieczki tea light z wosku sojowego w 7 r\u00f3\u017cnych kolorach &#8211; ka\u017cdy z kolor\u00f3w odpowiada jednej z siedmiu czakr<\/p>\n<p>Kolory \u015bwiec w zestawie wsp\u00f3\u0142graj\u0105 z kolorami siedmiu czakr, dlatego mo\u017cna ich u\u017cy\u0107 do oczyszczenia i r\u00f3wnowa\u017cenia centr energetycznych<\/p>\n<ul>\n<li>Czakra podstawy: czerwony<\/li>\n<li>Czakra sakralna: pomara\u0144czowy<\/li>\n<li>Czakra splotu s\u0142onecznego: \u017c\u00f3\u0142ty<\/li>\n<li>Czakra serca: r\u00f3\u017cowy albo zielony<\/li>\n<li>Czakra gard\u0142a: jasno niebieski<\/li>\n<li>Czakra trzeciego oka: ciemno niebieski lub fioletowy<\/li>\n<li>Czakra korony: fioletowy lub bia\u0142y<\/li>\n<\/ul>\n<p>Uwaga! Kolory \u015bwieczek mog\u0105 r\u00f3\u017cni\u0107 si\u0119 od tych, kt\u00f3re wida\u0107 na zdj\u0119ciu ze wzgl\u0119du na r\u00f3\u017cne ustawienia odtwarzaczy a tak\u017ce mo\u017cliwo\u015bci aparatu, kt\u00f3rym zosta\u0142y sfotografowane<\/p>\n<p>&nbsp;<\/p>\n<p>&nbsp;<\/p>\n<p>&nbsp;<\/p>\n","protected":false},"excerpt":{"rendered":"<p>SPECYFIKACJA<\/p>\n<ul>\n<li>Materia\u0142: wosk sojowy<\/li>\n<li>Knot: bawe\u0142niany<\/li>\n<li>Wymiary jednego tea lighta: ok 38x15mm<\/li>\n<li>Czas palenia: ok 2-3h<\/li>\n<li>Ilo\u015b\u0107 \u015bwieczek w opakowaniu: 7<\/li>\n<\/ul>\n","protected":false},"featured_media":5369,"comment_status":"open","ping_status":"closed","template":"","meta":[],"product_brand":[],"product_cat":[176,139,278,96,178,102,93,148,91,84,171,361],"product_tag":[],"class_list":{"0":"post-5368","1":"product","2":"type-product","3":"status-publish","4":"has-post-thumbnail","6":"product_cat-czerwony","7":"product_cat-fioletowy","8":"product_cat-multikolor","9":"product_cat-niebieski","10":"product_cat-pomaranczowy","11":"product_cat-zielony","12":"product_cat-zolty","13":"product_cat-akcesoria-magiczne","14":"product_cat-kolor","15":"product_cat-sklep-ezoteryczny","16":"product_cat-swieczki","17":"product_cat-z-wosku-sojowego","19":"first","20":"instock","21":"shipping-taxable","22":"purchasable","23":"product-type-simple"},"_links":{"self":[{"href":"https:\/\/izoteryk.pl\/index.php?rest_route=\/wp\/v2\/product\/5368","targetHints":{"allow":["GET"]}}],"collection":[{"href":"https:\/\/izoteryk.pl\/index.php?rest_route=\/wp\/v2\/product"}],"about":[{"href":"https:\/\/izoteryk.pl\/index.php?rest_route=\/wp\/v2\/types\/product"}],"replies":[{"embeddable":true,"href":"https:\/\/izoteryk.pl\/index.php?rest_route=%2Fwp%2Fv2%2Fcomments&post=5368"}],"wp:featuredmedia":[{"embeddable":true,"href":"https:\/\/izoteryk.pl\/index.php?rest_route=\/wp\/v2\/media\/5369"}],"wp:attachment":[{"href":"https:\/\/izoteryk.pl\/index.php?rest_route=%2Fwp%2Fv2%2Fmedia&parent=5368"}],"wp:term":[{"taxonomy":"product_brand","embeddable":true,"href":"https:\/\/izoteryk.pl\/index.php?rest_route=%2Fwp%2Fv2%2Fproduct_brand&post=5368"},{"taxonomy":"product_cat","embeddable":true,"href":"https:\/\/izoteryk.pl\/index.php?rest_route=%2Fwp%2Fv2%2Fproduct_cat&post=5368"},{"taxonomy":"product_tag","embeddable":true,"href":"https:\/\/izoteryk.pl\/index.php?rest_route=%2Fwp%2Fv2%2Fproduct_tag&post=5368"}],"curies":[{"name":"wp","href":"https:\/\/api.w.org\/{rel}","templated":true}]}}