{"id":5360,"date":"2024-04-17T22:39:08","date_gmt":"2024-04-17T20:39:08","guid":{"rendered":"https:\/\/izoteryk.pl\/?post_type=product&#038;p=5360"},"modified":"2026-02-18T15:18:29","modified_gmt":"2026-02-18T14:18:29","slug":"niebieska-swieczka-tea-light-z-wosku-sojowego","status":"publish","type":"product","link":"https:\/\/izoteryk.pl\/?product=niebieska-swieczka-tea-light-z-wosku-sojowego","title":{"rendered":"Niebieska \u015bwieczka &#8211; tea light &#8211; z wosku sojowego"},"content":{"rendered":"<p>\u015awieczka z naturalnego wosku sojowego zalewana r\u0119cznie w domowym zaciszu pracowni JokerStones Candle. Knoty do tych \u015bwiec s\u0105 r\u0119cznie nak\u0142adane na blaszki i impregnowane woskiem sojowym.<\/p>\n<p>Niebieski kolor wykorzystywany jest w magii do rytua\u0142\u00f3w zwi\u0105zanych z trzecim okiem, jasnowidzeniem a tak\u017ce z pozbywaniem si\u0119 z\u0142ych duch\u00f3w, poniewa\u017c kolor ten symbolizuje Archanio\u0142a Micha\u0142a, z tego wzgl\u0119du mo\u017cna ten rodzaj \u015bwiecy wykorzysta\u0107 podczas egzorcyzm\u00f3w.<\/p>\n<p>Uwaga! Kolor \u015bwiecy mo\u017ce nieznacznie si\u0119 r\u00f3\u017cni\u0107 od koloru pokazanego na zdj\u0119ciu.<\/p>\n<p>Istnieje mo\u017cliwo\u015b\u0107 zam\u00f3wienia wi\u0119kszej ilo\u015bci \u015bwiec ni\u017c pokazuje stan magazynowy. Je\u015bli zamierzasz przyjecha\u0107 po \u015bwieczki osobi\u015bcie upewnij si\u0119, czy ilo\u015b\u0107 jak\u0105 potrzebujesz jest dost\u0119pna od r\u0119ki.<\/p>\n<p>&nbsp;<\/p>\n","protected":false},"excerpt":{"rendered":"<p>SPECYFIKACJA<\/p>\n<ul>\n<li>Materia\u0142: wosk sojowy<\/li>\n<li>Knot: bawe\u0142niany<\/li>\n<li>Wymiary: ok 38x15mm<\/li>\n<li>Czas palenia: ok 2-3h<\/li>\n<\/ul>\n","protected":false},"featured_media":5361,"comment_status":"open","ping_status":"closed","template":"","meta":[],"product_brand":[],"product_cat":[96,148,91,272,172,84,171,361],"product_tag":[],"class_list":{"0":"post-5360","1":"product","2":"type-product","3":"status-publish","4":"has-post-thumbnail","6":"product_cat-niebieski","7":"product_cat-akcesoria-magiczne","8":"product_cat-kolor","9":"product_cat-medytacja","10":"product_cat-podgrzewacze","11":"product_cat-sklep-ezoteryczny","12":"product_cat-swieczki","13":"product_cat-z-wosku-sojowego","15":"first","16":"instock","17":"shipping-taxable","18":"purchasable","19":"product-type-simple"},"_links":{"self":[{"href":"https:\/\/izoteryk.pl\/index.php?rest_route=\/wp\/v2\/product\/5360","targetHints":{"allow":["GET"]}}],"collection":[{"href":"https:\/\/izoteryk.pl\/index.php?rest_route=\/wp\/v2\/product"}],"about":[{"href":"https:\/\/izoteryk.pl\/index.php?rest_route=\/wp\/v2\/types\/product"}],"replies":[{"embeddable":true,"href":"https:\/\/izoteryk.pl\/index.php?rest_route=%2Fwp%2Fv2%2Fcomments&post=5360"}],"wp:featuredmedia":[{"embeddable":true,"href":"https:\/\/izoteryk.pl\/index.php?rest_route=\/wp\/v2\/media\/5361"}],"wp:attachment":[{"href":"https:\/\/izoteryk.pl\/index.php?rest_route=%2Fwp%2Fv2%2Fmedia&parent=5360"}],"wp:term":[{"taxonomy":"product_brand","embeddable":true,"href":"https:\/\/izoteryk.pl\/index.php?rest_route=%2Fwp%2Fv2%2Fproduct_brand&post=5360"},{"taxonomy":"product_cat","embeddable":true,"href":"https:\/\/izoteryk.pl\/index.php?rest_route=%2Fwp%2Fv2%2Fproduct_cat&post=5360"},{"taxonomy":"product_tag","embeddable":true,"href":"https:\/\/izoteryk.pl\/index.php?rest_route=%2Fwp%2Fv2%2Fproduct_tag&post=5360"}],"curies":[{"name":"wp","href":"https:\/\/api.w.org\/{rel}","templated":true}]}}