{"id":5341,"date":"2024-04-11T15:07:39","date_gmt":"2024-04-11T13:07:39","guid":{"rendered":"https:\/\/izoteryk.pl\/?post_type=product&#038;p=5341"},"modified":"2026-02-18T15:25:10","modified_gmt":"2026-02-18T14:25:10","slug":"zielona-swieczka-tea-light-z-wosku-sojowego","status":"publish","type":"product","link":"https:\/\/izoteryk.pl\/?product=zielona-swieczka-tea-light-z-wosku-sojowego","title":{"rendered":"Zielona \u015bwieczka &#8211; tea light &#8211; z wosku sojowego"},"content":{"rendered":"<p>\u015awieczka z naturalnego wosku sojowego zalewana r\u0119cznie w domowym zaciszu pracowni JokerStones Candle. Knoty do tych \u015bwiec s\u0105 r\u0119cznie nak\u0142adane na blaszki i impregnowane woskiem sojowym.<\/p>\n<p>W bia\u0142ej magii zielonej \u015bwieczki u\u017cywa si\u0119 do rytua\u0142\u00f3w zwi\u0105zanych ze zdrowiem i obfito\u015bci\u0105<\/p>\n<p>Zielony to kolor czakry czwartej \u2013 tak zwanej czakry serca.<\/p>\n<p>Kolor ten symbolizuje r\u00f3wnie\u017c Archanio\u0142a Rafaela, kt\u00f3ry jest uwa\u017cany za boskiego uzdrowiciela.<\/p>\n<p>Uwaga! Kolory \u015bwieczek mog\u0105 r\u00f3\u017cni\u0107 si\u0119 od tych, kt\u00f3re wida\u0107 na zdj\u0119ciu ze wzgl\u0119du na r\u00f3\u017cne ustawienia sprz\u0119t\u00f3w a tak\u017ce mo\u017cliwo\u015bci aparatu, kt\u00f3rym zosta\u0142y sfotografowane, r\u00f3wnie\u017c partie z r\u00f3\u017cnych dostaw mog\u0105 te\u017c r\u00f3\u017cni\u0107 si\u0119 odcieniami.<\/p>\n","protected":false},"excerpt":{"rendered":"<p>SPECYFIKACJA<\/p>\n<ul>\n<li>Materia\u0142: wosk sojowy<\/li>\n<li>Knot: bawe\u0142niany<\/li>\n<li>Wymiary: ok 38x15mm<\/li>\n<li>Czas palenia: ok 3h<\/li>\n<\/ul>\n","protected":false},"featured_media":5342,"comment_status":"open","ping_status":"closed","template":"","meta":[],"product_brand":[],"product_cat":[113,204,112,102,148,91,272,172,84,171,361],"product_tag":[],"class_list":{"0":"post-5341","1":"product","2":"type-product","3":"status-publish","4":"has-post-thumbnail","6":"product_cat-bogactwo","7":"product_cat-obfitosc","8":"product_cat-zdrowie","9":"product_cat-zielony","10":"product_cat-akcesoria-magiczne","11":"product_cat-kolor","12":"product_cat-medytacja","13":"product_cat-podgrzewacze","14":"product_cat-sklep-ezoteryczny","15":"product_cat-swieczki","16":"product_cat-z-wosku-sojowego","18":"first","19":"instock","20":"shipping-taxable","21":"purchasable","22":"product-type-simple"},"_links":{"self":[{"href":"https:\/\/izoteryk.pl\/index.php?rest_route=\/wp\/v2\/product\/5341","targetHints":{"allow":["GET"]}}],"collection":[{"href":"https:\/\/izoteryk.pl\/index.php?rest_route=\/wp\/v2\/product"}],"about":[{"href":"https:\/\/izoteryk.pl\/index.php?rest_route=\/wp\/v2\/types\/product"}],"replies":[{"embeddable":true,"href":"https:\/\/izoteryk.pl\/index.php?rest_route=%2Fwp%2Fv2%2Fcomments&post=5341"}],"wp:featuredmedia":[{"embeddable":true,"href":"https:\/\/izoteryk.pl\/index.php?rest_route=\/wp\/v2\/media\/5342"}],"wp:attachment":[{"href":"https:\/\/izoteryk.pl\/index.php?rest_route=%2Fwp%2Fv2%2Fmedia&parent=5341"}],"wp:term":[{"taxonomy":"product_brand","embeddable":true,"href":"https:\/\/izoteryk.pl\/index.php?rest_route=%2Fwp%2Fv2%2Fproduct_brand&post=5341"},{"taxonomy":"product_cat","embeddable":true,"href":"https:\/\/izoteryk.pl\/index.php?rest_route=%2Fwp%2Fv2%2Fproduct_cat&post=5341"},{"taxonomy":"product_tag","embeddable":true,"href":"https:\/\/izoteryk.pl\/index.php?rest_route=%2Fwp%2Fv2%2Fproduct_tag&post=5341"}],"curies":[{"name":"wp","href":"https:\/\/api.w.org\/{rel}","templated":true}]}}