{"id":5336,"date":"2024-04-11T14:51:31","date_gmt":"2024-04-11T12:51:31","guid":{"rendered":"https:\/\/izoteryk.pl\/?post_type=product&#038;p=5336"},"modified":"2026-02-18T15:28:58","modified_gmt":"2026-02-18T14:28:58","slug":"swieczka-tea-light-z-wosku-sojowego-kolor-piaskowy","status":"publish","type":"product","link":"https:\/\/izoteryk.pl\/?product=swieczka-tea-light-z-wosku-sojowego-kolor-piaskowy","title":{"rendered":"\u015awieca &#8211; tea light &#8211; z wosku sojowego &#8211; kolor piaskowy"},"content":{"rendered":"<p>\u015awieczka z naturalnego wosku sojowego zalewana r\u0119cznie w domowym zaciszu pracowni JokerStones Candle. Knoty do tych \u015bwiec s\u0105 r\u0119cznie nak\u0142adane na blaszki i impregnowane woskiem sojowym.<\/p>\n<p>&nbsp;<\/p>\n","protected":false},"excerpt":{"rendered":"<p>SPECYFIKACJA<\/p>\n<ul>\n<li>Materia\u0142: wosk sojowy<\/li>\n<li>Knot: bawe\u0142niany<\/li>\n<li>Wymiary: ok 38x15mm<\/li>\n<li>Czas palenia: ok 3h<\/li>\n<\/ul>\n","protected":false},"featured_media":5337,"comment_status":"open","ping_status":"closed","template":"","meta":[],"product_brand":[],"product_cat":[325,148,91,272,172,84,171,361],"product_tag":[],"class_list":{"0":"post-5336","1":"product","2":"type-product","3":"status-publish","4":"has-post-thumbnail","6":"product_cat-musztardowy","7":"product_cat-akcesoria-magiczne","8":"product_cat-kolor","9":"product_cat-medytacja","10":"product_cat-podgrzewacze","11":"product_cat-sklep-ezoteryczny","12":"product_cat-swieczki","13":"product_cat-z-wosku-sojowego","15":"first","16":"instock","17":"shipping-taxable","18":"purchasable","19":"product-type-simple"},"_links":{"self":[{"href":"https:\/\/izoteryk.pl\/index.php?rest_route=\/wp\/v2\/product\/5336","targetHints":{"allow":["GET"]}}],"collection":[{"href":"https:\/\/izoteryk.pl\/index.php?rest_route=\/wp\/v2\/product"}],"about":[{"href":"https:\/\/izoteryk.pl\/index.php?rest_route=\/wp\/v2\/types\/product"}],"replies":[{"embeddable":true,"href":"https:\/\/izoteryk.pl\/index.php?rest_route=%2Fwp%2Fv2%2Fcomments&post=5336"}],"wp:featuredmedia":[{"embeddable":true,"href":"https:\/\/izoteryk.pl\/index.php?rest_route=\/wp\/v2\/media\/5337"}],"wp:attachment":[{"href":"https:\/\/izoteryk.pl\/index.php?rest_route=%2Fwp%2Fv2%2Fmedia&parent=5336"}],"wp:term":[{"taxonomy":"product_brand","embeddable":true,"href":"https:\/\/izoteryk.pl\/index.php?rest_route=%2Fwp%2Fv2%2Fproduct_brand&post=5336"},{"taxonomy":"product_cat","embeddable":true,"href":"https:\/\/izoteryk.pl\/index.php?rest_route=%2Fwp%2Fv2%2Fproduct_cat&post=5336"},{"taxonomy":"product_tag","embeddable":true,"href":"https:\/\/izoteryk.pl\/index.php?rest_route=%2Fwp%2Fv2%2Fproduct_tag&post=5336"}],"curies":[{"name":"wp","href":"https:\/\/api.w.org\/{rel}","templated":true}]}}