{"id":5334,"date":"2024-04-11T14:36:31","date_gmt":"2024-04-11T12:36:31","guid":{"rendered":"https:\/\/izoteryk.pl\/?post_type=product&#038;p=5334"},"modified":"2026-02-18T15:31:56","modified_gmt":"2026-02-18T14:31:56","slug":"czarna-swieczka-tea-light-z-wosku-sojowego","status":"publish","type":"product","link":"https:\/\/izoteryk.pl\/?product=czarna-swieczka-tea-light-z-wosku-sojowego","title":{"rendered":"Czarna \u015bwieca &#8211; tea light &#8211; z wosku sojowego"},"content":{"rendered":"<p>\u015awieczka z naturalnego wosku sojowego zalewana r\u0119cznie w domowym zaciszu pracowni JokerStones Candle. Knoty do tych \u015bwiec s\u0105 r\u0119cznie nak\u0142adane na blaszki i impregnowane woskiem sojowym.<\/p>\n<p>Czarnej \u015bwieczki mo\u017cna u\u017cy\u0107 do pozbycia si\u0119 problemu &#8211; cz\u0119sto \u015bwiece w tym kolorze zapalane s\u0105 podczas nowiu.<\/p>\n","protected":false},"excerpt":{"rendered":"<p>SPECYFIKACJA<\/p>\n<ul>\n<li>Materia\u0142: wosk sojowy<\/li>\n<li>Knot: bawe\u0142niany<\/li>\n<li>Wymiary: ok 38x15mm<\/li>\n<li>Czas palenia: ok 3h<\/li>\n<\/ul>\n","protected":false},"featured_media":5335,"comment_status":"open","ping_status":"closed","template":"","meta":[],"product_brand":[],"product_cat":[92,186,244,148,91,272,172,174,84,171,361],"product_tag":[],"class_list":{"0":"post-5334","1":"product","2":"type-product","3":"status-publish","4":"has-post-thumbnail","6":"product_cat-czarny-kolor","7":"product_cat-pozbywanie-sie-problemu","8":"product_cat-usuwanie-przeszkod","9":"product_cat-akcesoria-magiczne","10":"product_cat-kolor","11":"product_cat-medytacja","12":"product_cat-podgrzewacze","13":"product_cat-pozbywanie-sie-blokad","14":"product_cat-sklep-ezoteryczny","15":"product_cat-swieczki","16":"product_cat-z-wosku-sojowego","18":"first","19":"instock","20":"shipping-taxable","21":"purchasable","22":"product-type-simple"},"_links":{"self":[{"href":"https:\/\/izoteryk.pl\/index.php?rest_route=\/wp\/v2\/product\/5334","targetHints":{"allow":["GET"]}}],"collection":[{"href":"https:\/\/izoteryk.pl\/index.php?rest_route=\/wp\/v2\/product"}],"about":[{"href":"https:\/\/izoteryk.pl\/index.php?rest_route=\/wp\/v2\/types\/product"}],"replies":[{"embeddable":true,"href":"https:\/\/izoteryk.pl\/index.php?rest_route=%2Fwp%2Fv2%2Fcomments&post=5334"}],"wp:featuredmedia":[{"embeddable":true,"href":"https:\/\/izoteryk.pl\/index.php?rest_route=\/wp\/v2\/media\/5335"}],"wp:attachment":[{"href":"https:\/\/izoteryk.pl\/index.php?rest_route=%2Fwp%2Fv2%2Fmedia&parent=5334"}],"wp:term":[{"taxonomy":"product_brand","embeddable":true,"href":"https:\/\/izoteryk.pl\/index.php?rest_route=%2Fwp%2Fv2%2Fproduct_brand&post=5334"},{"taxonomy":"product_cat","embeddable":true,"href":"https:\/\/izoteryk.pl\/index.php?rest_route=%2Fwp%2Fv2%2Fproduct_cat&post=5334"},{"taxonomy":"product_tag","embeddable":true,"href":"https:\/\/izoteryk.pl\/index.php?rest_route=%2Fwp%2Fv2%2Fproduct_tag&post=5334"}],"curies":[{"name":"wp","href":"https:\/\/api.w.org\/{rel}","templated":true}]}}