{"id":5328,"date":"2024-04-06T23:21:31","date_gmt":"2024-04-06T21:21:31","guid":{"rendered":"https:\/\/izoteryk.pl\/?post_type=product&#038;p=5328"},"modified":"2026-02-18T15:44:18","modified_gmt":"2026-02-18T14:44:18","slug":"rozowa-swieczka-tea-light-z-wosku-sojowego","status":"publish","type":"product","link":"https:\/\/izoteryk.pl\/?product=rozowa-swieczka-tea-light-z-wosku-sojowego","title":{"rendered":"R\u00f3\u017cowa \u015bwieca &#8211; tea light &#8211; z wosku sojowego"},"content":{"rendered":"<p>\u015awieczka, podgrzewacz z naturalnego wosku sojowego zalewana r\u0119cznie w domowym zaciszu pracowni JokerStones Candle. Knoty do tych \u015bwiec s\u0105 r\u0119cznie nak\u0142adane na blaszki i impregnowane woskiem sojowym.<\/p>\n<p>W bia\u0142ej magii r\u00f3\u017cowej \u015bwieczki u\u017cywa si\u0119 do rytua\u0142\u00f3w zwi\u0105zanych z mi\u0142o\u015bci\u0105 romantyczn\u0105 oraz przyja\u017ani\u0105.<\/p>\n<p>R\u00f3\u017cowy to kolor czakry czwartej \u2013 tak zwanej czakry serca.<\/p>\n<p>Jest to te\u017c kolor symbolizuj\u0105cy Archanio\u0142a Chamuela, kt\u00f3ry jest odpowiedzialny za czyst\u0105 mi\u0142o\u015b\u0107 i szczer\u0105 przyja\u017a\u0144.<\/p>\n","protected":false},"excerpt":{"rendered":"<p>SPECYFIKACJA<\/p>\n<ul>\n<li>Materia\u0142: wosk sojowy<\/li>\n<li>Knot: bawe\u0142niany<\/li>\n<li>Wymiary: ok 38x15mm<\/li>\n<li>Czas palenia: ok 3h<\/li>\n<\/ul>\n","protected":false},"featured_media":5329,"comment_status":"open","ping_status":"closed","template":"","meta":[],"product_brand":[],"product_cat":[85,120,148,91,272,172,84,171,361],"product_tag":[],"class_list":{"0":"post-5328","1":"product","2":"type-product","3":"status-publish","4":"has-post-thumbnail","6":"product_cat-milosc","7":"product_cat-rozowy","8":"product_cat-akcesoria-magiczne","9":"product_cat-kolor","10":"product_cat-medytacja","11":"product_cat-podgrzewacze","12":"product_cat-sklep-ezoteryczny","13":"product_cat-swieczki","14":"product_cat-z-wosku-sojowego","16":"first","17":"instock","18":"shipping-taxable","19":"purchasable","20":"product-type-simple"},"_links":{"self":[{"href":"https:\/\/izoteryk.pl\/index.php?rest_route=\/wp\/v2\/product\/5328","targetHints":{"allow":["GET"]}}],"collection":[{"href":"https:\/\/izoteryk.pl\/index.php?rest_route=\/wp\/v2\/product"}],"about":[{"href":"https:\/\/izoteryk.pl\/index.php?rest_route=\/wp\/v2\/types\/product"}],"replies":[{"embeddable":true,"href":"https:\/\/izoteryk.pl\/index.php?rest_route=%2Fwp%2Fv2%2Fcomments&post=5328"}],"wp:featuredmedia":[{"embeddable":true,"href":"https:\/\/izoteryk.pl\/index.php?rest_route=\/wp\/v2\/media\/5329"}],"wp:attachment":[{"href":"https:\/\/izoteryk.pl\/index.php?rest_route=%2Fwp%2Fv2%2Fmedia&parent=5328"}],"wp:term":[{"taxonomy":"product_brand","embeddable":true,"href":"https:\/\/izoteryk.pl\/index.php?rest_route=%2Fwp%2Fv2%2Fproduct_brand&post=5328"},{"taxonomy":"product_cat","embeddable":true,"href":"https:\/\/izoteryk.pl\/index.php?rest_route=%2Fwp%2Fv2%2Fproduct_cat&post=5328"},{"taxonomy":"product_tag","embeddable":true,"href":"https:\/\/izoteryk.pl\/index.php?rest_route=%2Fwp%2Fv2%2Fproduct_tag&post=5328"}],"curies":[{"name":"wp","href":"https:\/\/api.w.org\/{rel}","templated":true}]}}