{"id":5324,"date":"2024-04-06T22:41:51","date_gmt":"2024-04-06T20:41:51","guid":{"rendered":"https:\/\/izoteryk.pl\/?post_type=product&#038;p=5324"},"modified":"2026-01-28T17:42:17","modified_gmt":"2026-01-28T16:42:17","slug":"kominek-ceramiczny-do-olejkow-zapachowych-5","status":"publish","type":"product","link":"https:\/\/izoteryk.pl\/?product=kominek-ceramiczny-do-olejkow-zapachowych-5","title":{"rendered":"Kominek ceramiczny do olejk\u00f3w zapachowych"},"content":{"rendered":"<p>Ma\u0142y, zgrabny, ceramiczny kominek do olejk\u00f3w zapachowych i eterycznych<\/p>\n<p>&nbsp;<\/p>\n","protected":false},"excerpt":{"rendered":"<p>SPECYFIKACJA<\/p>\n<ul>\n<li>Stan: nowe<\/li>\n<li>Materia\u0142: ceramika<\/li>\n<li>Kolor : czarny<\/li>\n<li>Wymiary: ok 80x75mm<\/li>\n<\/ul>\n","protected":false},"featured_media":5325,"comment_status":"open","ping_status":"closed","template":"","meta":[],"product_brand":[],"product_cat":[102,148,91,273,84,360],"product_tag":[],"class_list":{"0":"post-5324","1":"product","2":"type-product","3":"status-publish","4":"has-post-thumbnail","6":"product_cat-zielony","7":"product_cat-akcesoria-magiczne","8":"product_cat-kolor","9":"product_cat-kominki-i-podstawki","10":"product_cat-sklep-ezoteryczny","11":"product_cat-z-ceramiki","12":"product_shipping_class-rozmiar-xl","14":"first","15":"instock","16":"shipping-taxable","17":"purchasable","18":"product-type-simple"},"_links":{"self":[{"href":"https:\/\/izoteryk.pl\/index.php?rest_route=\/wp\/v2\/product\/5324","targetHints":{"allow":["GET"]}}],"collection":[{"href":"https:\/\/izoteryk.pl\/index.php?rest_route=\/wp\/v2\/product"}],"about":[{"href":"https:\/\/izoteryk.pl\/index.php?rest_route=\/wp\/v2\/types\/product"}],"replies":[{"embeddable":true,"href":"https:\/\/izoteryk.pl\/index.php?rest_route=%2Fwp%2Fv2%2Fcomments&post=5324"}],"wp:featuredmedia":[{"embeddable":true,"href":"https:\/\/izoteryk.pl\/index.php?rest_route=\/wp\/v2\/media\/5325"}],"wp:attachment":[{"href":"https:\/\/izoteryk.pl\/index.php?rest_route=%2Fwp%2Fv2%2Fmedia&parent=5324"}],"wp:term":[{"taxonomy":"product_brand","embeddable":true,"href":"https:\/\/izoteryk.pl\/index.php?rest_route=%2Fwp%2Fv2%2Fproduct_brand&post=5324"},{"taxonomy":"product_cat","embeddable":true,"href":"https:\/\/izoteryk.pl\/index.php?rest_route=%2Fwp%2Fv2%2Fproduct_cat&post=5324"},{"taxonomy":"product_tag","embeddable":true,"href":"https:\/\/izoteryk.pl\/index.php?rest_route=%2Fwp%2Fv2%2Fproduct_tag&post=5324"}],"curies":[{"name":"wp","href":"https:\/\/api.w.org\/{rel}","templated":true}]}}