{"id":5296,"date":"2024-04-02T09:22:25","date_gmt":"2024-04-02T07:22:25","guid":{"rendered":"https:\/\/izoteryk.pl\/?post_type=product&#038;p=5296"},"modified":"2026-01-28T18:36:21","modified_gmt":"2026-01-28T17:36:21","slug":"wisiorek-z-kamienia-naturalnego-lawa-wulkaniczna-serce-20x20mm","status":"publish","type":"product","link":"https:\/\/izoteryk.pl\/?product=wisiorek-z-kamienia-naturalnego-lawa-wulkaniczna-serce-20x20mm","title":{"rendered":"Wisiorek z kamienia naturalnego \u2013 lawa wulkaniczna &#8211; serce 20x20mm"},"content":{"rendered":"<p>Pi\u0119kny wisiorek z naturalnego kamienia w kszta\u0142cie serca o wymiarach ok 20x20mm i grubo\u015bci 8mm, na naturalnym sznurku regulowanym bez zapi\u0119cia.<\/p>\n<p>Lawa wulkaniczna to kamie\u0144 r\u00f3wnowagi \u2013 zawiera w sobie wszystkie cztery \u017cywio\u0142y, dodatkowo zamienia negatywn\u0105 energi\u0119 w pozytywn\u0105, natomiast serce to symbol mi\u0142o\u015bci.<\/p>\n<p>Aby wisiorek m\u00f3g\u0142 dobrze pe\u0142ni\u0107 rol\u0119 amuletu, dobrze jest wpierw nada\u0107 mu znaczenie za pomoc\u0105 rytua\u0142u lub za pomoc\u0105 si\u0142y umys\u0142u, wyobra\u017ani, medytacji, b\u0105d\u017a s\u0142\u00f3w.<\/p>\n","protected":false},"excerpt":{"rendered":"<p>SPECYFIKACJA:<\/p>\n<ul>\n<li>Stan: nowe<\/li>\n<li>Kamie\u0144: Lawa wulkaniczna<\/li>\n<li>Kolor kamienia: czarny<\/li>\n<li>Wymiary kamienia: ok. 20x20x8mm<\/li>\n<li>Sznurek: naturalny, bawe\u0142niany<\/li>\n<li>Kolor sznurka: czarny<\/li>\n<li>D\u0142ugo\u015b\u0107 sznurka: regulowany<\/li>\n<\/ul>\n","protected":false},"featured_media":5297,"comment_status":"open","ping_status":"closed","template":"","meta":[],"product_brand":[],"product_cat":[92,116,114,106,34,86,87,91,103,132,84,108,38,83],"product_tag":[],"class_list":{"0":"post-5296","1":"product","2":"type-product","3":"status-publish","4":"has-post-thumbnail","6":"product_cat-czarny-kolor","7":"product_cat-oczyszczanie","8":"product_cat-rownowaga","9":"product_cat-srebrny","10":"product_cat-amulety-i-talizmany","11":"product_cat-bizuteria","12":"product_cat-kamien","13":"product_cat-kolor","14":"product_cat-lawa-wulkaniczna","15":"product_cat-serce","16":"product_cat-sklep-ezoteryczny","17":"product_cat-symbole","18":"product_cat-wisiorki","19":"product_cat-z-kamienia-amulety-i-talizmany","21":"first","22":"instock","23":"shipping-taxable","24":"purchasable","25":"product-type-simple"},"_links":{"self":[{"href":"https:\/\/izoteryk.pl\/index.php?rest_route=\/wp\/v2\/product\/5296","targetHints":{"allow":["GET"]}}],"collection":[{"href":"https:\/\/izoteryk.pl\/index.php?rest_route=\/wp\/v2\/product"}],"about":[{"href":"https:\/\/izoteryk.pl\/index.php?rest_route=\/wp\/v2\/types\/product"}],"replies":[{"embeddable":true,"href":"https:\/\/izoteryk.pl\/index.php?rest_route=%2Fwp%2Fv2%2Fcomments&post=5296"}],"wp:featuredmedia":[{"embeddable":true,"href":"https:\/\/izoteryk.pl\/index.php?rest_route=\/wp\/v2\/media\/5297"}],"wp:attachment":[{"href":"https:\/\/izoteryk.pl\/index.php?rest_route=%2Fwp%2Fv2%2Fmedia&parent=5296"}],"wp:term":[{"taxonomy":"product_brand","embeddable":true,"href":"https:\/\/izoteryk.pl\/index.php?rest_route=%2Fwp%2Fv2%2Fproduct_brand&post=5296"},{"taxonomy":"product_cat","embeddable":true,"href":"https:\/\/izoteryk.pl\/index.php?rest_route=%2Fwp%2Fv2%2Fproduct_cat&post=5296"},{"taxonomy":"product_tag","embeddable":true,"href":"https:\/\/izoteryk.pl\/index.php?rest_route=%2Fwp%2Fv2%2Fproduct_tag&post=5296"}],"curies":[{"name":"wp","href":"https:\/\/api.w.org\/{rel}","templated":true}]}}