{"id":5289,"date":"2024-03-26T12:07:21","date_gmt":"2024-03-26T11:07:21","guid":{"rendered":"https:\/\/izoteryk.pl\/?post_type=product&#038;p=5289"},"modified":"2026-01-28T18:36:21","modified_gmt":"2026-01-28T17:36:21","slug":"wisiorek-z-kamienia-naturalnego-howlit","status":"publish","type":"product","link":"https:\/\/izoteryk.pl\/?product=wisiorek-z-kamienia-naturalnego-howlit","title":{"rendered":"Wisiorek z kamienia naturalnego \u2013 howlit"},"content":{"rendered":"<p>Pi\u0119kny wisiorek z howlitu w kszta\u0142cie kropli, na sznurku z zapi\u0119ciem<\/p>\n<p>W\u0142a\u015bciwo\u015bci magiczne tego kamienia zwi\u0105zane s\u0105 z uspokojeniem my\u015bli i ze zr\u00f3wnowa\u017ceniem emocji, co wp\u0142ywa pozytywnie na rozbudzenie intuicji.<\/p>\n","protected":false},"excerpt":{"rendered":"<p>SPECYFIKACJA:<\/p>\n<ul>\n<li>Stan: nowe<\/li>\n<li>Kamie\u0144: howlit<\/li>\n<li>Kolor kamienia: ecru i odcienie be\u017cu<\/li>\n<li>Wymiary kamienia: ok. 25x15mm<\/li>\n<li>Sznurek: nylonowy<\/li>\n<li>Kolor sznurka: czarny<\/li>\n<li>D\u0142ugo\u015b\u0107 sznurka: ok 54 cm<\/li>\n<\/ul>\n","protected":false},"featured_media":5290,"comment_status":"open","ping_status":"closed","template":"","meta":[],"product_brand":[],"product_cat":[98,100,196,124,133,114,190,34,86,315,87,91,84,38,83],"product_tag":[],"class_list":{"0":"post-5289","1":"product","2":"type-product","3":"status-publish","4":"has-post-thumbnail","6":"product_cat-bezowy","7":"product_cat-bialy","8":"product_cat-ecru","9":"product_cat-harmonia","10":"product_cat-intuicja","11":"product_cat-rownowaga","12":"product_cat-spokoj","13":"product_cat-amulety-i-talizmany","14":"product_cat-bizuteria","15":"product_cat-howlit","16":"product_cat-kamien","17":"product_cat-kolor","18":"product_cat-sklep-ezoteryczny","19":"product_cat-wisiorki","20":"product_cat-z-kamienia-amulety-i-talizmany","22":"first","23":"instock","24":"shipping-taxable","25":"purchasable","26":"product-type-simple"},"_links":{"self":[{"href":"https:\/\/izoteryk.pl\/index.php?rest_route=\/wp\/v2\/product\/5289","targetHints":{"allow":["GET"]}}],"collection":[{"href":"https:\/\/izoteryk.pl\/index.php?rest_route=\/wp\/v2\/product"}],"about":[{"href":"https:\/\/izoteryk.pl\/index.php?rest_route=\/wp\/v2\/types\/product"}],"replies":[{"embeddable":true,"href":"https:\/\/izoteryk.pl\/index.php?rest_route=%2Fwp%2Fv2%2Fcomments&post=5289"}],"wp:featuredmedia":[{"embeddable":true,"href":"https:\/\/izoteryk.pl\/index.php?rest_route=\/wp\/v2\/media\/5290"}],"wp:attachment":[{"href":"https:\/\/izoteryk.pl\/index.php?rest_route=%2Fwp%2Fv2%2Fmedia&parent=5289"}],"wp:term":[{"taxonomy":"product_brand","embeddable":true,"href":"https:\/\/izoteryk.pl\/index.php?rest_route=%2Fwp%2Fv2%2Fproduct_brand&post=5289"},{"taxonomy":"product_cat","embeddable":true,"href":"https:\/\/izoteryk.pl\/index.php?rest_route=%2Fwp%2Fv2%2Fproduct_cat&post=5289"},{"taxonomy":"product_tag","embeddable":true,"href":"https:\/\/izoteryk.pl\/index.php?rest_route=%2Fwp%2Fv2%2Fproduct_tag&post=5289"}],"curies":[{"name":"wp","href":"https:\/\/api.w.org\/{rel}","templated":true}]}}