{"id":5276,"date":"2024-03-22T18:18:09","date_gmt":"2024-03-22T17:18:09","guid":{"rendered":"https:\/\/izoteryk.pl\/?post_type=product&#038;p=5276"},"modified":"2026-01-28T18:36:21","modified_gmt":"2026-01-28T17:36:21","slug":"wisiorek-z-kamienia-naturalnego-jaspis","status":"publish","type":"product","link":"https:\/\/izoteryk.pl\/?product=wisiorek-z-kamienia-naturalnego-jaspis","title":{"rendered":"Wisiorek z kamienia naturalnego \u2013 jaspis"},"content":{"rendered":"<p>Pi\u0119kny wisiorek z jaspisu w kszta\u0142cie r\u0105bu, na sznurku bez zapi\u0119cia i bez regulacji.<\/p>\n<p>W\u0142a\u015bciwo\u015bci magiczne: uspokaja, poprawia atmosfer\u0119, chroni.<\/p>\n","protected":false},"excerpt":{"rendered":"<p>SPECYFIKACJA:<\/p>\n<ul>\n<li>Stan: nowe<\/li>\n<li>Kamie\u0144: jaspis<\/li>\n<li>Kolor kamienia: odcienie br\u0105zu i be\u017cu<\/li>\n<li>Wymiary kamienia: ok. 30x15mm<\/li>\n<li>Kolor sznurka: czarny<\/li>\n<li>D\u0142ugo\u015b\u0107 sznurka: ok 65 cm<\/li>\n<\/ul>\n","protected":false},"featured_media":5277,"comment_status":"open","ping_status":"closed","template":"","meta":[],"product_brand":[],"product_cat":[94,124,107,110,114,190,34,208,86,97,87,91,84,38,83],"product_tag":[],"class_list":{"0":"post-5276","1":"product","2":"type-product","3":"status-publish","4":"has-post-thumbnail","6":"product_cat-brazowy","7":"product_cat-harmonia","8":"product_cat-ochrona","9":"product_cat-pokoj","10":"product_cat-rownowaga","11":"product_cat-spokoj","12":"product_cat-amulety-i-talizmany","13":"product_cat-astrologia","14":"product_cat-bizuteria","15":"product_cat-jaspis","16":"product_cat-kamien","17":"product_cat-kolor","18":"product_cat-sklep-ezoteryczny","19":"product_cat-wisiorki","20":"product_cat-z-kamienia-amulety-i-talizmany","22":"first","23":"instock","24":"shipping-taxable","25":"purchasable","26":"product-type-simple"},"_links":{"self":[{"href":"https:\/\/izoteryk.pl\/index.php?rest_route=\/wp\/v2\/product\/5276","targetHints":{"allow":["GET"]}}],"collection":[{"href":"https:\/\/izoteryk.pl\/index.php?rest_route=\/wp\/v2\/product"}],"about":[{"href":"https:\/\/izoteryk.pl\/index.php?rest_route=\/wp\/v2\/types\/product"}],"replies":[{"embeddable":true,"href":"https:\/\/izoteryk.pl\/index.php?rest_route=%2Fwp%2Fv2%2Fcomments&post=5276"}],"wp:featuredmedia":[{"embeddable":true,"href":"https:\/\/izoteryk.pl\/index.php?rest_route=\/wp\/v2\/media\/5277"}],"wp:attachment":[{"href":"https:\/\/izoteryk.pl\/index.php?rest_route=%2Fwp%2Fv2%2Fmedia&parent=5276"}],"wp:term":[{"taxonomy":"product_brand","embeddable":true,"href":"https:\/\/izoteryk.pl\/index.php?rest_route=%2Fwp%2Fv2%2Fproduct_brand&post=5276"},{"taxonomy":"product_cat","embeddable":true,"href":"https:\/\/izoteryk.pl\/index.php?rest_route=%2Fwp%2Fv2%2Fproduct_cat&post=5276"},{"taxonomy":"product_tag","embeddable":true,"href":"https:\/\/izoteryk.pl\/index.php?rest_route=%2Fwp%2Fv2%2Fproduct_tag&post=5276"}],"curies":[{"name":"wp","href":"https:\/\/api.w.org\/{rel}","templated":true}]}}