{"id":5270,"date":"2024-03-22T16:40:40","date_gmt":"2024-03-22T15:40:40","guid":{"rendered":"https:\/\/izoteryk.pl\/?post_type=product&#038;p=5270"},"modified":"2026-01-28T18:36:22","modified_gmt":"2026-01-28T17:36:22","slug":"wisiorek-z-kamienia-naturalnego-hematyt","status":"publish","type":"product","link":"https:\/\/izoteryk.pl\/?product=wisiorek-z-kamienia-naturalnego-hematyt","title":{"rendered":"Wisiorek z kamienia naturalnego \u2013 hematyt"},"content":{"rendered":"<p>Pi\u0119kny wisiorek z hematytu w kszta\u0142cie ko\u0142a, na regulowanym, naturalnym sznurku bawe\u0142nianym bez zapi\u0119cia<\/p>\n<p>hematyt kojarzony jest z ochron\u0105 i walk\u0105, a tak\u017ce z krwi\u0105, dlatego mo\u017ce dobrze wp\u0142ywa\u0107 na uk\u0142ad krwiono\u015bny, poza tym jest kamieniem oczyszczaj\u0105cym. Dawniej wojownicy nosili go podczas bitew &#8211; wierzyli, \u017ce doda im odwagi, b\u0119dzie ich chroni\u0142 i wspomaga\u0142 podczas walki.<\/p>\n<p>Kamie\u0144 ten jest odpowiedni dla os\u00f3b spod znaku Barana i Strzelca.<\/p>\n","protected":false},"excerpt":{"rendered":"<p>SPECYFIKACJA:<\/p>\n<ul>\n<li>Stan: nowe<\/li>\n<li>Kamie\u0144: hematyt<\/li>\n<li>Kolor kamienia: grafitowy<\/li>\n<li>Wymiary kamienia: ok. 25x25mm<\/li>\n<li>Sznurek: bawe\u0142niany<\/li>\n<li>Kolor sznurka: czarny<\/li>\n<\/ul>\n","protected":false},"featured_media":5271,"comment_status":"open","ping_status":"closed","template":"","meta":[],"product_brand":[],"product_cat":[92,136,107,232,202,112,210,218,34,208,86,135,87,91,84,38,83],"product_tag":[],"class_list":{"0":"post-5270","1":"product","2":"type-product","3":"status-publish","4":"has-post-thumbnail","6":"product_cat-czarny-kolor","7":"product_cat-grafitowy","8":"product_cat-ochrona","9":"product_cat-sila","10":"product_cat-stare-zloto","11":"product_cat-zdrowie","12":"product_cat-01-baran","13":"product_cat-09-strzelec","14":"product_cat-amulety-i-talizmany","15":"product_cat-astrologia","16":"product_cat-bizuteria","17":"product_cat-hematyt","18":"product_cat-kamien","19":"product_cat-kolor","20":"product_cat-sklep-ezoteryczny","21":"product_cat-wisiorki","22":"product_cat-z-kamienia-amulety-i-talizmany","24":"first","25":"instock","26":"featured","27":"shipping-taxable","28":"purchasable","29":"product-type-simple"},"_links":{"self":[{"href":"https:\/\/izoteryk.pl\/index.php?rest_route=\/wp\/v2\/product\/5270","targetHints":{"allow":["GET"]}}],"collection":[{"href":"https:\/\/izoteryk.pl\/index.php?rest_route=\/wp\/v2\/product"}],"about":[{"href":"https:\/\/izoteryk.pl\/index.php?rest_route=\/wp\/v2\/types\/product"}],"replies":[{"embeddable":true,"href":"https:\/\/izoteryk.pl\/index.php?rest_route=%2Fwp%2Fv2%2Fcomments&post=5270"}],"wp:featuredmedia":[{"embeddable":true,"href":"https:\/\/izoteryk.pl\/index.php?rest_route=\/wp\/v2\/media\/5271"}],"wp:attachment":[{"href":"https:\/\/izoteryk.pl\/index.php?rest_route=%2Fwp%2Fv2%2Fmedia&parent=5270"}],"wp:term":[{"taxonomy":"product_brand","embeddable":true,"href":"https:\/\/izoteryk.pl\/index.php?rest_route=%2Fwp%2Fv2%2Fproduct_brand&post=5270"},{"taxonomy":"product_cat","embeddable":true,"href":"https:\/\/izoteryk.pl\/index.php?rest_route=%2Fwp%2Fv2%2Fproduct_cat&post=5270"},{"taxonomy":"product_tag","embeddable":true,"href":"https:\/\/izoteryk.pl\/index.php?rest_route=%2Fwp%2Fv2%2Fproduct_tag&post=5270"}],"curies":[{"name":"wp","href":"https:\/\/api.w.org\/{rel}","templated":true}]}}