{"id":5251,"date":"2024-03-18T22:11:51","date_gmt":"2024-03-18T21:11:51","guid":{"rendered":"https:\/\/izoteryk.pl\/?post_type=product&#038;p=5251"},"modified":"2026-01-28T18:36:22","modified_gmt":"2026-01-28T17:36:22","slug":"miejskie-wiedzmy-claire","status":"publish","type":"product","link":"https:\/\/izoteryk.pl\/?product=miejskie-wiedzmy-claire","title":{"rendered":"Miejskie wied\u017amy &#8211; Claire"},"content":{"rendered":"<h1 class=\"book__title\">Magiczne rytua\u0142y, talizmany, miejsca mocy<\/h1>\n<p>&nbsp;<\/p>\n<p>Bardzo inspiruj\u0105ca ksi\u0105\u017cka, pe\u0142na wskaz\u00f3wek, pomys\u0142\u00f3w, gotowych przepis\u00f3w do wykorzystania w prostych rytua\u0142ach magicznych. Autorka otwiera oczy na r\u00f3\u017cne mo\u017cliwo\u015bci wykorzystania w aglomeracjach r\u00f3\u017cnych praktyk duchowych.<\/p>\n","protected":false},"excerpt":{"rendered":"<p>SPECYFIKACJA:<\/p>\n<ul>\n<li>Stan: nowe<\/li>\n<li>No\u015bnik: ksi\u0105\u017cka papierowa<\/li>\n<li>Ok\u0142adka: mi\u0119kka<\/li>\n<li>Wydawnictwo: Studio Astropsychologii<\/li>\n<li>Wydanie: pierwsze<\/li>\n<li>Rok wydania: 2017<\/li>\n<li>Wymiary: 20,5&#215;14,6cm<\/li>\n<li>Liczba stron: 194<\/li>\n<li>Tematyka: Magia miejska<\/li>\n<\/ul>\n","protected":false},"featured_media":5252,"comment_status":"open","ping_status":"closed","template":"","meta":[],"product_brand":[],"product_cat":[354,281,84],"product_tag":[],"class_list":{"0":"post-5251","1":"product","2":"type-product","3":"status-publish","4":"has-post-thumbnail","6":"product_cat-magia","7":"product_cat-ksiazki","8":"product_cat-sklep-ezoteryczny","10":"first","11":"instock","12":"shipping-taxable","13":"purchasable","14":"product-type-simple"},"_links":{"self":[{"href":"https:\/\/izoteryk.pl\/index.php?rest_route=\/wp\/v2\/product\/5251","targetHints":{"allow":["GET"]}}],"collection":[{"href":"https:\/\/izoteryk.pl\/index.php?rest_route=\/wp\/v2\/product"}],"about":[{"href":"https:\/\/izoteryk.pl\/index.php?rest_route=\/wp\/v2\/types\/product"}],"replies":[{"embeddable":true,"href":"https:\/\/izoteryk.pl\/index.php?rest_route=%2Fwp%2Fv2%2Fcomments&post=5251"}],"wp:featuredmedia":[{"embeddable":true,"href":"https:\/\/izoteryk.pl\/index.php?rest_route=\/wp\/v2\/media\/5252"}],"wp:attachment":[{"href":"https:\/\/izoteryk.pl\/index.php?rest_route=%2Fwp%2Fv2%2Fmedia&parent=5251"}],"wp:term":[{"taxonomy":"product_brand","embeddable":true,"href":"https:\/\/izoteryk.pl\/index.php?rest_route=%2Fwp%2Fv2%2Fproduct_brand&post=5251"},{"taxonomy":"product_cat","embeddable":true,"href":"https:\/\/izoteryk.pl\/index.php?rest_route=%2Fwp%2Fv2%2Fproduct_cat&post=5251"},{"taxonomy":"product_tag","embeddable":true,"href":"https:\/\/izoteryk.pl\/index.php?rest_route=%2Fwp%2Fv2%2Fproduct_tag&post=5251"}],"curies":[{"name":"wp","href":"https:\/\/api.w.org\/{rel}","templated":true}]}}