{"id":5247,"date":"2024-03-18T20:18:57","date_gmt":"2024-03-18T19:18:57","guid":{"rendered":"https:\/\/izoteryk.pl\/?post_type=product&#038;p=5247"},"modified":"2026-01-28T18:36:22","modified_gmt":"2026-01-28T17:36:22","slug":"swiatlo-eremity-natalia-stala","status":"publish","type":"product","link":"https:\/\/izoteryk.pl\/?product=swiatlo-eremity-natalia-stala","title":{"rendered":"\u015awiat\u0142o Eremity &#8211; Natalia Stala"},"content":{"rendered":"<h1 class=\"book__title\">czyli przewodnik po \u015bwiecie Tarota<\/h1>\n<p>&nbsp;<\/p>\n<p>W tym kompleksowym podr\u0119czniku Tarota czytelnik odnajdzie:<\/p>\n<p>sekret w\u0142a\u015bciwego podej\u015bcia do wr\u00f3\u017cenia, tasowania i rozk\u0142adania kart,<br \/>\nsymbolik\u0119 liczb, \u017cywio\u0142\u00f3w, ludzi i kolor\u00f3w,<br \/>\nfascynuj\u0105ce interpretacje kart czterech talii: Z\u0142otego Tarota, Tarota Thota, Tarota marsylskiego oraz Ridera Waite&#8217;a,<br \/>\npomocne przy odczytywaniu rozk\u0142ad\u00f3w s\u0142owa kluczowe,<br \/>\nwskaz\u00f3wki, jak odnale\u017a\u0107 w\u0142a\u015bciw\u0105 dla siebie tali\u0119 i zbudowa\u0107 w\u0142asn\u0105 \u015bcie\u017ck\u0119 tarocisty.<br \/>\nTarot w nowym \u015bwietle!<\/p>\n","protected":false},"excerpt":{"rendered":"<p>SPECYFIKACJA:<\/p>\n<ul>\n<li>Stan: nowe<\/li>\n<li>No\u015bnik: ksi\u0105\u017cka papierowa<\/li>\n<li>Ok\u0142adka: mi\u0119kka<\/li>\n<li>Wydawnictwo: Studio Astropsychologii<\/li>\n<li>Wydanie: pierwsze<\/li>\n<li>Rok wydania: 2018<\/li>\n<li>Wymiary: 20,5&#215;14,6cm<\/li>\n<li>Liczba stron: 198<\/li>\n<li>Tematyka: Podr\u0119cznik do nauki Tarota<\/li>\n<\/ul>\n","protected":false},"featured_media":5248,"comment_status":"open","ping_status":"closed","template":"","meta":[],"product_brand":[],"product_cat":[353,281,84],"product_tag":[286],"class_list":{"0":"post-5247","1":"product","2":"type-product","3":"status-publish","4":"has-post-thumbnail","6":"product_cat-tarot-ksiazki","7":"product_cat-ksiazki","8":"product_cat-sklep-ezoteryczny","9":"product_tag-patricia-darre","11":"first","12":"instock","13":"shipping-taxable","14":"purchasable","15":"product-type-simple"},"_links":{"self":[{"href":"https:\/\/izoteryk.pl\/index.php?rest_route=\/wp\/v2\/product\/5247","targetHints":{"allow":["GET"]}}],"collection":[{"href":"https:\/\/izoteryk.pl\/index.php?rest_route=\/wp\/v2\/product"}],"about":[{"href":"https:\/\/izoteryk.pl\/index.php?rest_route=\/wp\/v2\/types\/product"}],"replies":[{"embeddable":true,"href":"https:\/\/izoteryk.pl\/index.php?rest_route=%2Fwp%2Fv2%2Fcomments&post=5247"}],"wp:featuredmedia":[{"embeddable":true,"href":"https:\/\/izoteryk.pl\/index.php?rest_route=\/wp\/v2\/media\/5248"}],"wp:attachment":[{"href":"https:\/\/izoteryk.pl\/index.php?rest_route=%2Fwp%2Fv2%2Fmedia&parent=5247"}],"wp:term":[{"taxonomy":"product_brand","embeddable":true,"href":"https:\/\/izoteryk.pl\/index.php?rest_route=%2Fwp%2Fv2%2Fproduct_brand&post=5247"},{"taxonomy":"product_cat","embeddable":true,"href":"https:\/\/izoteryk.pl\/index.php?rest_route=%2Fwp%2Fv2%2Fproduct_cat&post=5247"},{"taxonomy":"product_tag","embeddable":true,"href":"https:\/\/izoteryk.pl\/index.php?rest_route=%2Fwp%2Fv2%2Fproduct_tag&post=5247"}],"curies":[{"name":"wp","href":"https:\/\/api.w.org\/{rel}","templated":true}]}}