{"id":5238,"date":"2024-03-15T18:14:47","date_gmt":"2024-03-15T17:14:47","guid":{"rendered":"https:\/\/izoteryk.pl\/?post_type=product&#038;p=5238"},"modified":"2026-01-28T18:41:23","modified_gmt":"2026-01-28T17:41:23","slug":"woreczek-z-organzy-bialy-w-zlote-gwiazdki-wymiary-13x18cm","status":"publish","type":"product","link":"https:\/\/izoteryk.pl\/?product=woreczek-z-organzy-bialy-w-zlote-gwiazdki-wymiary-13x18cm","title":{"rendered":"Woreczek z organzy &#8211; bia\u0142y w z\u0142ote gwiazdki &#8211; wymiary: 13x18cm"},"content":{"rendered":"<p>\u015aliczny woreczek z organzy w kolorze bia\u0142ym w z\u0142ote gwiazdki ze sznureczkami w kolorze z\u0142otym &#8211; uroczy.<\/p>\n<p>Woreczek mo\u017ce s\u0142u\u017cy\u0107 do przechowywania kart tarota, a tak\u017ce run, kamieni, wahade\u0142ek, bi\u017cuterii i innych drobiazg\u00f3w<\/p>\n<p>Oferta dotyczy 1 szt<\/p>\n","protected":false},"excerpt":{"rendered":"<p>SPECYFIKACJA:<\/p>\n<ul>\n<li>Stan: Nowy<\/li>\n<li>Materia\u0142: organza<\/li>\n<li>Kolor: bia\u0142y, z\u0142oty<\/li>\n<li>Wymiary: 13x18cm<\/li>\n<\/ul>\n","protected":false},"featured_media":5690,"comment_status":"open","ping_status":"closed","template":"","meta":[],"product_brand":[],"product_cat":[100,105,148,159,91,84,158],"product_tag":[],"class_list":{"0":"post-5238","1":"product","2":"type-product","3":"status-publish","4":"has-post-thumbnail","6":"product_cat-bialy","7":"product_cat-zloty","8":"product_cat-akcesoria-magiczne","9":"product_cat-gwiazda","10":"product_cat-kolor","11":"product_cat-sklep-ezoteryczny","12":"product_cat-woreczki","14":"first","15":"instock","16":"shipping-taxable","17":"purchasable","18":"product-type-simple"},"_links":{"self":[{"href":"https:\/\/izoteryk.pl\/index.php?rest_route=\/wp\/v2\/product\/5238","targetHints":{"allow":["GET"]}}],"collection":[{"href":"https:\/\/izoteryk.pl\/index.php?rest_route=\/wp\/v2\/product"}],"about":[{"href":"https:\/\/izoteryk.pl\/index.php?rest_route=\/wp\/v2\/types\/product"}],"replies":[{"embeddable":true,"href":"https:\/\/izoteryk.pl\/index.php?rest_route=%2Fwp%2Fv2%2Fcomments&post=5238"}],"wp:featuredmedia":[{"embeddable":true,"href":"https:\/\/izoteryk.pl\/index.php?rest_route=\/wp\/v2\/media\/5690"}],"wp:attachment":[{"href":"https:\/\/izoteryk.pl\/index.php?rest_route=%2Fwp%2Fv2%2Fmedia&parent=5238"}],"wp:term":[{"taxonomy":"product_brand","embeddable":true,"href":"https:\/\/izoteryk.pl\/index.php?rest_route=%2Fwp%2Fv2%2Fproduct_brand&post=5238"},{"taxonomy":"product_cat","embeddable":true,"href":"https:\/\/izoteryk.pl\/index.php?rest_route=%2Fwp%2Fv2%2Fproduct_cat&post=5238"},{"taxonomy":"product_tag","embeddable":true,"href":"https:\/\/izoteryk.pl\/index.php?rest_route=%2Fwp%2Fv2%2Fproduct_tag&post=5238"}],"curies":[{"name":"wp","href":"https:\/\/api.w.org\/{rel}","templated":true}]}}