{"id":5224,"date":"2024-03-13T15:44:39","date_gmt":"2024-03-13T14:44:39","guid":{"rendered":"https:\/\/izoteryk.pl\/?post_type=product&#038;p=5224"},"modified":"2026-01-28T18:41:23","modified_gmt":"2026-01-28T17:41:23","slug":"bransoletka-na-czerwonym-sznurku-koniczyna-ornament-regulowana","status":"publish","type":"product","link":"https:\/\/izoteryk.pl\/?product=bransoletka-na-czerwonym-sznurku-koniczyna-ornament-regulowana","title":{"rendered":"Bransoletka na czerwonym sznurku &#8211; koniczyna (ornament) &#8211; regulowana"},"content":{"rendered":"<p>Bransoletka na naturalnym sznurku &#8211; regulowana &#8211; z koniczyn\u0105 w kolorze starego z\u0142ota.<\/p>\n<p>Czterolistna koniczyna to symbol szcz\u0119\u015bcia<\/p>\n<p>&nbsp;<\/p>\n","protected":false},"excerpt":{"rendered":"<p>SPECYFIKACJA<\/p>\n<ul>\n<li>Stan: nowe<\/li>\n<li>Marka: Iza Studio ART<\/li>\n<li>Materia\u0142: metal, sznurek naturalny, bawe\u0142niany, woskowany<\/li>\n<li>Kolor sznurka: czerwony<\/li>\n<li>Szeroko\u015b\u0107 sznurka: 1mm<\/li>\n<li>Kolor cz\u0119\u015bci metalowej: stare z\u0142oto<\/li>\n<li>Symbol: koniczyna<\/li>\n<li>Wymiary \u0142\u0105cznika: 12mm<\/li>\n<\/ul>\n","protected":false},"featured_media":5225,"comment_status":"open","ping_status":"closed","template":"","meta":[],"product_brand":[],"product_cat":[176,202,201,34,86,82,349,42],"product_tag":[],"class_list":{"0":"post-5224","1":"product","2":"type-product","3":"status-publish","4":"has-post-thumbnail","6":"product_cat-czerwony","7":"product_cat-stare-zloto","8":"product_cat-szczescie","9":"product_cat-amulety-i-talizmany","10":"product_cat-bizuteria","11":"product_cat-bransoletki","12":"product_cat-koniczyna","13":"product_cat-z-metalu","15":"first","16":"instock","17":"shipping-taxable","18":"purchasable","19":"product-type-simple"},"_links":{"self":[{"href":"https:\/\/izoteryk.pl\/index.php?rest_route=\/wp\/v2\/product\/5224","targetHints":{"allow":["GET"]}}],"collection":[{"href":"https:\/\/izoteryk.pl\/index.php?rest_route=\/wp\/v2\/product"}],"about":[{"href":"https:\/\/izoteryk.pl\/index.php?rest_route=\/wp\/v2\/types\/product"}],"replies":[{"embeddable":true,"href":"https:\/\/izoteryk.pl\/index.php?rest_route=%2Fwp%2Fv2%2Fcomments&post=5224"}],"wp:featuredmedia":[{"embeddable":true,"href":"https:\/\/izoteryk.pl\/index.php?rest_route=\/wp\/v2\/media\/5225"}],"wp:attachment":[{"href":"https:\/\/izoteryk.pl\/index.php?rest_route=%2Fwp%2Fv2%2Fmedia&parent=5224"}],"wp:term":[{"taxonomy":"product_brand","embeddable":true,"href":"https:\/\/izoteryk.pl\/index.php?rest_route=%2Fwp%2Fv2%2Fproduct_brand&post=5224"},{"taxonomy":"product_cat","embeddable":true,"href":"https:\/\/izoteryk.pl\/index.php?rest_route=%2Fwp%2Fv2%2Fproduct_cat&post=5224"},{"taxonomy":"product_tag","embeddable":true,"href":"https:\/\/izoteryk.pl\/index.php?rest_route=%2Fwp%2Fv2%2Fproduct_tag&post=5224"}],"curies":[{"name":"wp","href":"https:\/\/api.w.org\/{rel}","templated":true}]}}