{"id":5218,"date":"2024-03-13T14:00:03","date_gmt":"2024-03-13T13:00:03","guid":{"rendered":"https:\/\/izoteryk.pl\/?post_type=product&#038;p=5218"},"modified":"2026-01-28T18:41:24","modified_gmt":"2026-01-28T17:41:24","slug":"mala-buddyjska-108-drewnianych-koralikow-czarny","status":"publish","type":"product","link":"https:\/\/izoteryk.pl\/?product=mala-buddyjska-108-drewnianych-koralikow-czarny","title":{"rendered":"Mala buddyjska &#8211; 108 drewnianych koralik\u00f3w (czarny)"},"content":{"rendered":"<p>Mala tybeta\u0144ska, czyli buddyjski r\u00f3\u017caniec do odprawiania mantr. Koraliki mali widocznej na zdj\u0119ciu s\u0105 wykonane z drewna lakierowanego i maj\u0105 ok. 8mm. D\u0142ugo\u015b\u0107 ca\u0142kowita z\u0142o\u017conej, wyci\u0105gni\u0119tej mali to ok 46 cm.<\/p>\n","protected":false},"excerpt":{"rendered":"<ul>\n<li>\u00a0Stan: nowe<\/li>\n<li>D\u0142ugo\u015b\u0107 ca\u0142kowita z\u0142o\u017conej, wyci\u0105gni\u0119tej mali: ok 46cm<\/li>\n<li>D\u0142ugo\u015b\u0107 sznurka ze 108 koralikami: ok 74cm<\/li>\n<li>Rozmiar koralik\u00f3w: ok 8mm<\/li>\n<li>Kolor koralik\u00f3w: czarny<\/li>\n<li>Materia\u0142: drewno lakierowane, sznurek naturalny<\/li>\n<li>Kolor sznurka: bordo<\/li>\n<\/ul>\n","protected":false},"featured_media":5219,"comment_status":"open","ping_status":"closed","template":"","meta":[],"product_brand":[],"product_cat":[92,148,34,86,82,91,167,84],"product_tag":[],"class_list":{"0":"post-5218","1":"product","2":"type-product","3":"status-publish","4":"has-post-thumbnail","6":"product_cat-czarny-kolor","7":"product_cat-akcesoria-magiczne","8":"product_cat-amulety-i-talizmany","9":"product_cat-bizuteria","10":"product_cat-bransoletki","11":"product_cat-kolor","12":"product_cat-male-i-rozance","13":"product_cat-sklep-ezoteryczny","15":"first","16":"instock","17":"shipping-taxable","18":"purchasable","19":"product-type-simple"},"_links":{"self":[{"href":"https:\/\/izoteryk.pl\/index.php?rest_route=\/wp\/v2\/product\/5218","targetHints":{"allow":["GET"]}}],"collection":[{"href":"https:\/\/izoteryk.pl\/index.php?rest_route=\/wp\/v2\/product"}],"about":[{"href":"https:\/\/izoteryk.pl\/index.php?rest_route=\/wp\/v2\/types\/product"}],"replies":[{"embeddable":true,"href":"https:\/\/izoteryk.pl\/index.php?rest_route=%2Fwp%2Fv2%2Fcomments&post=5218"}],"wp:featuredmedia":[{"embeddable":true,"href":"https:\/\/izoteryk.pl\/index.php?rest_route=\/wp\/v2\/media\/5219"}],"wp:attachment":[{"href":"https:\/\/izoteryk.pl\/index.php?rest_route=%2Fwp%2Fv2%2Fmedia&parent=5218"}],"wp:term":[{"taxonomy":"product_brand","embeddable":true,"href":"https:\/\/izoteryk.pl\/index.php?rest_route=%2Fwp%2Fv2%2Fproduct_brand&post=5218"},{"taxonomy":"product_cat","embeddable":true,"href":"https:\/\/izoteryk.pl\/index.php?rest_route=%2Fwp%2Fv2%2Fproduct_cat&post=5218"},{"taxonomy":"product_tag","embeddable":true,"href":"https:\/\/izoteryk.pl\/index.php?rest_route=%2Fwp%2Fv2%2Fproduct_tag&post=5218"}],"curies":[{"name":"wp","href":"https:\/\/api.w.org\/{rel}","templated":true}]}}