{"id":5207,"date":"2024-03-12T22:12:50","date_gmt":"2024-03-12T21:12:50","guid":{"rendered":"https:\/\/izoteryk.pl\/?post_type=product&#038;p=5207"},"modified":"2026-02-15T01:56:08","modified_gmt":"2026-02-15T00:56:08","slug":"kadzielnica-ancient-wispom-7x3cm","status":"publish","type":"product","link":"https:\/\/izoteryk.pl\/?product=kadzielnica-ancient-wispom-7x3cm","title":{"rendered":"Kadzielnica Ancient Wispom 7x3cm"},"content":{"rendered":"<p>Metalowa kadzielnica z nak\u0142adan\u0105 drucian\u0105 siateczk\u0105 &#8211; do spalania zi\u00f3\u0142 i \u017cywic na w\u0119gielku trybularzowym<\/p>\n","protected":false},"excerpt":{"rendered":"<p>SPECYFIKACJA:<\/p>\n<ul>\n<li>Stan: nowe<\/li>\n<li>Materia\u0142: metal<\/li>\n<li>Kolor: z\u0142oty<\/li>\n<li>Kraj pochodzenia: Indie<\/li>\n<li>Wymiary: 7x3cm<\/li>\n<\/ul>\n","protected":false},"featured_media":5208,"comment_status":"open","ping_status":"closed","template":"","meta":[],"product_brand":[],"product_cat":[105,148,348,84],"product_tag":[],"class_list":{"0":"post-5207","1":"product","2":"type-product","3":"status-publish","4":"has-post-thumbnail","6":"product_cat-zloty","7":"product_cat-akcesoria-magiczne","8":"product_cat-kadzielnice","9":"product_cat-sklep-ezoteryczny","11":"first","12":"instock","13":"shipping-taxable","14":"purchasable","15":"product-type-simple"},"_links":{"self":[{"href":"https:\/\/izoteryk.pl\/index.php?rest_route=\/wp\/v2\/product\/5207","targetHints":{"allow":["GET"]}}],"collection":[{"href":"https:\/\/izoteryk.pl\/index.php?rest_route=\/wp\/v2\/product"}],"about":[{"href":"https:\/\/izoteryk.pl\/index.php?rest_route=\/wp\/v2\/types\/product"}],"replies":[{"embeddable":true,"href":"https:\/\/izoteryk.pl\/index.php?rest_route=%2Fwp%2Fv2%2Fcomments&post=5207"}],"wp:featuredmedia":[{"embeddable":true,"href":"https:\/\/izoteryk.pl\/index.php?rest_route=\/wp\/v2\/media\/5208"}],"wp:attachment":[{"href":"https:\/\/izoteryk.pl\/index.php?rest_route=%2Fwp%2Fv2%2Fmedia&parent=5207"}],"wp:term":[{"taxonomy":"product_brand","embeddable":true,"href":"https:\/\/izoteryk.pl\/index.php?rest_route=%2Fwp%2Fv2%2Fproduct_brand&post=5207"},{"taxonomy":"product_cat","embeddable":true,"href":"https:\/\/izoteryk.pl\/index.php?rest_route=%2Fwp%2Fv2%2Fproduct_cat&post=5207"},{"taxonomy":"product_tag","embeddable":true,"href":"https:\/\/izoteryk.pl\/index.php?rest_route=%2Fwp%2Fv2%2Fproduct_tag&post=5207"}],"curies":[{"name":"wp","href":"https:\/\/api.w.org\/{rel}","templated":true}]}}