{"id":5203,"date":"2024-03-12T18:38:42","date_gmt":"2024-03-12T17:38:42","guid":{"rendered":"https:\/\/izoteryk.pl\/?post_type=product&#038;p=5203"},"modified":"2026-01-28T18:41:24","modified_gmt":"2026-01-28T17:41:24","slug":"runa-fehu-na-pieniadze-wisiorek-2","status":"publish","type":"product","link":"https:\/\/izoteryk.pl\/?product=runa-fehu-na-pieniadze-wisiorek-2","title":{"rendered":"Runa Fehu &#8211; na pieni\u0105dze &#8211; wisiorek"},"content":{"rendered":"<p>Wisiorek z wypalon\u0105 run\u0105 Fehu &#8211; jest to runa bogactwa i wszelkiej obfito\u015bci.<\/p>\n<p>Na naturalnym sznurku koloru czarnego<\/p>\n","protected":false},"excerpt":{"rendered":"<p>SPECYFIKACJA:<\/p>\n<ul>\n<li>Stan: nowe<\/li>\n<li>Materia\u0142: drewno scrapkowe<\/li>\n<li>Wymiary: 30x20x3mm<\/li>\n<li>Kolor sznurka: czarny<\/li>\n<\/ul>\n","protected":false},"featured_media":5204,"comment_status":"open","ping_status":"closed","template":"","meta":[],"product_brand":[],"product_cat":[98,113,92,204,347,34,86,35,346,91,37,84,38,59],"product_tag":[],"class_list":{"0":"post-5203","1":"product","2":"type-product","3":"status-publish","4":"has-post-thumbnail","6":"product_cat-bezowy","7":"product_cat-bogactwo","8":"product_cat-czarny-kolor","9":"product_cat-obfitosc","10":"product_cat-01-fehu","11":"product_cat-amulety-i-talizmany","12":"product_cat-bizuteria","13":"product_cat-futhark","14":"product_cat-klasyczne-runy","15":"product_cat-kolor","16":"product_cat-runy","17":"product_cat-sklep-ezoteryczny","18":"product_cat-wisiorki","19":"product_cat-z-drewna","21":"first","22":"instock","23":"shipping-taxable","24":"purchasable","25":"product-type-simple"},"_links":{"self":[{"href":"https:\/\/izoteryk.pl\/index.php?rest_route=\/wp\/v2\/product\/5203","targetHints":{"allow":["GET"]}}],"collection":[{"href":"https:\/\/izoteryk.pl\/index.php?rest_route=\/wp\/v2\/product"}],"about":[{"href":"https:\/\/izoteryk.pl\/index.php?rest_route=\/wp\/v2\/types\/product"}],"replies":[{"embeddable":true,"href":"https:\/\/izoteryk.pl\/index.php?rest_route=%2Fwp%2Fv2%2Fcomments&post=5203"}],"wp:featuredmedia":[{"embeddable":true,"href":"https:\/\/izoteryk.pl\/index.php?rest_route=\/wp\/v2\/media\/5204"}],"wp:attachment":[{"href":"https:\/\/izoteryk.pl\/index.php?rest_route=%2Fwp%2Fv2%2Fmedia&parent=5203"}],"wp:term":[{"taxonomy":"product_brand","embeddable":true,"href":"https:\/\/izoteryk.pl\/index.php?rest_route=%2Fwp%2Fv2%2Fproduct_brand&post=5203"},{"taxonomy":"product_cat","embeddable":true,"href":"https:\/\/izoteryk.pl\/index.php?rest_route=%2Fwp%2Fv2%2Fproduct_cat&post=5203"},{"taxonomy":"product_tag","embeddable":true,"href":"https:\/\/izoteryk.pl\/index.php?rest_route=%2Fwp%2Fv2%2Fproduct_tag&post=5203"}],"curies":[{"name":"wp","href":"https:\/\/api.w.org\/{rel}","templated":true}]}}