{"id":5195,"date":"2024-03-12T15:03:59","date_gmt":"2024-03-12T14:03:59","guid":{"rendered":"https:\/\/izoteryk.pl\/?post_type=product&#038;p=5195"},"modified":"2026-01-28T18:41:25","modified_gmt":"2026-01-28T17:41:25","slug":"bransoletka-astrologiczna-na-sznurku-regulowana-znak-zodiaku-strzelec","status":"publish","type":"product","link":"https:\/\/izoteryk.pl\/?product=bransoletka-astrologiczna-na-sznurku-regulowana-znak-zodiaku-strzelec","title":{"rendered":"Bransoletka astrologiczna &#8211; na sznurku &#8211; regulowana &#8211; znak zodiaku STRZELEC"},"content":{"rendered":"<p>Bransoletka ze znakiem zodiaku &#8211; STRZELEC &#8211; na regulowanym, naturalnym sznurku.<\/p>\n<p>Bi\u017cuteri\u0119 ze swoim znakiem zodiaku mo\u017cna nosi\u0107 jako talizman przynosz\u0105cy szcz\u0119\u015bcie.<\/p>\n<p>Cz\u0119\u015b\u0107 ozdobna wykonana jest z tworzywa przypominaj\u0105cego antyczny kamie\u0144.<\/p>\n","protected":false},"excerpt":{"rendered":"<p>SPECYFIKACJA:<\/p>\n<ul>\n<li>Stan: nowe<\/li>\n<li>Marka: Iza Studio ART<\/li>\n<li>Materia\u0142: tworzywo, sznurek naturalny<\/li>\n<li>Kolor sznurka: czarny<\/li>\n<\/ul>\n","protected":false},"featured_media":5196,"comment_status":"open","ping_status":"closed","template":"","meta":[],"product_brand":[],"product_cat":[94,92,201,218,34,208,86,82,84,345,209],"product_tag":[],"class_list":{"0":"post-5195","1":"product","2":"type-product","3":"status-publish","4":"has-post-thumbnail","6":"product_cat-brazowy","7":"product_cat-czarny-kolor","8":"product_cat-szczescie","9":"product_cat-09-strzelec","10":"product_cat-amulety-i-talizmany","11":"product_cat-astrologia","12":"product_cat-bizuteria","13":"product_cat-bransoletki","14":"product_cat-sklep-ezoteryczny","15":"product_cat-z-tworzywa","16":"product_cat-znaki-zodiaku","18":"first","19":"instock","20":"shipping-taxable","21":"purchasable","22":"product-type-simple"},"_links":{"self":[{"href":"https:\/\/izoteryk.pl\/index.php?rest_route=\/wp\/v2\/product\/5195","targetHints":{"allow":["GET"]}}],"collection":[{"href":"https:\/\/izoteryk.pl\/index.php?rest_route=\/wp\/v2\/product"}],"about":[{"href":"https:\/\/izoteryk.pl\/index.php?rest_route=\/wp\/v2\/types\/product"}],"replies":[{"embeddable":true,"href":"https:\/\/izoteryk.pl\/index.php?rest_route=%2Fwp%2Fv2%2Fcomments&post=5195"}],"wp:featuredmedia":[{"embeddable":true,"href":"https:\/\/izoteryk.pl\/index.php?rest_route=\/wp\/v2\/media\/5196"}],"wp:attachment":[{"href":"https:\/\/izoteryk.pl\/index.php?rest_route=%2Fwp%2Fv2%2Fmedia&parent=5195"}],"wp:term":[{"taxonomy":"product_brand","embeddable":true,"href":"https:\/\/izoteryk.pl\/index.php?rest_route=%2Fwp%2Fv2%2Fproduct_brand&post=5195"},{"taxonomy":"product_cat","embeddable":true,"href":"https:\/\/izoteryk.pl\/index.php?rest_route=%2Fwp%2Fv2%2Fproduct_cat&post=5195"},{"taxonomy":"product_tag","embeddable":true,"href":"https:\/\/izoteryk.pl\/index.php?rest_route=%2Fwp%2Fv2%2Fproduct_tag&post=5195"}],"curies":[{"name":"wp","href":"https:\/\/api.w.org\/{rel}","templated":true}]}}