{"id":5162,"date":"2024-03-11T18:22:19","date_gmt":"2024-03-11T17:22:19","guid":{"rendered":"https:\/\/izoteryk.pl\/?post_type=product&#038;p=5162"},"modified":"2026-01-28T18:45:15","modified_gmt":"2026-01-28T17:45:15","slug":"bransoletka-astrologiczna-na-czerwonym-sznurku-regulowana-znak-zodiaku-waga-2","status":"publish","type":"product","link":"https:\/\/izoteryk.pl\/?product=bransoletka-astrologiczna-na-czerwonym-sznurku-regulowana-znak-zodiaku-waga-2","title":{"rendered":"Bransoletka astrologiczna &#8211; na czerwonym sznurku &#8211; regulowana &#8211; znak zodiaku WAGA"},"content":{"rendered":"<p>Bransoletka ze znakiem zodiaku &#8211; Waga &#8211; na regulowanym sznurku. Po jednej stronie medalika jest wizerunek wagi i napis BALANTA a na odwrocie astrologiczny symbol tego znaku i napis INCANTATOR co w t\u0142umaczeniu z j\u0119zyka rumu\u0144skiego znaczy zachwycaj\u0105cy.<\/p>\n<p>Bi\u017cuteri\u0119 ze swoim znakiem zodiaku mo\u017cna nosi\u0107 jako talizman przynosz\u0105cy szcz\u0119\u015bcie, dodatkowo czerwony sznurek mo\u017ce skutecznie ochroni\u0107 przed z\u0142ym okiem.<\/p>\n<p>Na bransoletk\u0119 s\u0105 nawleczone dwa ma\u0142e koraliki z kamienia. Howlit jako kamie\u0144 nie jest przypisany do \u017cadnego znaku &#8211; jego w\u0142a\u015bciwo\u015bci magiczne zwi\u0105zane s\u0105 z uspokojeniem my\u015bli i ze zr\u00f3wnowa\u017ceniem emocji, co wp\u0142ywa pozytywnie na rozbudzenie intuicji.<\/p>\n","protected":false},"excerpt":{"rendered":"<p>SPECYFIKACJA:<\/p>\n<ul>\n<li>Stan: nowe<\/li>\n<li>Marka: Iza Studio ART<\/li>\n<li>Materia\u0142: metal<\/li>\n<li>Kolor medalika: srebrny<\/li>\n<li>Kolor sznurka: czerwony<\/li>\n<li>\u015arednica zawieszki: 12mm<\/li>\n<\/ul>\n","protected":false},"featured_media":5163,"comment_status":"open","ping_status":"closed","template":"","meta":[],"product_brand":[],"product_cat":[176,124,133,107,114,327,106,201,216,34,208,86,82,315,84,42,209],"product_tag":[],"class_list":{"0":"post-5162","1":"product","2":"type-product","3":"status-publish","4":"has-post-thumbnail","6":"product_cat-czerwony","7":"product_cat-harmonia","8":"product_cat-intuicja","9":"product_cat-ochrona","10":"product_cat-rownowaga","11":"product_cat-skupienie","12":"product_cat-srebrny","13":"product_cat-szczescie","14":"product_cat-07-waga","15":"product_cat-amulety-i-talizmany","16":"product_cat-astrologia","17":"product_cat-bizuteria","18":"product_cat-bransoletki","19":"product_cat-howlit","20":"product_cat-sklep-ezoteryczny","21":"product_cat-z-metalu","22":"product_cat-znaki-zodiaku","24":"first","25":"instock","26":"shipping-taxable","27":"purchasable","28":"product-type-simple"},"_links":{"self":[{"href":"https:\/\/izoteryk.pl\/index.php?rest_route=\/wp\/v2\/product\/5162","targetHints":{"allow":["GET"]}}],"collection":[{"href":"https:\/\/izoteryk.pl\/index.php?rest_route=\/wp\/v2\/product"}],"about":[{"href":"https:\/\/izoteryk.pl\/index.php?rest_route=\/wp\/v2\/types\/product"}],"replies":[{"embeddable":true,"href":"https:\/\/izoteryk.pl\/index.php?rest_route=%2Fwp%2Fv2%2Fcomments&post=5162"}],"wp:featuredmedia":[{"embeddable":true,"href":"https:\/\/izoteryk.pl\/index.php?rest_route=\/wp\/v2\/media\/5163"}],"wp:attachment":[{"href":"https:\/\/izoteryk.pl\/index.php?rest_route=%2Fwp%2Fv2%2Fmedia&parent=5162"}],"wp:term":[{"taxonomy":"product_brand","embeddable":true,"href":"https:\/\/izoteryk.pl\/index.php?rest_route=%2Fwp%2Fv2%2Fproduct_brand&post=5162"},{"taxonomy":"product_cat","embeddable":true,"href":"https:\/\/izoteryk.pl\/index.php?rest_route=%2Fwp%2Fv2%2Fproduct_cat&post=5162"},{"taxonomy":"product_tag","embeddable":true,"href":"https:\/\/izoteryk.pl\/index.php?rest_route=%2Fwp%2Fv2%2Fproduct_tag&post=5162"}],"curies":[{"name":"wp","href":"https:\/\/api.w.org\/{rel}","templated":true}]}}