{"id":4874,"date":"2024-01-16T19:31:55","date_gmt":"2024-01-16T18:31:55","guid":{"rendered":"https:\/\/izoteryk.pl\/?post_type=product&#038;p=4874"},"modified":"2026-01-28T18:45:16","modified_gmt":"2026-01-28T17:45:16","slug":"tarcza-algizowa-wypalona-na-drewnianym-krazku-10-cm","status":"publish","type":"product","link":"https:\/\/izoteryk.pl\/?product=tarcza-algizowa-wypalona-na-drewnianym-krazku-10-cm","title":{"rendered":"Tarcza algizowa wypalona na drewnianym kr\u0105\u017cku 10 cm"},"content":{"rendered":"<p>Tarcza algizowa &#8211; znak r\u0119cznie wypalony na drewnianym kr\u0105\u017cku o \u015brednicy 10 cm.<\/p>\n<p>Dawniej by\u0142 to bardzo popularny amulet ochronny, kt\u00f3ry wojownicy zabierali ze sob\u0105 na pole bitwy &#8211; sk\u0142ada si\u0119 z o\u015bmiu po\u0142\u0105czonych ze sob\u0105 run algiz.<\/p>\n<p>Kr\u0105\u017cek mo\u017ce s\u0142u\u017cy\u0107 jako ozdoba, amulet, podk\u0142adka pod kubek itp.<\/p>\n<p>Uwaga! Ze wzgl\u0119du na to, \u017ce znaki s\u0105 wykonywane r\u0119cznie, poszczeg\u00f3lne egzemplarze mog\u0105 si\u0119 od siebie r\u00f3\u017cni\u0107.<\/p>\n","protected":false},"excerpt":{"rendered":"<p>SPECYFIKACJA:<\/p>\n<ul>\n<li>Stan: nowe<\/li>\n<li>Materia\u0142: drewno sklejkowe<\/li>\n<li>\u015arednica: 10cm<\/li>\n<\/ul>\n","protected":false},"featured_media":4875,"comment_status":"open","ping_status":"closed","template":"","meta":[],"product_brand":[],"product_cat":[98,107,233,131,232,148,34,91,37,84,108,326,59],"product_tag":[],"class_list":{"0":"post-4874","1":"product","2":"type-product","3":"status-publish","4":"has-post-thumbnail","6":"product_cat-bezowy","7":"product_cat-ochrona","8":"product_cat-odwaga","9":"product_cat-opatrznosc","10":"product_cat-sila","11":"product_cat-akcesoria-magiczne","12":"product_cat-amulety-i-talizmany","13":"product_cat-kolor","14":"product_cat-runy","15":"product_cat-sklep-ezoteryczny","16":"product_cat-symbole","17":"product_cat-tarcza-algizowa","18":"product_cat-z-drewna","20":"first","21":"instock","22":"shipping-taxable","23":"purchasable","24":"product-type-simple"},"_links":{"self":[{"href":"https:\/\/izoteryk.pl\/index.php?rest_route=\/wp\/v2\/product\/4874","targetHints":{"allow":["GET"]}}],"collection":[{"href":"https:\/\/izoteryk.pl\/index.php?rest_route=\/wp\/v2\/product"}],"about":[{"href":"https:\/\/izoteryk.pl\/index.php?rest_route=\/wp\/v2\/types\/product"}],"replies":[{"embeddable":true,"href":"https:\/\/izoteryk.pl\/index.php?rest_route=%2Fwp%2Fv2%2Fcomments&post=4874"}],"wp:featuredmedia":[{"embeddable":true,"href":"https:\/\/izoteryk.pl\/index.php?rest_route=\/wp\/v2\/media\/4875"}],"wp:attachment":[{"href":"https:\/\/izoteryk.pl\/index.php?rest_route=%2Fwp%2Fv2%2Fmedia&parent=4874"}],"wp:term":[{"taxonomy":"product_brand","embeddable":true,"href":"https:\/\/izoteryk.pl\/index.php?rest_route=%2Fwp%2Fv2%2Fproduct_brand&post=4874"},{"taxonomy":"product_cat","embeddable":true,"href":"https:\/\/izoteryk.pl\/index.php?rest_route=%2Fwp%2Fv2%2Fproduct_cat&post=4874"},{"taxonomy":"product_tag","embeddable":true,"href":"https:\/\/izoteryk.pl\/index.php?rest_route=%2Fwp%2Fv2%2Fproduct_tag&post=4874"}],"curies":[{"name":"wp","href":"https:\/\/api.w.org\/{rel}","templated":true}]}}