{"id":4869,"date":"2024-01-15T16:04:23","date_gmt":"2024-01-15T15:04:23","guid":{"rendered":"https:\/\/izoteryk.pl\/?post_type=product&#038;p=4869"},"modified":"2026-01-28T18:45:16","modified_gmt":"2026-01-28T17:45:16","slug":"wegielki-trybularzowe-jedno-opakowanie-10-szt","status":"publish","type":"product","link":"https:\/\/izoteryk.pl\/?product=wegielki-trybularzowe-jedno-opakowanie-10-szt","title":{"rendered":"W\u0119gielki trybularzowe &#8211; jedno opakowanie (10 szt.)"},"content":{"rendered":"<p>W\u0119gielki trybularzowe stosuje si\u0119 do spalania zi\u00f3\u0142 w kadzielnicy.<\/p>\n<p>Oferta dotyczy jednego opakowania, kt\u00f3re zawiera 10 sztuk.<\/p>\n","protected":false},"excerpt":{"rendered":"<p>SPECYFIKACJA:<\/p>\n<ul>\n<li>Stan: nowe<\/li>\n<li>ilo\u015b\u0107 w opakowaniu 10 szt.<\/li>\n<\/ul>\n","protected":false},"featured_media":4870,"comment_status":"open","ping_status":"closed","template":"","meta":[],"product_brand":[],"product_cat":[148,160,84],"product_tag":[],"class_list":{"0":"post-4869","1":"product","2":"type-product","3":"status-publish","4":"has-post-thumbnail","6":"product_cat-akcesoria-magiczne","7":"product_cat-kadzidelka","8":"product_cat-sklep-ezoteryczny","9":"product_shipping_class-rozmiar-l","11":"first","12":"instock","13":"shipping-taxable","14":"purchasable","15":"product-type-simple"},"_links":{"self":[{"href":"https:\/\/izoteryk.pl\/index.php?rest_route=\/wp\/v2\/product\/4869","targetHints":{"allow":["GET"]}}],"collection":[{"href":"https:\/\/izoteryk.pl\/index.php?rest_route=\/wp\/v2\/product"}],"about":[{"href":"https:\/\/izoteryk.pl\/index.php?rest_route=\/wp\/v2\/types\/product"}],"replies":[{"embeddable":true,"href":"https:\/\/izoteryk.pl\/index.php?rest_route=%2Fwp%2Fv2%2Fcomments&post=4869"}],"wp:featuredmedia":[{"embeddable":true,"href":"https:\/\/izoteryk.pl\/index.php?rest_route=\/wp\/v2\/media\/4870"}],"wp:attachment":[{"href":"https:\/\/izoteryk.pl\/index.php?rest_route=%2Fwp%2Fv2%2Fmedia&parent=4869"}],"wp:term":[{"taxonomy":"product_brand","embeddable":true,"href":"https:\/\/izoteryk.pl\/index.php?rest_route=%2Fwp%2Fv2%2Fproduct_brand&post=4869"},{"taxonomy":"product_cat","embeddable":true,"href":"https:\/\/izoteryk.pl\/index.php?rest_route=%2Fwp%2Fv2%2Fproduct_cat&post=4869"},{"taxonomy":"product_tag","embeddable":true,"href":"https:\/\/izoteryk.pl\/index.php?rest_route=%2Fwp%2Fv2%2Fproduct_tag&post=4869"}],"curies":[{"name":"wp","href":"https:\/\/api.w.org\/{rel}","templated":true}]}}