{"id":4848,"date":"2024-01-11T13:20:08","date_gmt":"2024-01-11T12:20:08","guid":{"rendered":"https:\/\/izoteryk.pl\/?post_type=product&#038;p=4848"},"modified":"2026-01-28T18:50:58","modified_gmt":"2026-01-28T17:50:58","slug":"czaszka-bizona-wisiorek-na-sznurku-z-regulowanym-zapieciem","status":"publish","type":"product","link":"https:\/\/izoteryk.pl\/?product=czaszka-bizona-wisiorek-na-sznurku-z-regulowanym-zapieciem","title":{"rendered":"Czaszka bizona &#8211; wisiorek na sznurku z regulowanym zapi\u0119ciem"},"content":{"rendered":"<p>Klimatyczny wisiorek &#8211; czaszka bizona &#8211; Native American \u2013 motyw Indian Ameryki P\u00f3\u0142nocnej<\/p>\n<p>Czaszka to symbol kontaktowania si\u0119 ze \u015bwiatem umar\u0142ych.<\/p>\n<p>W szamanizmie bizon to \u015bwi\u0119te zwierz\u0119 &#8211; symbol si\u0142y, odwagi, uziemienia i \u017cycia spo\u0142ecznego.<\/p>\n","protected":false},"excerpt":{"rendered":"<p>SPECYFIKACJA:<\/p>\n<ul>\n<li>Stan: nowe<\/li>\n<li>Materia\u0142: metal<\/li>\n<li>Kolor: srebrny<\/li>\n<li>Kolor sznurka: czarny<\/li>\n<li>Wymiary: ok 30x30mm<\/li>\n<li>D\u0142ugo\u015b\u0107 sznurka: ok. 50mm plus 3cm regulacji<\/li>\n<\/ul>\n","protected":false},"featured_media":4849,"comment_status":"open","ping_status":"closed","template":"","meta":[],"product_brand":[],"product_cat":[92,106,34,86,154,84,108,38,42],"product_tag":[],"class_list":{"0":"post-4848","1":"product","2":"type-product","3":"status-publish","4":"has-post-thumbnail","6":"product_cat-czarny-kolor","7":"product_cat-srebrny","8":"product_cat-amulety-i-talizmany","9":"product_cat-bizuteria","10":"product_cat-czaszka","11":"product_cat-sklep-ezoteryczny","12":"product_cat-symbole","13":"product_cat-wisiorki","14":"product_cat-z-metalu","16":"first","17":"instock","18":"featured","19":"shipping-taxable","20":"purchasable","21":"product-type-simple"},"_links":{"self":[{"href":"https:\/\/izoteryk.pl\/index.php?rest_route=\/wp\/v2\/product\/4848","targetHints":{"allow":["GET"]}}],"collection":[{"href":"https:\/\/izoteryk.pl\/index.php?rest_route=\/wp\/v2\/product"}],"about":[{"href":"https:\/\/izoteryk.pl\/index.php?rest_route=\/wp\/v2\/types\/product"}],"replies":[{"embeddable":true,"href":"https:\/\/izoteryk.pl\/index.php?rest_route=%2Fwp%2Fv2%2Fcomments&post=4848"}],"wp:featuredmedia":[{"embeddable":true,"href":"https:\/\/izoteryk.pl\/index.php?rest_route=\/wp\/v2\/media\/4849"}],"wp:attachment":[{"href":"https:\/\/izoteryk.pl\/index.php?rest_route=%2Fwp%2Fv2%2Fmedia&parent=4848"}],"wp:term":[{"taxonomy":"product_brand","embeddable":true,"href":"https:\/\/izoteryk.pl\/index.php?rest_route=%2Fwp%2Fv2%2Fproduct_brand&post=4848"},{"taxonomy":"product_cat","embeddable":true,"href":"https:\/\/izoteryk.pl\/index.php?rest_route=%2Fwp%2Fv2%2Fproduct_cat&post=4848"},{"taxonomy":"product_tag","embeddable":true,"href":"https:\/\/izoteryk.pl\/index.php?rest_route=%2Fwp%2Fv2%2Fproduct_tag&post=4848"}],"curies":[{"name":"wp","href":"https:\/\/api.w.org\/{rel}","templated":true}]}}