{"id":4826,"date":"2023-12-27T16:56:34","date_gmt":"2023-12-27T15:56:34","guid":{"rendered":"https:\/\/izoteryk.pl\/?post_type=product&#038;p=4826"},"modified":"2026-01-28T18:50:58","modified_gmt":"2026-01-28T17:50:58","slug":"wisiorek-z-kamienia-naturalnego-opal-bursztynowy","status":"publish","type":"product","link":"https:\/\/izoteryk.pl\/?product=wisiorek-z-kamienia-naturalnego-opal-bursztynowy","title":{"rendered":"Wisiorek z kamienia naturalnego \u2013 opal bursztynowy"},"content":{"rendered":"<p>Pi\u0119kny wisiorek z opalu bursztynowego w kszta\u0142cie bry\u0142ki zawieszonej na metalowym \u0142a\u0144cuszku koloru starego z\u0142ota.<\/p>\n<p>Aby wisiorek m\u00f3g\u0142 dobrze pe\u0142ni\u0107 rol\u0119 amuletu, dobrze jest go wpierw oczy\u015bci\u0107 i nada\u0107 mu znaczenie za pomoc\u0105 rytua\u0142u lub za pomoc\u0105 si\u0142y umys\u0142u, wyobra\u017ani, medytacji, b\u0105d\u017a s\u0142\u00f3w.<\/p>\n","protected":false},"excerpt":{"rendered":"<p>SPECYFIKACJA:<\/p>\n<ul>\n<li>Stan: nowe<\/li>\n<li>Kamie\u0144: Opal bursztynowy<\/li>\n<li>Kolor kamienia: \u017c\u00f3\u0142ty, be\u017cowy<\/li>\n<li>Materia\u0142: kamie\u0144, metal<\/li>\n<li>Wymiary kamienia: ok. 15x20x10mm<\/li>\n<li>D\u0142ugo\u015b\u0107 \u0142a\u0144cuszka: ok. 45cm<\/li>\n<li>Kolor \u0142a\u0144cuszka: stare z\u0142oto<\/li>\n<\/ul>\n","protected":false},"featured_media":4828,"comment_status":"open","ping_status":"closed","template":"","meta":[],"product_brand":[],"product_cat":[98,202,93,34,86,87,91,316,84,38,83,42],"product_tag":[],"class_list":{"0":"post-4826","1":"product","2":"type-product","3":"status-publish","4":"has-post-thumbnail","6":"product_cat-bezowy","7":"product_cat-stare-zloto","8":"product_cat-zolty","9":"product_cat-amulety-i-talizmany","10":"product_cat-bizuteria","11":"product_cat-kamien","12":"product_cat-kolor","13":"product_cat-opal-bursztynowy","14":"product_cat-sklep-ezoteryczny","15":"product_cat-wisiorki","16":"product_cat-z-kamienia-amulety-i-talizmany","17":"product_cat-z-metalu","19":"first","20":"instock","21":"featured","22":"shipping-taxable","23":"purchasable","24":"product-type-simple"},"_links":{"self":[{"href":"https:\/\/izoteryk.pl\/index.php?rest_route=\/wp\/v2\/product\/4826","targetHints":{"allow":["GET"]}}],"collection":[{"href":"https:\/\/izoteryk.pl\/index.php?rest_route=\/wp\/v2\/product"}],"about":[{"href":"https:\/\/izoteryk.pl\/index.php?rest_route=\/wp\/v2\/types\/product"}],"replies":[{"embeddable":true,"href":"https:\/\/izoteryk.pl\/index.php?rest_route=%2Fwp%2Fv2%2Fcomments&post=4826"}],"wp:featuredmedia":[{"embeddable":true,"href":"https:\/\/izoteryk.pl\/index.php?rest_route=\/wp\/v2\/media\/4828"}],"wp:attachment":[{"href":"https:\/\/izoteryk.pl\/index.php?rest_route=%2Fwp%2Fv2%2Fmedia&parent=4826"}],"wp:term":[{"taxonomy":"product_brand","embeddable":true,"href":"https:\/\/izoteryk.pl\/index.php?rest_route=%2Fwp%2Fv2%2Fproduct_brand&post=4826"},{"taxonomy":"product_cat","embeddable":true,"href":"https:\/\/izoteryk.pl\/index.php?rest_route=%2Fwp%2Fv2%2Fproduct_cat&post=4826"},{"taxonomy":"product_tag","embeddable":true,"href":"https:\/\/izoteryk.pl\/index.php?rest_route=%2Fwp%2Fv2%2Fproduct_tag&post=4826"}],"curies":[{"name":"wp","href":"https:\/\/api.w.org\/{rel}","templated":true}]}}