{"id":4773,"date":"2023-12-16T20:47:46","date_gmt":"2023-12-16T19:47:46","guid":{"rendered":"https:\/\/izoteryk.pl\/?post_type=product&#038;p=4773"},"modified":"2026-01-28T18:50:58","modified_gmt":"2026-01-28T17:50:58","slug":"runy-wypalane-na-drewienkach-20x30mm-zestaw-w-lnianym-woreczku","status":"publish","type":"product","link":"https:\/\/izoteryk.pl\/?product=runy-wypalane-na-drewienkach-20x30mm-zestaw-w-lnianym-woreczku","title":{"rendered":"Runy armaniczne wypalane na drewienkach 20x30mm &#8211; zestaw w lnianym woreczku"},"content":{"rendered":"<p>Runy r\u0119cznie wypalane na drewienkach wielko\u015bci 20x30mm. Jest to zestaw 18 run armanicznych &#8211; futharku sztucznie stworzonego w latach dwudziestych XX wieku przez austriaka Guido von List&#8217;a. Do zestawu do\u0142\u0105czony jest naturalny lniany woreczek.<\/p>\n<p>Uwaga: Poszczeg\u00f3lne partie produkt\u00f3w mog\u0105 si\u0119 nieznacznie od siebie r\u00f3\u017cni\u0107 poniewa\u017c s\u0105 wypalane r\u0119cznie.<\/p>\n<p>Oferta dotyczy jednego zestawu run.<\/p>\n","protected":false},"excerpt":{"rendered":"<p>SPECYFIKACJA:<\/p>\n<ul>\n<li>Stan: Nowe<\/li>\n<li>Materia\u0142: drewno sklejkowe<\/li>\n<li>Wielko\u015b\u0107: 20x30x3mm<\/li>\n<li>Ilo\u015b\u0107 w zestawie: 18 drewienek z runami + 1 lniany woreczek<\/li>\n<\/ul>\n","protected":false},"featured_media":4774,"comment_status":"open","ping_status":"closed","template":"","meta":[],"product_brand":[],"product_cat":[310,98,148,35,37,84],"product_tag":[],"class_list":{"0":"post-4773","1":"product","2":"type-product","3":"status-publish","4":"has-post-thumbnail","6":"product_cat-armaniczne","7":"product_cat-bezowy","8":"product_cat-akcesoria-magiczne","9":"product_cat-futhark","10":"product_cat-runy","11":"product_cat-sklep-ezoteryczny","13":"first","14":"instock","15":"shipping-taxable","16":"purchasable","17":"product-type-simple"},"_links":{"self":[{"href":"https:\/\/izoteryk.pl\/index.php?rest_route=\/wp\/v2\/product\/4773","targetHints":{"allow":["GET"]}}],"collection":[{"href":"https:\/\/izoteryk.pl\/index.php?rest_route=\/wp\/v2\/product"}],"about":[{"href":"https:\/\/izoteryk.pl\/index.php?rest_route=\/wp\/v2\/types\/product"}],"replies":[{"embeddable":true,"href":"https:\/\/izoteryk.pl\/index.php?rest_route=%2Fwp%2Fv2%2Fcomments&post=4773"}],"wp:featuredmedia":[{"embeddable":true,"href":"https:\/\/izoteryk.pl\/index.php?rest_route=\/wp\/v2\/media\/4774"}],"wp:attachment":[{"href":"https:\/\/izoteryk.pl\/index.php?rest_route=%2Fwp%2Fv2%2Fmedia&parent=4773"}],"wp:term":[{"taxonomy":"product_brand","embeddable":true,"href":"https:\/\/izoteryk.pl\/index.php?rest_route=%2Fwp%2Fv2%2Fproduct_brand&post=4773"},{"taxonomy":"product_cat","embeddable":true,"href":"https:\/\/izoteryk.pl\/index.php?rest_route=%2Fwp%2Fv2%2Fproduct_cat&post=4773"},{"taxonomy":"product_tag","embeddable":true,"href":"https:\/\/izoteryk.pl\/index.php?rest_route=%2Fwp%2Fv2%2Fproduct_tag&post=4773"}],"curies":[{"name":"wp","href":"https:\/\/api.w.org\/{rel}","templated":true}]}}