{"id":4746,"date":"2023-12-08T19:43:27","date_gmt":"2023-12-08T18:43:27","guid":{"rendered":"https:\/\/izoteryk.pl\/?post_type=product&#038;p=4746"},"modified":"2026-01-28T18:50:58","modified_gmt":"2026-01-28T17:50:58","slug":"rider-waite-tarot-karty-do-wrozenia","status":"publish","type":"product","link":"https:\/\/izoteryk.pl\/?product=rider-waite-tarot-karty-do-wrozenia","title":{"rendered":"The Rider Tarot &#8211; karty do wr\u00f3\u017cenia"},"content":{"rendered":"<p>Karty Arthura Edwarda Waite&#8217;a s\u0105 pierwszymi w historii kartami tarota w pe\u0142ni zilustrowanymi.\u00a0 Na pocz\u0105tku XX wieku wielki mistrz Zakonu Z\u0142otego Brzasku Arthur. E Waite wynaj\u0105\u0142 artystk\u0119 Pamel\u0119 Colman Smith i zleci\u0142 jej stworzenie ilustracji wed\u0142ug jego pomys\u0142u. Karty te zdoby\u0142y tak niebywa\u0142\u0105 popularno\u015b\u0107, \u017ce w dniu dzisiejszym nie spos\u00f3b jest zliczy\u0107 artyst\u00f3w, kt\u00f3rzy podejmuj\u0105 wyzwanie i stwarzaj\u0105 coraz to pi\u0119kniejsze wersje talii kart tarota opieraj\u0105c si\u0119 na tej w\u0142a\u015bnie grafice powsta\u0142ej\u00a0 przed ponad stu laty.<\/p>\n<p>Karty z umieszczonej oferty na rewersach maj\u0105 uko\u015bn\u0105 krateczk\u0119.<\/p>\n<p>&nbsp;<\/p>\n","protected":false},"excerpt":{"rendered":"<p>SPECYFIKACJA:<\/p>\n<ul>\n<li>Stan: nowe<\/li>\n<li>Wymiary opakowania: 10,5&#215;6,3cm<\/li>\n<li>Ilo\u015b\u0107 kart: 78<\/li>\n<\/ul>\n","protected":false},"featured_media":4747,"comment_status":"open","ping_status":"closed","template":"","meta":[],"product_brand":[],"product_cat":[148,197,84,263],"product_tag":[],"class_list":{"0":"post-4746","1":"product","2":"type-product","3":"status-publish","4":"has-post-thumbnail","6":"product_cat-akcesoria-magiczne","7":"product_cat-karty-do-wrozenia","8":"product_cat-sklep-ezoteryczny","9":"product_cat-tarot","11":"first","12":"instock","13":"shipping-taxable","14":"purchasable","15":"product-type-simple"},"_links":{"self":[{"href":"https:\/\/izoteryk.pl\/index.php?rest_route=\/wp\/v2\/product\/4746","targetHints":{"allow":["GET"]}}],"collection":[{"href":"https:\/\/izoteryk.pl\/index.php?rest_route=\/wp\/v2\/product"}],"about":[{"href":"https:\/\/izoteryk.pl\/index.php?rest_route=\/wp\/v2\/types\/product"}],"replies":[{"embeddable":true,"href":"https:\/\/izoteryk.pl\/index.php?rest_route=%2Fwp%2Fv2%2Fcomments&post=4746"}],"wp:featuredmedia":[{"embeddable":true,"href":"https:\/\/izoteryk.pl\/index.php?rest_route=\/wp\/v2\/media\/4747"}],"wp:attachment":[{"href":"https:\/\/izoteryk.pl\/index.php?rest_route=%2Fwp%2Fv2%2Fmedia&parent=4746"}],"wp:term":[{"taxonomy":"product_brand","embeddable":true,"href":"https:\/\/izoteryk.pl\/index.php?rest_route=%2Fwp%2Fv2%2Fproduct_brand&post=4746"},{"taxonomy":"product_cat","embeddable":true,"href":"https:\/\/izoteryk.pl\/index.php?rest_route=%2Fwp%2Fv2%2Fproduct_cat&post=4746"},{"taxonomy":"product_tag","embeddable":true,"href":"https:\/\/izoteryk.pl\/index.php?rest_route=%2Fwp%2Fv2%2Fproduct_tag&post=4746"}],"curies":[{"name":"wp","href":"https:\/\/api.w.org\/{rel}","templated":true}]}}