{"id":4460,"date":"2023-08-05T20:32:46","date_gmt":"2023-08-05T18:32:46","guid":{"rendered":"https:\/\/izoteryk.pl\/?post_type=product&#038;p=4460"},"modified":"2026-01-28T18:56:27","modified_gmt":"2026-01-28T17:56:27","slug":"swiecznik-solny-jonizator-powietrza-wys-9-cm","status":"publish","type":"product","link":"https:\/\/izoteryk.pl\/?product=swiecznik-solny-jonizator-powietrza-wys-9-cm","title":{"rendered":"\u015awiecznik solny &#8211; jonizator powietrza &#8211; wys. 9 cm"},"content":{"rendered":"<p>Bry\u0142a solna podczas nagrzewania uwalnia jony ujemne, kt\u00f3re s\u0105 bardzo pomocne w walce z wszelkiego rodzaju zarazkami i\u00a0 roztoczami. Skutkiem ubocznym jonizacji powietrza, jest wydzielanie si\u0119 ozonu, kt\u00f3ry z kolei mo\u017ce negatywnie wp\u0142yn\u0105\u0107 na zdrowie, dlatego zaleca si\u0119 zachowanie umiaru w stosowaniu, nale\u017cy te\u017c zadba\u0107 o odpowiedni\u0105 cyrkulacj\u0119 powietrza.<\/p>\n","protected":false},"excerpt":{"rendered":"<p>SPECYFIKACJA:<\/p>\n<ul>\n<li>Stan: nowe<\/li>\n<li>Wysoko\u015b\u0107: oko\u0142o 9 cm<\/li>\n<\/ul>\n","protected":false},"featured_media":4461,"comment_status":"open","ping_status":"closed","template":"","meta":[],"product_brand":[],"product_cat":[148,84,171,224],"product_tag":[],"class_list":{"0":"post-4460","1":"product","2":"type-product","3":"status-publish","4":"has-post-thumbnail","6":"product_cat-akcesoria-magiczne","7":"product_cat-sklep-ezoteryczny","8":"product_cat-swieczki","9":"product_cat-swieczniki","10":"product_shipping_class-rozmiar-xl","12":"first","13":"instock","14":"shipping-taxable","15":"purchasable","16":"product-type-simple"},"_links":{"self":[{"href":"https:\/\/izoteryk.pl\/index.php?rest_route=\/wp\/v2\/product\/4460","targetHints":{"allow":["GET"]}}],"collection":[{"href":"https:\/\/izoteryk.pl\/index.php?rest_route=\/wp\/v2\/product"}],"about":[{"href":"https:\/\/izoteryk.pl\/index.php?rest_route=\/wp\/v2\/types\/product"}],"replies":[{"embeddable":true,"href":"https:\/\/izoteryk.pl\/index.php?rest_route=%2Fwp%2Fv2%2Fcomments&post=4460"}],"wp:featuredmedia":[{"embeddable":true,"href":"https:\/\/izoteryk.pl\/index.php?rest_route=\/wp\/v2\/media\/4461"}],"wp:attachment":[{"href":"https:\/\/izoteryk.pl\/index.php?rest_route=%2Fwp%2Fv2%2Fmedia&parent=4460"}],"wp:term":[{"taxonomy":"product_brand","embeddable":true,"href":"https:\/\/izoteryk.pl\/index.php?rest_route=%2Fwp%2Fv2%2Fproduct_brand&post=4460"},{"taxonomy":"product_cat","embeddable":true,"href":"https:\/\/izoteryk.pl\/index.php?rest_route=%2Fwp%2Fv2%2Fproduct_cat&post=4460"},{"taxonomy":"product_tag","embeddable":true,"href":"https:\/\/izoteryk.pl\/index.php?rest_route=%2Fwp%2Fv2%2Fproduct_tag&post=4460"}],"curies":[{"name":"wp","href":"https:\/\/api.w.org\/{rel}","templated":true}]}}