{"id":4453,"date":"2023-08-04T21:40:09","date_gmt":"2023-08-04T19:40:09","guid":{"rendered":"https:\/\/izoteryk.pl\/?post_type=product&#038;p=4453"},"modified":"2026-01-28T18:56:27","modified_gmt":"2026-01-28T17:56:27","slug":"pentagram-drewniany-na-podstawce","status":"publish","type":"product","link":"https:\/\/izoteryk.pl\/?product=pentagram-drewniany-na-podstawce","title":{"rendered":"Pentagram drewniany na podstawce"},"content":{"rendered":"<p>Pentagram wycinany metod\u0105 laserow\u0105 &#8211; z podstawk\u0105 do samodzielnego z\u0142o\u017cenia.<\/p>\n<p>Uwaga! Dolne ramiona gwiazdy s\u0105 odrobin\u0119 kr\u00f3tsze &#8211; przyci\u0119te tak, aby pasowa\u0142y do podstawki &#8211; patrz drugie zdj\u0119cie.<\/p>\n<p>Pentagram to pi\u0119cioramienna gwiazda, kt\u00f3r\u0105 kre\u015bli si\u0119 bez odrywania r\u0119ki, \u0142\u0105cz\u0105c ze sob\u0105 pi\u0119\u0107 linii prostych. Symbol ten skierowany wierzcho\u0142kiem do g\u00f3ry to tak zwany bia\u0142y pentagram, wykorzystywany w magii pozytywnej, poga\u0144stwie i w religii wicca, symbolizuje si\u0142\u0119 pozytywne oraz panowanie ducha nad materi\u0105.<\/p>\n","protected":false},"excerpt":{"rendered":"<p>SPECYFIKACJA:<\/p>\n<ul>\n<li>Stan: nowe<\/li>\n<li>Materia\u0142: drewno<\/li>\n<li>D\u0142ugo\u015b\u0107 ramienia: 15,6 cm<\/li>\n<li>Grubo\u015b\u0107 3mm<\/li>\n<\/ul>\n","protected":false},"featured_media":4454,"comment_status":"open","ping_status":"closed","template":"","meta":[],"product_brand":[],"product_cat":[107,148,225,84,108,59],"product_tag":[],"class_list":{"0":"post-4453","1":"product","2":"type-product","3":"status-publish","4":"has-post-thumbnail","6":"product_cat-ochrona","7":"product_cat-akcesoria-magiczne","8":"product_cat-pentagram","9":"product_cat-sklep-ezoteryczny","10":"product_cat-symbole","11":"product_cat-z-drewna","13":"first","14":"instock","15":"shipping-taxable","16":"purchasable","17":"product-type-simple"},"_links":{"self":[{"href":"https:\/\/izoteryk.pl\/index.php?rest_route=\/wp\/v2\/product\/4453","targetHints":{"allow":["GET"]}}],"collection":[{"href":"https:\/\/izoteryk.pl\/index.php?rest_route=\/wp\/v2\/product"}],"about":[{"href":"https:\/\/izoteryk.pl\/index.php?rest_route=\/wp\/v2\/types\/product"}],"replies":[{"embeddable":true,"href":"https:\/\/izoteryk.pl\/index.php?rest_route=%2Fwp%2Fv2%2Fcomments&post=4453"}],"wp:featuredmedia":[{"embeddable":true,"href":"https:\/\/izoteryk.pl\/index.php?rest_route=\/wp\/v2\/media\/4454"}],"wp:attachment":[{"href":"https:\/\/izoteryk.pl\/index.php?rest_route=%2Fwp%2Fv2%2Fmedia&parent=4453"}],"wp:term":[{"taxonomy":"product_brand","embeddable":true,"href":"https:\/\/izoteryk.pl\/index.php?rest_route=%2Fwp%2Fv2%2Fproduct_brand&post=4453"},{"taxonomy":"product_cat","embeddable":true,"href":"https:\/\/izoteryk.pl\/index.php?rest_route=%2Fwp%2Fv2%2Fproduct_cat&post=4453"},{"taxonomy":"product_tag","embeddable":true,"href":"https:\/\/izoteryk.pl\/index.php?rest_route=%2Fwp%2Fv2%2Fproduct_tag&post=4453"}],"curies":[{"name":"wp","href":"https:\/\/api.w.org\/{rel}","templated":true}]}}