{"id":4262,"date":"2023-07-18T11:26:21","date_gmt":"2023-07-18T09:26:21","guid":{"rendered":"https:\/\/izoteryk.pl\/?post_type=product&#038;p=4262"},"modified":"2026-01-28T18:56:27","modified_gmt":"2026-01-28T17:56:27","slug":"vegvisir-kompas-wikingow-wypalony-na-drewnianym-krazku-10-cm","status":"publish","type":"product","link":"https:\/\/izoteryk.pl\/?product=vegvisir-kompas-wikingow-wypalony-na-drewnianym-krazku-10-cm","title":{"rendered":"Vegvisir &#8211; Kompas Wiking\u00f3w wypalony na drewnianym kr\u0105\u017cku 10 cm"},"content":{"rendered":"<p>Vegvisir &#8211; Islandzki znak r\u0119cznie wypalony na drewnianym kr\u0105\u017cku o \u015brednicy 10 cm inaczej zwany Kompasem Wiking\u00f3w jest symbolem wskazuj\u0105cym drog\u0119 i pomagaj\u0105cym dobrn\u0105\u0107 do celu.<\/p>\n<p>Poszukujesz swojej drogi \u017cyciowej? Nie wiesz co robi\u0107? Czujesz si\u0119 zagubiony? Spr\u00f3buj odnale\u017a\u0107 swoje pasje i rado\u015b\u0107 z Vegvisirem.<\/p>\n<p>Kr\u0105\u017cek mo\u017ce s\u0142u\u017cy\u0107 jako ozdoba, talizman, podk\u0142adka pod kubek itp.<\/p>\n<p>Uwaga! Ze wzgl\u0119du na to, \u017ce znaki s\u0105 wykonywane r\u0119cznie, poszczeg\u00f3lne egzemplarze mog\u0105 si\u0119 od siebie r\u00f3\u017cni\u0107.<\/p>\n","protected":false},"excerpt":{"rendered":"<p>SPECYFIKACJA:<\/p>\n<ul>\n<li>Stan: nowe<\/li>\n<li>Materia\u0142: drewno sklejkowe<\/li>\n<li>\u015arednica: 10cm<\/li>\n<\/ul>\n","protected":false},"featured_media":4263,"comment_status":"open","ping_status":"closed","template":"","meta":[],"product_brand":[],"product_cat":[98,133,247,248,107,296,177,114,189,137,201,194,148,34,91,298,84,108,297,59],"product_tag":[],"class_list":{"0":"post-4262","1":"product","2":"type-product","3":"status-publish","4":"has-post-thumbnail","6":"product_cat-bezowy","7":"product_cat-intuicja","8":"product_cat-madrosc","9":"product_cat-natchnienie","10":"product_cat-ochrona","11":"product_cat-odnalezienie-drogi","12":"product_cat-radosc","13":"product_cat-rownowaga","14":"product_cat-sila-przebicia","15":"product_cat-sukces","16":"product_cat-szczescie","17":"product_cat-zrozumienie","18":"product_cat-akcesoria-magiczne","19":"product_cat-amulety-i-talizmany","20":"product_cat-kolor","21":"product_cat-kompas-wikingow","22":"product_cat-sklep-ezoteryczny","23":"product_cat-symbole","24":"product_cat-vegvisir","25":"product_cat-z-drewna","27":"first","28":"instock","29":"shipping-taxable","30":"purchasable","31":"product-type-simple"},"_links":{"self":[{"href":"https:\/\/izoteryk.pl\/index.php?rest_route=\/wp\/v2\/product\/4262","targetHints":{"allow":["GET"]}}],"collection":[{"href":"https:\/\/izoteryk.pl\/index.php?rest_route=\/wp\/v2\/product"}],"about":[{"href":"https:\/\/izoteryk.pl\/index.php?rest_route=\/wp\/v2\/types\/product"}],"replies":[{"embeddable":true,"href":"https:\/\/izoteryk.pl\/index.php?rest_route=%2Fwp%2Fv2%2Fcomments&post=4262"}],"wp:featuredmedia":[{"embeddable":true,"href":"https:\/\/izoteryk.pl\/index.php?rest_route=\/wp\/v2\/media\/4263"}],"wp:attachment":[{"href":"https:\/\/izoteryk.pl\/index.php?rest_route=%2Fwp%2Fv2%2Fmedia&parent=4262"}],"wp:term":[{"taxonomy":"product_brand","embeddable":true,"href":"https:\/\/izoteryk.pl\/index.php?rest_route=%2Fwp%2Fv2%2Fproduct_brand&post=4262"},{"taxonomy":"product_cat","embeddable":true,"href":"https:\/\/izoteryk.pl\/index.php?rest_route=%2Fwp%2Fv2%2Fproduct_cat&post=4262"},{"taxonomy":"product_tag","embeddable":true,"href":"https:\/\/izoteryk.pl\/index.php?rest_route=%2Fwp%2Fv2%2Fproduct_tag&post=4262"}],"curies":[{"name":"wp","href":"https:\/\/api.w.org\/{rel}","templated":true}]}}