{"id":4255,"date":"2023-07-18T10:05:34","date_gmt":"2023-07-18T08:05:34","guid":{"rendered":"https:\/\/izoteryk.pl\/?post_type=product&#038;p=4255"},"modified":"2026-01-28T18:56:27","modified_gmt":"2026-01-28T17:56:27","slug":"kwiat-zycia-drewniany-40-cm","status":"publish","type":"product","link":"https:\/\/izoteryk.pl\/?product=kwiat-zycia-drewniany-40-cm","title":{"rendered":"Kwiat \u017bycia &#8211; drewniany 40 cm"},"content":{"rendered":"<p>Kwiat \u017cycia zwi\u0105zany jest ze \u015bwi\u0119t\u0105 geometri\u0105 &#8211; oznacza harmoni\u0119 z Wszech\u015bwiatem i perfekcyjn\u0105 si\u0142\u0119 tworzenia. Uznaje si\u0119, \u017ce znak ten pozytywnie wp\u0142ywa na otoczenie.<\/p>\n","protected":false},"excerpt":{"rendered":"<p>SPECYFIKACJA:<\/p>\n<ul>\n<li>Stan: nowe<\/li>\n<li>Materia\u0142: drewno surowe<\/li>\n<li>\u015arednica: 40 cm<\/li>\n<li>Grubo\u015b\u0107: 3mm<\/li>\n<\/ul>\n","protected":false},"featured_media":4256,"comment_status":"open","ping_status":"closed","template":"","meta":[],"product_brand":[],"product_cat":[204,107,116,131,245,114,190,201,117,244,112,148,295,174,84,108,59],"product_tag":[],"class_list":{"0":"post-4255","1":"product","2":"type-product","3":"status-publish","4":"has-post-thumbnail","6":"product_cat-obfitosc","7":"product_cat-ochrona","8":"product_cat-oczyszczanie","9":"product_cat-opatrznosc","10":"product_cat-piekno","11":"product_cat-rownowaga","12":"product_cat-spokoj","13":"product_cat-szczescie","14":"product_cat-uniwersalna-moc","15":"product_cat-usuwanie-przeszkod","16":"product_cat-zdrowie","17":"product_cat-akcesoria-magiczne","18":"product_cat-kwiat-zycia","19":"product_cat-pozbywanie-sie-blokad","20":"product_cat-sklep-ezoteryczny","21":"product_cat-symbole","22":"product_cat-z-drewna","23":"product_shipping_class-rozmiar-xl","25":"first","26":"instock","27":"shipping-taxable","28":"purchasable","29":"product-type-simple"},"_links":{"self":[{"href":"https:\/\/izoteryk.pl\/index.php?rest_route=\/wp\/v2\/product\/4255","targetHints":{"allow":["GET"]}}],"collection":[{"href":"https:\/\/izoteryk.pl\/index.php?rest_route=\/wp\/v2\/product"}],"about":[{"href":"https:\/\/izoteryk.pl\/index.php?rest_route=\/wp\/v2\/types\/product"}],"replies":[{"embeddable":true,"href":"https:\/\/izoteryk.pl\/index.php?rest_route=%2Fwp%2Fv2%2Fcomments&post=4255"}],"wp:featuredmedia":[{"embeddable":true,"href":"https:\/\/izoteryk.pl\/index.php?rest_route=\/wp\/v2\/media\/4256"}],"wp:attachment":[{"href":"https:\/\/izoteryk.pl\/index.php?rest_route=%2Fwp%2Fv2%2Fmedia&parent=4255"}],"wp:term":[{"taxonomy":"product_brand","embeddable":true,"href":"https:\/\/izoteryk.pl\/index.php?rest_route=%2Fwp%2Fv2%2Fproduct_brand&post=4255"},{"taxonomy":"product_cat","embeddable":true,"href":"https:\/\/izoteryk.pl\/index.php?rest_route=%2Fwp%2Fv2%2Fproduct_cat&post=4255"},{"taxonomy":"product_tag","embeddable":true,"href":"https:\/\/izoteryk.pl\/index.php?rest_route=%2Fwp%2Fv2%2Fproduct_tag&post=4255"}],"curies":[{"name":"wp","href":"https:\/\/api.w.org\/{rel}","templated":true}]}}