{"id":4244,"date":"2023-07-17T17:01:32","date_gmt":"2023-07-17T15:01:32","guid":{"rendered":"https:\/\/izoteryk.pl\/?post_type=product&#038;p=4244"},"modified":"2026-01-28T18:56:27","modified_gmt":"2026-01-28T17:56:27","slug":"mabon-diana-rajchel","status":"publish","type":"product","link":"https:\/\/izoteryk.pl\/?product=mabon-diana-rajchel","title":{"rendered":"Mabon &#8211; Diana Rajchel"},"content":{"rendered":"<p>Mabon to sabat obchodzony z okazji r\u00f3wnonocy jesiennej, noc z 22 na23 wrze\u015bnia.<\/p>\n<p>To czas gdy celebrujemy zr\u00f3wnanie mocy \u015bwiat\u0142a i ciemno\u015bci, energii m\u0119skiej i \u017ce\u0144skiej, boga i bogini oraz \u017cycia i \u015bmierci.<\/p>\n","protected":false},"excerpt":{"rendered":"<p>SPECYFIKACJA:<\/p>\n<ul>\n<li>Stan: nowe<\/li>\n<li>No\u015bnik: ksi\u0105\u017cka papierowa<\/li>\n<li>Ok\u0142adka: mi\u0119kka<\/li>\n<li>Wydawnictwo: Wydawnictwo Kobiece<\/li>\n<li>Wydanie: III<\/li>\n<li>Rok wydania: 2021<\/li>\n<li>Wymiary: 17,5&#215;12,3<\/li>\n<li>Liczba stron: 210<\/li>\n<li>Tematyka: Opis jednego ze \u015bwi\u0105t poga\u0144skich<\/li>\n<\/ul>\n","protected":false},"featured_media":4245,"comment_status":"open","ping_status":"closed","template":"","meta":[],"product_brand":[],"product_cat":[293,281,84],"product_tag":[294],"class_list":{"0":"post-4244","1":"product","2":"type-product","3":"status-publish","4":"has-post-thumbnail","6":"product_cat-poganstwo","7":"product_cat-ksiazki","8":"product_cat-sklep-ezoteryczny","9":"product_tag-diana-rajchel","11":"first","12":"instock","13":"shipping-taxable","14":"purchasable","15":"product-type-simple"},"_links":{"self":[{"href":"https:\/\/izoteryk.pl\/index.php?rest_route=\/wp\/v2\/product\/4244","targetHints":{"allow":["GET"]}}],"collection":[{"href":"https:\/\/izoteryk.pl\/index.php?rest_route=\/wp\/v2\/product"}],"about":[{"href":"https:\/\/izoteryk.pl\/index.php?rest_route=\/wp\/v2\/types\/product"}],"replies":[{"embeddable":true,"href":"https:\/\/izoteryk.pl\/index.php?rest_route=%2Fwp%2Fv2%2Fcomments&post=4244"}],"wp:featuredmedia":[{"embeddable":true,"href":"https:\/\/izoteryk.pl\/index.php?rest_route=\/wp\/v2\/media\/4245"}],"wp:attachment":[{"href":"https:\/\/izoteryk.pl\/index.php?rest_route=%2Fwp%2Fv2%2Fmedia&parent=4244"}],"wp:term":[{"taxonomy":"product_brand","embeddable":true,"href":"https:\/\/izoteryk.pl\/index.php?rest_route=%2Fwp%2Fv2%2Fproduct_brand&post=4244"},{"taxonomy":"product_cat","embeddable":true,"href":"https:\/\/izoteryk.pl\/index.php?rest_route=%2Fwp%2Fv2%2Fproduct_cat&post=4244"},{"taxonomy":"product_tag","embeddable":true,"href":"https:\/\/izoteryk.pl\/index.php?rest_route=%2Fwp%2Fv2%2Fproduct_tag&post=4244"}],"curies":[{"name":"wp","href":"https:\/\/api.w.org\/{rel}","templated":true}]}}