{"id":4236,"date":"2023-07-17T11:18:10","date_gmt":"2023-07-17T09:18:10","guid":{"rendered":"https:\/\/izoteryk.pl\/?post_type=product&#038;p=4236"},"modified":"2026-01-28T18:56:28","modified_gmt":"2026-01-28T17:56:28","slug":"runy-klasyczne-alla-alicja-chrzanowska","status":"publish","type":"product","link":"https:\/\/izoteryk.pl\/?product=runy-klasyczne-alla-alicja-chrzanowska","title":{"rendered":"Runy klasyczne &#8211; Alla Alicja Chrzanowska"},"content":{"rendered":"<p>Runy to system magicznych i wr\u00f3\u017cebnych znak\u00f3w, maj\u0105cy ponad 3000 lat tradycji. Niniejsza ksi\u0105\u017cka w przyst\u0119pny spos\u00f3b wprowadza Czytelnika w tajniki runicznych znak\u00f3w. Uczy jak dzi\u0119ki nim prognozowa\u0107 przysz\u0142o\u015b\u0107 i jak u\u0142atwia\u0107 sobie \u017cycie korzystaj\u0105c z ich magicznej mocy.<\/p>\n","protected":false},"excerpt":{"rendered":"<p>SPECYFIKACJA:<\/p>\n<ul>\n<li>Stan: nowe<\/li>\n<li>No\u015bnik: ksi\u0105\u017cka papierowa<\/li>\n<li>Ok\u0142adka: mi\u0119kka<\/li>\n<li>Wydawnictwo: ARS SCRIPTI-2<\/li>\n<li>Wydanie: VI<\/li>\n<li>Rok wydania: 2022<\/li>\n<li>Wymiary: 16,5&#215;12<\/li>\n<li>Liczba stron: 166<\/li>\n<li>Tematyka: Opis znaczenia run<\/li>\n<\/ul>\n","protected":false},"featured_media":4237,"comment_status":"open","ping_status":"closed","template":"","meta":[],"product_brand":[],"product_cat":[291,281,84],"product_tag":[292],"class_list":{"0":"post-4236","1":"product","2":"type-product","3":"status-publish","4":"has-post-thumbnail","6":"product_cat-runy-ksiazki","7":"product_cat-ksiazki","8":"product_cat-sklep-ezoteryczny","9":"product_tag-alla-alicja-chrzanowska","11":"first","12":"instock","13":"shipping-taxable","14":"purchasable","15":"product-type-simple"},"_links":{"self":[{"href":"https:\/\/izoteryk.pl\/index.php?rest_route=\/wp\/v2\/product\/4236","targetHints":{"allow":["GET"]}}],"collection":[{"href":"https:\/\/izoteryk.pl\/index.php?rest_route=\/wp\/v2\/product"}],"about":[{"href":"https:\/\/izoteryk.pl\/index.php?rest_route=\/wp\/v2\/types\/product"}],"replies":[{"embeddable":true,"href":"https:\/\/izoteryk.pl\/index.php?rest_route=%2Fwp%2Fv2%2Fcomments&post=4236"}],"wp:featuredmedia":[{"embeddable":true,"href":"https:\/\/izoteryk.pl\/index.php?rest_route=\/wp\/v2\/media\/4237"}],"wp:attachment":[{"href":"https:\/\/izoteryk.pl\/index.php?rest_route=%2Fwp%2Fv2%2Fmedia&parent=4236"}],"wp:term":[{"taxonomy":"product_brand","embeddable":true,"href":"https:\/\/izoteryk.pl\/index.php?rest_route=%2Fwp%2Fv2%2Fproduct_brand&post=4236"},{"taxonomy":"product_cat","embeddable":true,"href":"https:\/\/izoteryk.pl\/index.php?rest_route=%2Fwp%2Fv2%2Fproduct_cat&post=4236"},{"taxonomy":"product_tag","embeddable":true,"href":"https:\/\/izoteryk.pl\/index.php?rest_route=%2Fwp%2Fv2%2Fproduct_tag&post=4236"}],"curies":[{"name":"wp","href":"https:\/\/api.w.org\/{rel}","templated":true}]}}