{"id":4233,"date":"2023-07-17T10:58:17","date_gmt":"2023-07-17T08:58:17","guid":{"rendered":"https:\/\/izoteryk.pl\/?post_type=product&#038;p=4233"},"modified":"2026-01-28T18:56:28","modified_gmt":"2026-01-28T17:56:28","slug":"zdawaj-egzaminy-z-sukcesem-jean-marc-bayle","status":"publish","type":"product","link":"https:\/\/izoteryk.pl\/?product=zdawaj-egzaminy-z-sukcesem-jean-marc-bayle","title":{"rendered":"Zdawaj egzaminy z sukcesem! &#8211; Jean-Marc Bayle"},"content":{"rendered":"<p>Ksi\u0105\u017cka przeznaczona jest dla wszystkich, kt\u00f3rzy maj\u0105 stawi\u0107 czo\u0142o egzaminom. Autor przedstawia w niej kilka metod, kt\u00f3re pozwalaj\u0105 wzmocni\u0107 swoj\u0105 motywacj\u0119 i pomaga by\u0107 w doskona\u0142ej formie psychicznej w tym wa\u017cnym dniu. Metody te to m.in.: ulepszenie zdolno\u015bci zapami\u0119tywania, optymalizacja wykorzystania w\u0142asnej inteligencji, spokojniejsze podej\u015bcie do stresu spowodowanego egzaminami, odpowiednie zarz\u0105dzanie czasem. Autor przytacza tak\u017ce wiele przyk\u0142\u0105d\u00f3w i anegdot, kt\u00f3re pozwalaj\u0105 lepiej zrozumie\u0107 proponowane techniki, a tak\u017ce sprawiaj\u0105, \u017ce przyjemna lektura pomaga zapomnie\u0107 o stresie.<\/p>\n","protected":false},"excerpt":{"rendered":"<p>SPECYFIKACJA:<\/p>\n<ul>\n<li>Stan: nowe<\/li>\n<li>No\u015bnik: ksi\u0105\u017cka papierowa<\/li>\n<li>Ok\u0142adka: mi\u0119kka<\/li>\n<li>Wydawnictwo: VIDEOGRAF II<\/li>\n<li>Rok wydania: 2008<\/li>\n<li>Wymiary: 21,5&#215;16<\/li>\n<li>Liczba stron: 125<\/li>\n<li>Tematyka: Przekazy z innego \u015bwiata<\/li>\n<\/ul>\n","protected":false},"featured_media":4234,"comment_status":"open","ping_status":"closed","template":"","meta":[],"product_brand":[],"product_cat":[289,281,84],"product_tag":[290],"class_list":{"0":"post-4233","1":"product","2":"type-product","3":"status-publish","4":"has-post-thumbnail","6":"product_cat-motywacja","7":"product_cat-ksiazki","8":"product_cat-sklep-ezoteryczny","9":"product_tag-jean-marc-bayle","11":"first","12":"instock","13":"shipping-taxable","14":"purchasable","15":"product-type-simple"},"_links":{"self":[{"href":"https:\/\/izoteryk.pl\/index.php?rest_route=\/wp\/v2\/product\/4233","targetHints":{"allow":["GET"]}}],"collection":[{"href":"https:\/\/izoteryk.pl\/index.php?rest_route=\/wp\/v2\/product"}],"about":[{"href":"https:\/\/izoteryk.pl\/index.php?rest_route=\/wp\/v2\/types\/product"}],"replies":[{"embeddable":true,"href":"https:\/\/izoteryk.pl\/index.php?rest_route=%2Fwp%2Fv2%2Fcomments&post=4233"}],"wp:featuredmedia":[{"embeddable":true,"href":"https:\/\/izoteryk.pl\/index.php?rest_route=\/wp\/v2\/media\/4234"}],"wp:attachment":[{"href":"https:\/\/izoteryk.pl\/index.php?rest_route=%2Fwp%2Fv2%2Fmedia&parent=4233"}],"wp:term":[{"taxonomy":"product_brand","embeddable":true,"href":"https:\/\/izoteryk.pl\/index.php?rest_route=%2Fwp%2Fv2%2Fproduct_brand&post=4233"},{"taxonomy":"product_cat","embeddable":true,"href":"https:\/\/izoteryk.pl\/index.php?rest_route=%2Fwp%2Fv2%2Fproduct_cat&post=4233"},{"taxonomy":"product_tag","embeddable":true,"href":"https:\/\/izoteryk.pl\/index.php?rest_route=%2Fwp%2Fv2%2Fproduct_tag&post=4233"}],"curies":[{"name":"wp","href":"https:\/\/api.w.org\/{rel}","templated":true}]}}