{"id":4230,"date":"2023-07-17T10:22:59","date_gmt":"2023-07-17T08:22:59","guid":{"rendered":"https:\/\/izoteryk.pl\/?post_type=product&#038;p=4230"},"modified":"2026-01-28T18:56:28","modified_gmt":"2026-01-28T17:56:28","slug":"glosy-z-wiecznosci-patricia-darre","status":"publish","type":"product","link":"https:\/\/izoteryk.pl\/?product=glosy-z-wiecznosci-patricia-darre","title":{"rendered":"G\u0142osy z wieczno\u015bci &#8211; Patricia Darre"},"content":{"rendered":"<p>ZMARLI CZUWAJ\u0104 NAD NAMI<\/p>\n<p>,,Pragn\u0119 podzieli\u0107 si\u0119 wiadomo\u015bciami, kt\u00f3re otrzyma\u0142am z innego wymiaru&#8221;.<\/p>\n<p>&#8222;Wsta\u0144, we\u017a papier i pisz&#8221;. Kiedy Patricia Darre po raz pierwszy us\u0142ysza\u0142a &#8222;g\u0142osy&#8221; wydaj\u0105ce jej to polecenie, natychmiast uda\u0142a si\u0119 do psychiatry. Okaza\u0142o si\u0119 jednak, \u017ce wcale nie cierpi na schizofreni\u0119. Jest medium, po\u015brednikiem mi\u0119dzy nami a \u015bwiatem zmar\u0142ych.<\/p>\n<p>Odt\u0105d pomaga zb\u0142\u0105kanym duszom przej\u015b\u0107 do wy\u017cszych stan\u00f3w, a \u017cyj\u0105cych uczy, jak pozwoli\u0107 najbli\u017cszym odej\u015b\u0107, kiedy nadchodzi ich czas, bo nadmiar naszych \u0142ez tylko utrudnia im zadanie.<\/p>\n<p>Dzi\u0119ki tej ksi\u0105\u017cce \u0142atwiej nam zrozumie\u0107, \u017ce \u015bmier\u0107 nie jest ko\u0144cem, lecz zaledwie pocz\u0105tkiem dalszej drogi. Patricia Darre pomaga nam wyzby\u0107 si\u0119 l\u0119k\u00f3w, uwolni\u0107 si\u0119 od nadmiernego przywi\u0105zania do d\u00f3 materialnych, by po prostu \u017cy\u0107 szcz\u0119\u015bliwiej. Dowiadujemy si\u0119 bowiem, \u017ce duchowo\u015b\u0107 i rzeczywisto\u015b\u0107 wcale nie s\u0105 ze sob\u0105 sprzeczne.<\/p>\n<p>Autorka odprawia te\u017c egzorcyzmy, nie pobieraj\u0105c za to wynagrodzenia, gdy\u017c &#8211; jak m\u00f3wi &#8211; &#8222;pieni\u0105dze zabijaj\u0105 dar&#8221;.<\/p>\n","protected":false},"excerpt":{"rendered":"<p>SPECYFIKACJA:<\/p>\n<ul>\n<li>Stan: nowe<\/li>\n<li>No\u015bnik: ksi\u0105\u017cka papierowa<\/li>\n<li>Ok\u0142adka: mi\u0119kka<\/li>\n<li>Wydawnictwo: WE<\/li>\n<li>Rok wydania: 2013<\/li>\n<li>Wymiary: 21&#215;14,6<\/li>\n<li>Liczba stron: 207<\/li>\n<li>Tematyka: Przekazy z innego \u015bwiata<\/li>\n<\/ul>\n","protected":false},"featured_media":4231,"comment_status":"open","ping_status":"closed","template":"","meta":[],"product_brand":[],"product_cat":[285,281,84],"product_tag":[286],"class_list":{"0":"post-4230","1":"product","2":"type-product","3":"status-publish","4":"has-post-thumbnail","6":"product_cat-przekazy","7":"product_cat-ksiazki","8":"product_cat-sklep-ezoteryczny","9":"product_tag-patricia-darre","11":"first","12":"instock","13":"shipping-taxable","14":"purchasable","15":"product-type-simple"},"_links":{"self":[{"href":"https:\/\/izoteryk.pl\/index.php?rest_route=\/wp\/v2\/product\/4230","targetHints":{"allow":["GET"]}}],"collection":[{"href":"https:\/\/izoteryk.pl\/index.php?rest_route=\/wp\/v2\/product"}],"about":[{"href":"https:\/\/izoteryk.pl\/index.php?rest_route=\/wp\/v2\/types\/product"}],"replies":[{"embeddable":true,"href":"https:\/\/izoteryk.pl\/index.php?rest_route=%2Fwp%2Fv2%2Fcomments&post=4230"}],"wp:featuredmedia":[{"embeddable":true,"href":"https:\/\/izoteryk.pl\/index.php?rest_route=\/wp\/v2\/media\/4231"}],"wp:attachment":[{"href":"https:\/\/izoteryk.pl\/index.php?rest_route=%2Fwp%2Fv2%2Fmedia&parent=4230"}],"wp:term":[{"taxonomy":"product_brand","embeddable":true,"href":"https:\/\/izoteryk.pl\/index.php?rest_route=%2Fwp%2Fv2%2Fproduct_brand&post=4230"},{"taxonomy":"product_cat","embeddable":true,"href":"https:\/\/izoteryk.pl\/index.php?rest_route=%2Fwp%2Fv2%2Fproduct_cat&post=4230"},{"taxonomy":"product_tag","embeddable":true,"href":"https:\/\/izoteryk.pl\/index.php?rest_route=%2Fwp%2Fv2%2Fproduct_tag&post=4230"}],"curies":[{"name":"wp","href":"https:\/\/api.w.org\/{rel}","templated":true}]}}