{"id":4225,"date":"2023-07-16T01:04:32","date_gmt":"2023-07-15T23:04:32","guid":{"rendered":"https:\/\/izoteryk.pl\/?post_type=product&#038;p=4225"},"modified":"2026-01-28T18:56:28","modified_gmt":"2026-01-28T17:56:28","slug":"back-flow-ceramiczny-kominek-na-kadzidelka-stozkowe-efekt-wodospadu","status":"publish","type":"product","link":"https:\/\/izoteryk.pl\/?product=back-flow-ceramiczny-kominek-na-kadzidelka-stozkowe-efekt-wodospadu","title":{"rendered":"Ceramiczny kominek na kadzide\u0142ka sto\u017ckowe i patyczkowe &#8211; efekt wodospadu dymnego"},"content":{"rendered":"<p>Pi\u0119kny kominek ceramiczny &#8211; dym z kadzide\u0142ka sto\u017ckowego pi\u0119knie sp\u0142ywa z g\u00f3ry i gromadzi si\u0119 w podstawce &#8211; opr\u00f3cz tego w podstawce kominka mo\u017cna umie\u015bci\u0107 kadzide\u0142ko patyczkowe.<\/p>\n<p>Aby uzyska\u0107 efekt wodospadu potrzebne jest specjalne kadzide\u0142ko sto\u017ckowe z przep\u0142ywem zwrotnym.<\/p>\n<p>Oferta dotyczy samego kominka bez widocznych na zdj\u0119ciu kadzide\u0142ek<\/p>\n","protected":false},"excerpt":{"rendered":"<p>SPECYFIKACJA:<\/p>\n<ul>\n<li>Materia\u0142: ceramika<\/li>\n<li>Wymiary: wys: ok. 6cm, szer: ok. 11 cm, g\u0142: ok. 8 cm<\/li>\n<li>Kolor: venge<\/li>\n<\/ul>\n","protected":false},"featured_media":4649,"comment_status":"open","ping_status":"closed","template":"","meta":[],"product_brand":[],"product_cat":[94,148,273,155,84],"product_tag":[419,425],"class_list":{"0":"post-4225","1":"product","2":"type-product","3":"status-publish","4":"has-post-thumbnail","6":"product_cat-brazowy","7":"product_cat-akcesoria-magiczne","8":"product_cat-kominki-i-podstawki","9":"product_cat-podstawki-do-kadzidelek","10":"product_cat-sklep-ezoteryczny","11":"product_tag-backflow","12":"product_tag-sklep-z-kadzidelkami","13":"product_shipping_class-rozmiar-xl","15":"first","16":"instock","17":"featured","18":"shipping-taxable","19":"purchasable","20":"product-type-simple"},"_links":{"self":[{"href":"https:\/\/izoteryk.pl\/index.php?rest_route=\/wp\/v2\/product\/4225","targetHints":{"allow":["GET"]}}],"collection":[{"href":"https:\/\/izoteryk.pl\/index.php?rest_route=\/wp\/v2\/product"}],"about":[{"href":"https:\/\/izoteryk.pl\/index.php?rest_route=\/wp\/v2\/types\/product"}],"replies":[{"embeddable":true,"href":"https:\/\/izoteryk.pl\/index.php?rest_route=%2Fwp%2Fv2%2Fcomments&post=4225"}],"wp:featuredmedia":[{"embeddable":true,"href":"https:\/\/izoteryk.pl\/index.php?rest_route=\/wp\/v2\/media\/4649"}],"wp:attachment":[{"href":"https:\/\/izoteryk.pl\/index.php?rest_route=%2Fwp%2Fv2%2Fmedia&parent=4225"}],"wp:term":[{"taxonomy":"product_brand","embeddable":true,"href":"https:\/\/izoteryk.pl\/index.php?rest_route=%2Fwp%2Fv2%2Fproduct_brand&post=4225"},{"taxonomy":"product_cat","embeddable":true,"href":"https:\/\/izoteryk.pl\/index.php?rest_route=%2Fwp%2Fv2%2Fproduct_cat&post=4225"},{"taxonomy":"product_tag","embeddable":true,"href":"https:\/\/izoteryk.pl\/index.php?rest_route=%2Fwp%2Fv2%2Fproduct_tag&post=4225"}],"curies":[{"name":"wp","href":"https:\/\/api.w.org\/{rel}","templated":true}]}}