{"id":4222,"date":"2023-07-16T00:21:07","date_gmt":"2023-07-15T22:21:07","guid":{"rendered":"https:\/\/izoteryk.pl\/?post_type=product&#038;p=4222"},"modified":"2026-01-28T18:56:28","modified_gmt":"2026-01-28T17:56:28","slug":"reiki-odczarowane-krystyna-sylwestrow","status":"publish","type":"product","link":"https:\/\/izoteryk.pl\/?product=reiki-odczarowane-krystyna-sylwestrow","title":{"rendered":"Reiki odczarowane &#8211; Krystyna Sylwestrow"},"content":{"rendered":"<p>Reiki to popularna a zarazem kontrowersyjna metoda uzdrawiania, w kt\u00f3rej wa\u017cne miejsce zajmuje przyk\u0142adanie r\u0105k do cia\u0142a chorego.<\/p>\n<p>,, Reiki odczarowane&#8221; omawia histori\u0119 metody w Polsce i na \u015bwiecie, krytyk\u0119, z jak\u0105 si\u0119 ona spotyka oraz charakter reiki jako terapii. Po\u0142\u0105czenie dobrego stylu z warto\u015bciowymi informacjami pozwala na zajmuj\u0105c\u0105 lektur\u0119.<\/p>\n<p>Poprzez sw\u00f3j naukowy charakter ksi\u0105\u017cka wype\u0142nia luk\u0119, powsta\u0142\u0105 mi\u0119dzy podr\u0119cznikami dla uzdrowicieli a publikacjami zwalczaj\u0105cymi reiki.<\/p>\n","protected":false},"excerpt":{"rendered":"<p>SPECYFIKACJA:<\/p>\n<ul>\n<li>Stan: nowe<\/li>\n<li>No\u015bnik: ksi\u0105\u017cka papierowa<\/li>\n<li>Ok\u0142adka: mi\u0119kka<\/li>\n<li>Wydawnictwo: LIBRON<\/li>\n<li>Rok wydania: 2004<\/li>\n<li>Wymiary: 20X12,8<\/li>\n<li>Liczba stron: 170<\/li>\n<li>Tematyka: Uzdrawianie metod\u0105 Reiki &#8211; analiza<\/li>\n<\/ul>\n","protected":false},"featured_media":4223,"comment_status":"open","ping_status":"closed","template":"","meta":[],"product_brand":[],"product_cat":[284,283,281,84],"product_tag":[287],"class_list":{"0":"post-4222","1":"product","2":"type-product","3":"status-publish","4":"has-post-thumbnail","6":"product_cat-reiki","7":"product_cat-uzdrawianie","8":"product_cat-ksiazki","9":"product_cat-sklep-ezoteryczny","10":"product_tag-krystyna-sylwestrow","12":"first","13":"instock","14":"shipping-taxable","15":"purchasable","16":"product-type-simple"},"_links":{"self":[{"href":"https:\/\/izoteryk.pl\/index.php?rest_route=\/wp\/v2\/product\/4222","targetHints":{"allow":["GET"]}}],"collection":[{"href":"https:\/\/izoteryk.pl\/index.php?rest_route=\/wp\/v2\/product"}],"about":[{"href":"https:\/\/izoteryk.pl\/index.php?rest_route=\/wp\/v2\/types\/product"}],"replies":[{"embeddable":true,"href":"https:\/\/izoteryk.pl\/index.php?rest_route=%2Fwp%2Fv2%2Fcomments&post=4222"}],"wp:featuredmedia":[{"embeddable":true,"href":"https:\/\/izoteryk.pl\/index.php?rest_route=\/wp\/v2\/media\/4223"}],"wp:attachment":[{"href":"https:\/\/izoteryk.pl\/index.php?rest_route=%2Fwp%2Fv2%2Fmedia&parent=4222"}],"wp:term":[{"taxonomy":"product_brand","embeddable":true,"href":"https:\/\/izoteryk.pl\/index.php?rest_route=%2Fwp%2Fv2%2Fproduct_brand&post=4222"},{"taxonomy":"product_cat","embeddable":true,"href":"https:\/\/izoteryk.pl\/index.php?rest_route=%2Fwp%2Fv2%2Fproduct_cat&post=4222"},{"taxonomy":"product_tag","embeddable":true,"href":"https:\/\/izoteryk.pl\/index.php?rest_route=%2Fwp%2Fv2%2Fproduct_tag&post=4222"}],"curies":[{"name":"wp","href":"https:\/\/api.w.org\/{rel}","templated":true}]}}