{"id":4216,"date":"2023-07-15T23:48:09","date_gmt":"2023-07-15T21:48:09","guid":{"rendered":"https:\/\/izoteryk.pl\/?post_type=product&#038;p=4216"},"modified":"2026-01-28T18:56:28","modified_gmt":"2026-01-28T17:56:28","slug":"zrozumiec-kod-da-vinci-amy-welborn","status":"publish","type":"product","link":"https:\/\/izoteryk.pl\/?product=zrozumiec-kod-da-vinci-amy-welborn","title":{"rendered":"Zrozumie\u0107 Kod Da Vinci &#8211; Amy Welborn"},"content":{"rendered":"<p>,, ..Co ukry\u0142 w swojej ksi\u0105\u017cce DAN BROWN?&#8221;<\/p>\n<p>Spostrze\u017cenia autorki stawiaj\u0105 spraw\u0119 kodu Leonarda Da Vinci w innym \u015bwietle<\/p>\n","protected":false},"excerpt":{"rendered":"<p>SPECYFIKACJA:<\/p>\n<ul>\n<li>Stan: nowe<\/li>\n<li>No\u015bnik: ksi\u0105\u017cka papierowa<\/li>\n<li>Ok\u0142adka: mi\u0119kka<\/li>\n<li>Wydawnictwo: Polskie Wydawnictwo Encyklopedyczne<\/li>\n<li>Wydanie: drugie poprawione<\/li>\n<li>Rok wydania: 2005<\/li>\n<li>Wymiary: 19,5&#215;12,6<\/li>\n<li>Liczba stron: 142<\/li>\n<li>Tematyka: Analiza twierdze\u0144 Dana Browna stawiaj\u0105ca jego spostrze\u017cenia w innym \u015bwietle<\/li>\n<\/ul>\n","protected":false},"featured_media":4218,"comment_status":"open","ping_status":"closed","template":"","meta":[],"product_brand":[],"product_cat":[282,281,84],"product_tag":[288],"class_list":{"0":"post-4216","1":"product","2":"type-product","3":"status-publish","4":"has-post-thumbnail","6":"product_cat-tajemnice","7":"product_cat-ksiazki","8":"product_cat-sklep-ezoteryczny","9":"product_tag-amy-welborn","11":"first","12":"instock","13":"shipping-taxable","14":"purchasable","15":"product-type-simple"},"_links":{"self":[{"href":"https:\/\/izoteryk.pl\/index.php?rest_route=\/wp\/v2\/product\/4216","targetHints":{"allow":["GET"]}}],"collection":[{"href":"https:\/\/izoteryk.pl\/index.php?rest_route=\/wp\/v2\/product"}],"about":[{"href":"https:\/\/izoteryk.pl\/index.php?rest_route=\/wp\/v2\/types\/product"}],"replies":[{"embeddable":true,"href":"https:\/\/izoteryk.pl\/index.php?rest_route=%2Fwp%2Fv2%2Fcomments&post=4216"}],"wp:featuredmedia":[{"embeddable":true,"href":"https:\/\/izoteryk.pl\/index.php?rest_route=\/wp\/v2\/media\/4218"}],"wp:attachment":[{"href":"https:\/\/izoteryk.pl\/index.php?rest_route=%2Fwp%2Fv2%2Fmedia&parent=4216"}],"wp:term":[{"taxonomy":"product_brand","embeddable":true,"href":"https:\/\/izoteryk.pl\/index.php?rest_route=%2Fwp%2Fv2%2Fproduct_brand&post=4216"},{"taxonomy":"product_cat","embeddable":true,"href":"https:\/\/izoteryk.pl\/index.php?rest_route=%2Fwp%2Fv2%2Fproduct_cat&post=4216"},{"taxonomy":"product_tag","embeddable":true,"href":"https:\/\/izoteryk.pl\/index.php?rest_route=%2Fwp%2Fv2%2Fproduct_tag&post=4216"}],"curies":[{"name":"wp","href":"https:\/\/api.w.org\/{rel}","templated":true}]}}