{"id":4212,"date":"2023-07-15T16:10:06","date_gmt":"2023-07-15T14:10:06","guid":{"rendered":"https:\/\/izoteryk.pl\/?post_type=product&#038;p=4212"},"modified":"2026-01-28T18:56:28","modified_gmt":"2026-01-28T17:56:28","slug":"runy-wypalane-w-drewnie-sr-15mm-zestaw-w-lnianym-woreczku","status":"publish","type":"product","link":"https:\/\/izoteryk.pl\/?product=runy-wypalane-w-drewnie-sr-15mm-zestaw-w-lnianym-woreczku","title":{"rendered":"Runy wypalane na drewienkach \u015br. 15mm &#8211; zestaw w lnianym woreczku"},"content":{"rendered":"<p>Runy r\u0119cznie wypalane na drewnianych kr\u0105\u017ckach wielko\u015bci 15mmx3mm. Jest to zestaw run klasycznych starszego futharku czyli 24 runy + dodatkowa pusta runa. Do zestawu do\u0142\u0105czony jest naturalny lniany woreczek.<\/p>\n<p>Uwaga: Poszczeg\u00f3lne partie produkt\u00f3w mog\u0105 si\u0119 nieznacznie od siebie r\u00f3\u017cni\u0107 poniewa\u017c s\u0105 wypalane r\u0119cznie.<\/p>\n<p>Oferta dotyczy jednego zestawu run.<\/p>\n","protected":false},"excerpt":{"rendered":"<p>SPECYFIKACJA:<\/p>\n<ul>\n<li>Stan: Nowe<\/li>\n<li>Materia\u0142: Drewno sklejkowe<\/li>\n<li>\u015arednica kr\u0105\u017ck\u00f3w: 15mm<\/li>\n<li>Grubo\u015b\u0107 kr\u0105\u017ck\u00f3w: 3mm<\/li>\n<li>Ilo\u015b\u0107 w zestawie: 25 drewnianych kr\u0105\u017ck\u00f3w + 1 lniany woreczek<\/li>\n<\/ul>\n","protected":false},"featured_media":4213,"comment_status":"open","ping_status":"closed","template":"","meta":[],"product_brand":[],"product_cat":[98,148,35,37,84],"product_tag":[],"class_list":{"0":"post-4212","1":"product","2":"type-product","3":"status-publish","4":"has-post-thumbnail","6":"product_cat-bezowy","7":"product_cat-akcesoria-magiczne","8":"product_cat-futhark","9":"product_cat-runy","10":"product_cat-sklep-ezoteryczny","12":"first","13":"instock","14":"shipping-taxable","15":"purchasable","16":"product-type-simple"},"_links":{"self":[{"href":"https:\/\/izoteryk.pl\/index.php?rest_route=\/wp\/v2\/product\/4212","targetHints":{"allow":["GET"]}}],"collection":[{"href":"https:\/\/izoteryk.pl\/index.php?rest_route=\/wp\/v2\/product"}],"about":[{"href":"https:\/\/izoteryk.pl\/index.php?rest_route=\/wp\/v2\/types\/product"}],"replies":[{"embeddable":true,"href":"https:\/\/izoteryk.pl\/index.php?rest_route=%2Fwp%2Fv2%2Fcomments&post=4212"}],"wp:featuredmedia":[{"embeddable":true,"href":"https:\/\/izoteryk.pl\/index.php?rest_route=\/wp\/v2\/media\/4213"}],"wp:attachment":[{"href":"https:\/\/izoteryk.pl\/index.php?rest_route=%2Fwp%2Fv2%2Fmedia&parent=4212"}],"wp:term":[{"taxonomy":"product_brand","embeddable":true,"href":"https:\/\/izoteryk.pl\/index.php?rest_route=%2Fwp%2Fv2%2Fproduct_brand&post=4212"},{"taxonomy":"product_cat","embeddable":true,"href":"https:\/\/izoteryk.pl\/index.php?rest_route=%2Fwp%2Fv2%2Fproduct_cat&post=4212"},{"taxonomy":"product_tag","embeddable":true,"href":"https:\/\/izoteryk.pl\/index.php?rest_route=%2Fwp%2Fv2%2Fproduct_tag&post=4212"}],"curies":[{"name":"wp","href":"https:\/\/api.w.org\/{rel}","templated":true}]}}