{"id":4195,"date":"2023-05-20T18:56:29","date_gmt":"2023-05-20T16:56:29","guid":{"rendered":"https:\/\/izoteryk.pl\/?post_type=product&#038;p=4195"},"modified":"2026-01-28T18:56:29","modified_gmt":"2026-01-28T17:56:29","slug":"podstawka-na-dwa-kadzidelka-stozkowe-skrzynka-155x55-wys-55cm","status":"publish","type":"product","link":"https:\/\/izoteryk.pl\/?product=podstawka-na-dwa-kadzidelka-stozkowe-skrzynka-155x55-wys-55cm","title":{"rendered":"Podstawka na dwa kadzide\u0142ka sto\u017ckowe &#8211; skrzynka 15,5&#215;5,5 wys. 5,5cm"},"content":{"rendered":"<p>Podstawka na kadzide\u0142ka sto\u017ckowe &#8211; bia\u0142a drewniana skrzynka w stylu orientalnym ozdobiona dwoma czarnymi s\u0142oniami &#8211; zamykana od g\u00f3ry<\/p>\n","protected":false},"excerpt":{"rendered":"<p>SPECYFIKACJA:<\/p>\n<ul>\n<li>Stan: nowe<\/li>\n<li>Wymiary: 15,5&#215;5,5&#215;5,5cm<\/li>\n<li>Materia\u0142: drewno, metal<\/li>\n<li>Kolor: bia\u0142y<\/li>\n<\/ul>\n","protected":false},"featured_media":4196,"comment_status":"open","ping_status":"closed","template":"","meta":[],"product_brand":[],"product_cat":[100,148,91,273,155,84,156,108],"product_tag":[425],"class_list":{"0":"post-4195","1":"product","2":"type-product","3":"status-publish","4":"has-post-thumbnail","6":"product_cat-bialy","7":"product_cat-akcesoria-magiczne","8":"product_cat-kolor","9":"product_cat-kominki-i-podstawki","10":"product_cat-podstawki-do-kadzidelek","11":"product_cat-sklep-ezoteryczny","12":"product_cat-slonik","13":"product_cat-symbole","14":"product_tag-sklep-z-kadzidelkami","15":"product_shipping_class-rozmiar-l","17":"first","18":"instock","19":"shipping-taxable","20":"purchasable","21":"product-type-simple"},"_links":{"self":[{"href":"https:\/\/izoteryk.pl\/index.php?rest_route=\/wp\/v2\/product\/4195","targetHints":{"allow":["GET"]}}],"collection":[{"href":"https:\/\/izoteryk.pl\/index.php?rest_route=\/wp\/v2\/product"}],"about":[{"href":"https:\/\/izoteryk.pl\/index.php?rest_route=\/wp\/v2\/types\/product"}],"replies":[{"embeddable":true,"href":"https:\/\/izoteryk.pl\/index.php?rest_route=%2Fwp%2Fv2%2Fcomments&post=4195"}],"wp:featuredmedia":[{"embeddable":true,"href":"https:\/\/izoteryk.pl\/index.php?rest_route=\/wp\/v2\/media\/4196"}],"wp:attachment":[{"href":"https:\/\/izoteryk.pl\/index.php?rest_route=%2Fwp%2Fv2%2Fmedia&parent=4195"}],"wp:term":[{"taxonomy":"product_brand","embeddable":true,"href":"https:\/\/izoteryk.pl\/index.php?rest_route=%2Fwp%2Fv2%2Fproduct_brand&post=4195"},{"taxonomy":"product_cat","embeddable":true,"href":"https:\/\/izoteryk.pl\/index.php?rest_route=%2Fwp%2Fv2%2Fproduct_cat&post=4195"},{"taxonomy":"product_tag","embeddable":true,"href":"https:\/\/izoteryk.pl\/index.php?rest_route=%2Fwp%2Fv2%2Fproduct_tag&post=4195"}],"curies":[{"name":"wp","href":"https:\/\/api.w.org\/{rel}","templated":true}]}}