{"id":4192,"date":"2023-05-20T18:23:21","date_gmt":"2023-05-20T16:23:21","guid":{"rendered":"https:\/\/izoteryk.pl\/?post_type=product&#038;p=4192"},"modified":"2026-01-28T18:56:29","modified_gmt":"2026-01-28T17:56:29","slug":"kominek-do-olejkow-zapachowych-slonie-ceramika-11x8-cm","status":"publish","type":"product","link":"https:\/\/izoteryk.pl\/?product=kominek-do-olejkow-zapachowych-slonie-ceramika-11x8-cm","title":{"rendered":"Kominek do olejk\u00f3w zapachowych &#8211; s\u0142onie &#8211; ceramika 11&#215;8 cm"},"content":{"rendered":"<p>Kominek do olejk\u00f3w zapachowych &#8211; ceramiczny czarny &#8211; na be\u017cowym pasku s\u0142onie<\/p>\n","protected":false},"excerpt":{"rendered":"<p>SPECYFIKACJA:<\/p>\n<ul>\n<li>Stan: nowe<\/li>\n<li>Materia\u0142: ceramika<\/li>\n<li>wymiary 11&#215;8 cm<\/li>\n<li>Kolor: czarny, be\u017cowy<\/li>\n<\/ul>\n","protected":false},"featured_media":4193,"comment_status":"open","ping_status":"closed","template":"","meta":[],"product_brand":[],"product_cat":[98,92,148,273,272,260,84,156,108],"product_tag":[],"class_list":{"0":"post-4192","1":"product","2":"type-product","3":"status-publish","4":"has-post-thumbnail","6":"product_cat-bezowy","7":"product_cat-czarny-kolor","8":"product_cat-akcesoria-magiczne","9":"product_cat-kominki-i-podstawki","10":"product_cat-medytacja","11":"product_cat-rzezby-i-figurki","12":"product_cat-sklep-ezoteryczny","13":"product_cat-slonik","14":"product_cat-symbole","15":"product_shipping_class-rozmiar-xl","17":"first","18":"instock","19":"shipping-taxable","20":"purchasable","21":"product-type-simple"},"_links":{"self":[{"href":"https:\/\/izoteryk.pl\/index.php?rest_route=\/wp\/v2\/product\/4192","targetHints":{"allow":["GET"]}}],"collection":[{"href":"https:\/\/izoteryk.pl\/index.php?rest_route=\/wp\/v2\/product"}],"about":[{"href":"https:\/\/izoteryk.pl\/index.php?rest_route=\/wp\/v2\/types\/product"}],"replies":[{"embeddable":true,"href":"https:\/\/izoteryk.pl\/index.php?rest_route=%2Fwp%2Fv2%2Fcomments&post=4192"}],"wp:featuredmedia":[{"embeddable":true,"href":"https:\/\/izoteryk.pl\/index.php?rest_route=\/wp\/v2\/media\/4193"}],"wp:attachment":[{"href":"https:\/\/izoteryk.pl\/index.php?rest_route=%2Fwp%2Fv2%2Fmedia&parent=4192"}],"wp:term":[{"taxonomy":"product_brand","embeddable":true,"href":"https:\/\/izoteryk.pl\/index.php?rest_route=%2Fwp%2Fv2%2Fproduct_brand&post=4192"},{"taxonomy":"product_cat","embeddable":true,"href":"https:\/\/izoteryk.pl\/index.php?rest_route=%2Fwp%2Fv2%2Fproduct_cat&post=4192"},{"taxonomy":"product_tag","embeddable":true,"href":"https:\/\/izoteryk.pl\/index.php?rest_route=%2Fwp%2Fv2%2Fproduct_tag&post=4192"}],"curies":[{"name":"wp","href":"https:\/\/api.w.org\/{rel}","templated":true}]}}