{"id":4180,"date":"2023-05-20T13:06:02","date_gmt":"2023-05-20T11:06:02","guid":{"rendered":"https:\/\/izoteryk.pl\/?post_type=product&#038;p=4180"},"modified":"2026-01-28T19:05:59","modified_gmt":"2026-01-28T18:05:59","slug":"woreczek-naturalny-lniany-kolorowy-13x18cm-2","status":"publish","type":"product","link":"https:\/\/izoteryk.pl\/?product=woreczek-naturalny-lniany-kolorowy-13x18cm-2","title":{"rendered":"Woreczek naturalny lniany kolorowy 13x18cm"},"content":{"rendered":"<p>Woreczek doskonale nadaje si\u0119 do przechowywania skarb\u00f3w magicznych &#8211; mo\u017cna w nim trzyma\u0107 kamienie, drewienka, bi\u017cuteri\u0119, inne drobne przedmioty, suszone zio\u0142a lub karty tarota.<\/p>\n<p>Wz\u00f3r to poziome, kolorowe pasy, szlaczki<\/p>\n<p>Kolor dominuj\u0105cy: niebieski<\/p>\n<p>Uwaga! Rozmieszczenie wzor\u00f3w na ka\u017cdym woreczku mo\u017ce si\u0119 r\u00f3\u017cni\u0107 &#8211; woreczki wybierane s\u0105 losowo<\/p>\n<p>W innych ofertach znajd\u0105 Pa\u0144stwo podobne woreczki w innych kolorach<\/p>\n","protected":false},"excerpt":{"rendered":"<p>SPECYFIKACJA:<\/p>\n<ul>\n<li>Stan: nowe<\/li>\n<li>Rozmiar: 13x18cm<\/li>\n<li>Materia\u0142: len<\/li>\n<li>Kolor dominuj\u0105cy: niebieski<\/li>\n<\/ul>\n","protected":false},"featured_media":4181,"comment_status":"open","ping_status":"closed","template":"","meta":[],"product_brand":[],"product_cat":[278,96,148,91,84,158],"product_tag":[],"class_list":{"0":"post-4180","1":"product","2":"type-product","3":"status-publish","4":"has-post-thumbnail","6":"product_cat-multikolor","7":"product_cat-niebieski","8":"product_cat-akcesoria-magiczne","9":"product_cat-kolor","10":"product_cat-sklep-ezoteryczny","11":"product_cat-woreczki","13":"first","14":"instock","15":"shipping-taxable","16":"purchasable","17":"product-type-simple"},"_links":{"self":[{"href":"https:\/\/izoteryk.pl\/index.php?rest_route=\/wp\/v2\/product\/4180","targetHints":{"allow":["GET"]}}],"collection":[{"href":"https:\/\/izoteryk.pl\/index.php?rest_route=\/wp\/v2\/product"}],"about":[{"href":"https:\/\/izoteryk.pl\/index.php?rest_route=\/wp\/v2\/types\/product"}],"replies":[{"embeddable":true,"href":"https:\/\/izoteryk.pl\/index.php?rest_route=%2Fwp%2Fv2%2Fcomments&post=4180"}],"wp:featuredmedia":[{"embeddable":true,"href":"https:\/\/izoteryk.pl\/index.php?rest_route=\/wp\/v2\/media\/4181"}],"wp:attachment":[{"href":"https:\/\/izoteryk.pl\/index.php?rest_route=%2Fwp%2Fv2%2Fmedia&parent=4180"}],"wp:term":[{"taxonomy":"product_brand","embeddable":true,"href":"https:\/\/izoteryk.pl\/index.php?rest_route=%2Fwp%2Fv2%2Fproduct_brand&post=4180"},{"taxonomy":"product_cat","embeddable":true,"href":"https:\/\/izoteryk.pl\/index.php?rest_route=%2Fwp%2Fv2%2Fproduct_cat&post=4180"},{"taxonomy":"product_tag","embeddable":true,"href":"https:\/\/izoteryk.pl\/index.php?rest_route=%2Fwp%2Fv2%2Fproduct_tag&post=4180"}],"curies":[{"name":"wp","href":"https:\/\/api.w.org\/{rel}","templated":true}]}}