{"id":4166,"date":"2023-05-16T19:21:36","date_gmt":"2023-05-16T17:21:36","guid":{"rendered":"https:\/\/izoteryk.pl\/?post_type=product&#038;p=4166"},"modified":"2026-01-28T19:05:59","modified_gmt":"2026-01-28T18:05:59","slug":"aniolek-z-sercem-figurka-gipsowa-45-cm-kopia","status":"publish","type":"product","link":"https:\/\/izoteryk.pl\/?product=aniolek-z-sercem-figurka-gipsowa-45-cm-kopia","title":{"rendered":"Anio\u0142ek z sercem &#8211; figurka gipsowa 4,5 cm"},"content":{"rendered":"<p>Urocza figurka anio\u0142ka trzymaj\u0105cego w r\u0119kach serce<\/p>\n<p><span style=\"font-family: var(--global-body-font-family);\">Serce to symbol mi\u0142o\u015bci<\/span><\/p>\n<p><span style=\"font-family: var(--global-body-font-family);\">Bia\u0142y kolor to symbol niewinno\u015bci i anielskich mocy<\/span><\/p>\n","protected":false},"excerpt":{"rendered":"<p>SPECYFIKACJA:<\/p>\n<ul>\n<li>Stan: nowe<\/li>\n<li>Materia\u0142: gips<\/li>\n<li>Kolor: bia\u0142y<\/li>\n<li>Wymiary: wysoko\u015b\u0107 4,5 cm<\/li>\n<\/ul>\n","protected":false},"featured_media":4167,"comment_status":"open","ping_status":"closed","template":"","meta":[],"product_brand":[],"product_cat":[100,124,192,253,245,110,190,117,148,34,276,91,260,132,84,108,275],"product_tag":[],"class_list":{"0":"post-4166","1":"product","2":"type-product","3":"status-publish","4":"has-post-thumbnail","6":"product_cat-bialy","7":"product_cat-harmonia","8":"product_cat-moce-anielskie","9":"product_cat-niewinnosc","10":"product_cat-piekno","11":"product_cat-pokoj","12":"product_cat-spokoj","13":"product_cat-uniwersalna-moc","14":"product_cat-akcesoria-magiczne","15":"product_cat-amulety-i-talizmany","16":"product_cat-aniol","17":"product_cat-kolor","18":"product_cat-rzezby-i-figurki","19":"product_cat-serce","20":"product_cat-sklep-ezoteryczny","21":"product_cat-symbole","22":"product_cat-z-gipsu","24":"first","25":"instock","26":"shipping-taxable","27":"purchasable","28":"product-type-simple"},"_links":{"self":[{"href":"https:\/\/izoteryk.pl\/index.php?rest_route=\/wp\/v2\/product\/4166","targetHints":{"allow":["GET"]}}],"collection":[{"href":"https:\/\/izoteryk.pl\/index.php?rest_route=\/wp\/v2\/product"}],"about":[{"href":"https:\/\/izoteryk.pl\/index.php?rest_route=\/wp\/v2\/types\/product"}],"replies":[{"embeddable":true,"href":"https:\/\/izoteryk.pl\/index.php?rest_route=%2Fwp%2Fv2%2Fcomments&post=4166"}],"wp:featuredmedia":[{"embeddable":true,"href":"https:\/\/izoteryk.pl\/index.php?rest_route=\/wp\/v2\/media\/4167"}],"wp:attachment":[{"href":"https:\/\/izoteryk.pl\/index.php?rest_route=%2Fwp%2Fv2%2Fmedia&parent=4166"}],"wp:term":[{"taxonomy":"product_brand","embeddable":true,"href":"https:\/\/izoteryk.pl\/index.php?rest_route=%2Fwp%2Fv2%2Fproduct_brand&post=4166"},{"taxonomy":"product_cat","embeddable":true,"href":"https:\/\/izoteryk.pl\/index.php?rest_route=%2Fwp%2Fv2%2Fproduct_cat&post=4166"},{"taxonomy":"product_tag","embeddable":true,"href":"https:\/\/izoteryk.pl\/index.php?rest_route=%2Fwp%2Fv2%2Fproduct_tag&post=4166"}],"curies":[{"name":"wp","href":"https:\/\/api.w.org\/{rel}","templated":true}]}}