{"id":4148,"date":"2023-05-15T18:36:47","date_gmt":"2023-05-15T16:36:47","guid":{"rendered":"https:\/\/izoteryk.pl\/?post_type=product&#038;p=4148"},"modified":"2026-01-28T19:05:59","modified_gmt":"2026-01-28T18:05:59","slug":"aniol-ze-zlotymi-skrzydlami-figurka-gipsowa-16-cm","status":"publish","type":"product","link":"https:\/\/izoteryk.pl\/?product=aniol-ze-zlotymi-skrzydlami-figurka-gipsowa-16-cm","title":{"rendered":"Anio\u0142 ze z\u0142otymi skrzyd\u0142ami &#8211; figurka gipsowa 16 cm"},"content":{"rendered":"<p>Urocza figurka kl\u0119cz\u0105cego anio\u0142a ze z\u0142o\u017conymi do modlitwy r\u0119kami<\/p>\n<p>Bia\u0142y kolor to symbol niewinno\u015bci i anielskich mocy<\/p>\n<p>Z\u0142oty kolor to symbol bogactwa, s\u0142o\u0144ca, energii m\u0119skiej i pot\u0119gi<\/p>\n","protected":false},"excerpt":{"rendered":"<p>SPECYFIKACJA:<\/p>\n<ul>\n<li>Stan: nowe<\/li>\n<li>Materia\u0142: gips<\/li>\n<li>Kolor: bia\u0142y, z\u0142oty<\/li>\n<li>Wymiary: 16&#215;12 cm<\/li>\n<\/ul>\n","protected":false},"featured_media":5810,"comment_status":"open","ping_status":"closed","template":"","meta":[],"product_brand":[],"product_cat":[100,124,192,253,245,110,190,117,105,148,34,276,91,260,84,108,275],"product_tag":[],"class_list":{"0":"post-4148","1":"product","2":"type-product","3":"status-publish","4":"has-post-thumbnail","6":"product_cat-bialy","7":"product_cat-harmonia","8":"product_cat-moce-anielskie","9":"product_cat-niewinnosc","10":"product_cat-piekno","11":"product_cat-pokoj","12":"product_cat-spokoj","13":"product_cat-uniwersalna-moc","14":"product_cat-zloty","15":"product_cat-akcesoria-magiczne","16":"product_cat-amulety-i-talizmany","17":"product_cat-aniol","18":"product_cat-kolor","19":"product_cat-rzezby-i-figurki","20":"product_cat-sklep-ezoteryczny","21":"product_cat-symbole","22":"product_cat-z-gipsu","23":"product_shipping_class-rozmiar-xl","25":"first","26":"instock","27":"shipping-taxable","28":"purchasable","29":"product-type-simple"},"_links":{"self":[{"href":"https:\/\/izoteryk.pl\/index.php?rest_route=\/wp\/v2\/product\/4148","targetHints":{"allow":["GET"]}}],"collection":[{"href":"https:\/\/izoteryk.pl\/index.php?rest_route=\/wp\/v2\/product"}],"about":[{"href":"https:\/\/izoteryk.pl\/index.php?rest_route=\/wp\/v2\/types\/product"}],"replies":[{"embeddable":true,"href":"https:\/\/izoteryk.pl\/index.php?rest_route=%2Fwp%2Fv2%2Fcomments&post=4148"}],"wp:featuredmedia":[{"embeddable":true,"href":"https:\/\/izoteryk.pl\/index.php?rest_route=\/wp\/v2\/media\/5810"}],"wp:attachment":[{"href":"https:\/\/izoteryk.pl\/index.php?rest_route=%2Fwp%2Fv2%2Fmedia&parent=4148"}],"wp:term":[{"taxonomy":"product_brand","embeddable":true,"href":"https:\/\/izoteryk.pl\/index.php?rest_route=%2Fwp%2Fv2%2Fproduct_brand&post=4148"},{"taxonomy":"product_cat","embeddable":true,"href":"https:\/\/izoteryk.pl\/index.php?rest_route=%2Fwp%2Fv2%2Fproduct_cat&post=4148"},{"taxonomy":"product_tag","embeddable":true,"href":"https:\/\/izoteryk.pl\/index.php?rest_route=%2Fwp%2Fv2%2Fproduct_tag&post=4148"}],"curies":[{"name":"wp","href":"https:\/\/api.w.org\/{rel}","templated":true}]}}