{"id":4143,"date":"2023-05-15T18:17:01","date_gmt":"2023-05-15T16:17:01","guid":{"rendered":"https:\/\/izoteryk.pl\/?post_type=product&#038;p=4143"},"modified":"2026-01-28T19:05:59","modified_gmt":"2026-01-28T18:05:59","slug":"kolczyki-z-kwarcem-rozowym-6-mm-serce-na-milosc","status":"publish","type":"product","link":"https:\/\/izoteryk.pl\/?product=kolczyki-z-kwarcem-rozowym-6-mm-serce-na-milosc","title":{"rendered":"Kolczyki z kwarcem r\u00f3\u017cowym 6 mm &#8211; serce &#8211; na mi\u0142o\u015b\u0107"},"content":{"rendered":"<p>Kolczyki w kolorze starego z\u0142ota &#8211; serduszka i kwarc r\u00f3\u017cowy kulki o \u015brednicy ok 6mm<\/p>\n<p>Kwarc r\u00f3\u017cowy jest uwa\u017cany za kamie\u0144 przyci\u0105gaj\u0105cy mi\u0142o\u015b\u0107<\/p>\n<p>Kolor r\u00f3\u017cowy symbolizuje szczer\u0105, romantyczn\u0105 mi\u0142o\u015b\u0107, jest te\u017c zwi\u0105zany z czakr\u0105 serca i z anio\u0142ami r\u00f3\u017cowego promienia na czele kt\u00f3rych stoi Archanio\u0142 Chamuel.<\/p>\n<p>Serce r\u00f3wnie\u017c jest symbolem mi\u0142o\u015bci<\/p>\n","protected":false},"excerpt":{"rendered":"<p>SPECYFIKACJA:<\/p>\n<ul>\n<li>Stan: nowe<\/li>\n<li>Marka: Art-Shakt<\/li>\n<li>Materia\u0142: metal<\/li>\n<li>Kamie\u0144: kwarc r\u00f3\u017cowy<\/li>\n<li>Wz\u00f3r: serce<\/li>\n<\/ul>\n","protected":false},"featured_media":4144,"comment_status":"open","ping_status":"closed","template":"","meta":[],"product_brand":[],"product_cat":[134,85,192,253,245,120,202,34,86,87,274,91,119,132,84,108,83,42],"product_tag":[],"class_list":{"0":"post-4143","1":"product","2":"type-product","3":"status-publish","4":"has-post-thumbnail","6":"product_cat-kobiecosc","7":"product_cat-milosc","8":"product_cat-moce-anielskie","9":"product_cat-niewinnosc","10":"product_cat-piekno","11":"product_cat-rozowy","12":"product_cat-stare-zloto","13":"product_cat-amulety-i-talizmany","14":"product_cat-bizuteria","15":"product_cat-kamien","16":"product_cat-kolczyki","17":"product_cat-kolor","18":"product_cat-kwarc-rozowy-kamien","19":"product_cat-serce","20":"product_cat-sklep-ezoteryczny","21":"product_cat-symbole","22":"product_cat-z-kamienia-amulety-i-talizmany","23":"product_cat-z-metalu","25":"first","26":"instock","27":"shipping-taxable","28":"purchasable","29":"product-type-simple"},"_links":{"self":[{"href":"https:\/\/izoteryk.pl\/index.php?rest_route=\/wp\/v2\/product\/4143","targetHints":{"allow":["GET"]}}],"collection":[{"href":"https:\/\/izoteryk.pl\/index.php?rest_route=\/wp\/v2\/product"}],"about":[{"href":"https:\/\/izoteryk.pl\/index.php?rest_route=\/wp\/v2\/types\/product"}],"replies":[{"embeddable":true,"href":"https:\/\/izoteryk.pl\/index.php?rest_route=%2Fwp%2Fv2%2Fcomments&post=4143"}],"wp:featuredmedia":[{"embeddable":true,"href":"https:\/\/izoteryk.pl\/index.php?rest_route=\/wp\/v2\/media\/4144"}],"wp:attachment":[{"href":"https:\/\/izoteryk.pl\/index.php?rest_route=%2Fwp%2Fv2%2Fmedia&parent=4143"}],"wp:term":[{"taxonomy":"product_brand","embeddable":true,"href":"https:\/\/izoteryk.pl\/index.php?rest_route=%2Fwp%2Fv2%2Fproduct_brand&post=4143"},{"taxonomy":"product_cat","embeddable":true,"href":"https:\/\/izoteryk.pl\/index.php?rest_route=%2Fwp%2Fv2%2Fproduct_cat&post=4143"},{"taxonomy":"product_tag","embeddable":true,"href":"https:\/\/izoteryk.pl\/index.php?rest_route=%2Fwp%2Fv2%2Fproduct_tag&post=4143"}],"curies":[{"name":"wp","href":"https:\/\/api.w.org\/{rel}","templated":true}]}}