{"id":4135,"date":"2023-05-15T03:22:16","date_gmt":"2023-05-15T01:22:16","guid":{"rendered":"https:\/\/izoteryk.pl\/?post_type=product&#038;p=4135"},"modified":"2026-01-28T19:05:59","modified_gmt":"2026-01-28T18:05:59","slug":"glowa-buddy-ceramika-10x55-cm","status":"publish","type":"product","link":"https:\/\/izoteryk.pl\/?product=glowa-buddy-ceramika-10x55-cm","title":{"rendered":"G\u0142owa Buddy &#8211; ceramika 10&#215;5,5 cm"},"content":{"rendered":"<p>Ceramiczna g\u0142owa Buddy koloru srebrnego &#8211; s\u0142u\u017cy nie tylko do ozdoby, ale te\u017c do medytacji polegaj\u0105cej na wpatrywaniu si\u0119 w punkt na czole Buddy<\/p>\n","protected":false},"excerpt":{"rendered":"<p>SPECYFIKACJA:<\/p>\n<ul>\n<li>Stan: nowe<\/li>\n<li>Materia\u0142: ceramika<\/li>\n<li>wymiary 10&#215;5,5 cm<\/li>\n<\/ul>\n","protected":false},"featured_media":4137,"comment_status":"open","ping_status":"closed","template":"","meta":[],"product_brand":[],"product_cat":[106,148,168,272,260,84,108],"product_tag":[],"class_list":{"0":"post-4135","1":"product","2":"type-product","3":"status-publish","4":"has-post-thumbnail","6":"product_cat-srebrny","7":"product_cat-akcesoria-magiczne","8":"product_cat-budda","9":"product_cat-medytacja","10":"product_cat-rzezby-i-figurki","11":"product_cat-sklep-ezoteryczny","12":"product_cat-symbole","13":"product_shipping_class-rozmiar-xl","15":"first","16":"instock","17":"shipping-taxable","18":"purchasable","19":"product-type-simple"},"_links":{"self":[{"href":"https:\/\/izoteryk.pl\/index.php?rest_route=\/wp\/v2\/product\/4135","targetHints":{"allow":["GET"]}}],"collection":[{"href":"https:\/\/izoteryk.pl\/index.php?rest_route=\/wp\/v2\/product"}],"about":[{"href":"https:\/\/izoteryk.pl\/index.php?rest_route=\/wp\/v2\/types\/product"}],"replies":[{"embeddable":true,"href":"https:\/\/izoteryk.pl\/index.php?rest_route=%2Fwp%2Fv2%2Fcomments&post=4135"}],"wp:featuredmedia":[{"embeddable":true,"href":"https:\/\/izoteryk.pl\/index.php?rest_route=\/wp\/v2\/media\/4137"}],"wp:attachment":[{"href":"https:\/\/izoteryk.pl\/index.php?rest_route=%2Fwp%2Fv2%2Fmedia&parent=4135"}],"wp:term":[{"taxonomy":"product_brand","embeddable":true,"href":"https:\/\/izoteryk.pl\/index.php?rest_route=%2Fwp%2Fv2%2Fproduct_brand&post=4135"},{"taxonomy":"product_cat","embeddable":true,"href":"https:\/\/izoteryk.pl\/index.php?rest_route=%2Fwp%2Fv2%2Fproduct_cat&post=4135"},{"taxonomy":"product_tag","embeddable":true,"href":"https:\/\/izoteryk.pl\/index.php?rest_route=%2Fwp%2Fv2%2Fproduct_tag&post=4135"}],"curies":[{"name":"wp","href":"https:\/\/api.w.org\/{rel}","templated":true}]}}