{"id":4121,"date":"2023-05-15T00:53:01","date_gmt":"2023-05-14T22:53:01","guid":{"rendered":"https:\/\/izoteryk.pl\/?post_type=product&#038;p=4121"},"modified":"2026-01-28T19:10:04","modified_gmt":"2026-01-28T18:10:04","slug":"budda-radosny-mala-figurka-55-cm-2","status":"publish","type":"product","link":"https:\/\/izoteryk.pl\/?product=budda-radosny-mala-figurka-55-cm-2","title":{"rendered":"Budda radosny toel &#8211; ma\u0142a figurka 5,5 cm"},"content":{"rendered":"<p>Stoj\u0105cy, trzymaj\u0105cy toel, czyli chi\u0144sk\u0105 sztabk\u0119 z\u0142ota, u\u015bmiechni\u0119ty Budda to w Chinach i Japonii symbol pomy\u015blno\u015bci i dostatku.<\/p>\n<p>Istnieje przekonanie, \u017ce je\u015bli pog\u0142aszcze si\u0119 radosnego Budd\u0119 po brzuchu w nied\u0142ugim czasie zazna si\u0119 przyp\u0142ywu got\u00f3wki.<\/p>\n","protected":false},"excerpt":{"rendered":"<p>SPECYFIKACJA:<\/p>\n<ul>\n<li>Stan: nowe<\/li>\n<li>Wymiary: 5,5&#215;3,5 cm<\/li>\n<li>Kolor: Bordowy<\/li>\n<\/ul>\n","protected":false},"featured_media":5830,"comment_status":"open","ping_status":"closed","template":"","meta":[],"product_brand":[],"product_cat":[113,271,204,177,137,201,117,148,168,260,84,108],"product_tag":[],"class_list":{"0":"post-4121","1":"product","2":"type-product","3":"status-publish","4":"has-post-thumbnail","6":"product_cat-bogactwo","7":"product_cat-bordowy","8":"product_cat-obfitosc","9":"product_cat-radosc","10":"product_cat-sukces","11":"product_cat-szczescie","12":"product_cat-uniwersalna-moc","13":"product_cat-akcesoria-magiczne","14":"product_cat-budda","15":"product_cat-rzezby-i-figurki","16":"product_cat-sklep-ezoteryczny","17":"product_cat-symbole","19":"first","20":"instock","21":"shipping-taxable","22":"purchasable","23":"product-type-simple"},"_links":{"self":[{"href":"https:\/\/izoteryk.pl\/index.php?rest_route=\/wp\/v2\/product\/4121","targetHints":{"allow":["GET"]}}],"collection":[{"href":"https:\/\/izoteryk.pl\/index.php?rest_route=\/wp\/v2\/product"}],"about":[{"href":"https:\/\/izoteryk.pl\/index.php?rest_route=\/wp\/v2\/types\/product"}],"replies":[{"embeddable":true,"href":"https:\/\/izoteryk.pl\/index.php?rest_route=%2Fwp%2Fv2%2Fcomments&post=4121"}],"wp:featuredmedia":[{"embeddable":true,"href":"https:\/\/izoteryk.pl\/index.php?rest_route=\/wp\/v2\/media\/5830"}],"wp:attachment":[{"href":"https:\/\/izoteryk.pl\/index.php?rest_route=%2Fwp%2Fv2%2Fmedia&parent=4121"}],"wp:term":[{"taxonomy":"product_brand","embeddable":true,"href":"https:\/\/izoteryk.pl\/index.php?rest_route=%2Fwp%2Fv2%2Fproduct_brand&post=4121"},{"taxonomy":"product_cat","embeddable":true,"href":"https:\/\/izoteryk.pl\/index.php?rest_route=%2Fwp%2Fv2%2Fproduct_cat&post=4121"},{"taxonomy":"product_tag","embeddable":true,"href":"https:\/\/izoteryk.pl\/index.php?rest_route=%2Fwp%2Fv2%2Fproduct_tag&post=4121"}],"curies":[{"name":"wp","href":"https:\/\/api.w.org\/{rel}","templated":true}]}}