{"id":4069,"date":"2023-04-26T10:38:46","date_gmt":"2023-04-26T08:38:46","guid":{"rendered":"https:\/\/izoteryk.pl\/?post_type=product&#038;p=4069"},"modified":"2026-01-28T19:13:13","modified_gmt":"2026-01-28T18:13:13","slug":"karty-runy-potegi-przyrody","status":"publish","type":"product","link":"https:\/\/izoteryk.pl\/?product=karty-runy-potegi-przyrody","title":{"rendered":"Karty ,,Runy pot\u0119gi przyrody&#8221;"},"content":{"rendered":"<p>Bardzo ciekawe karty runiczne &#8211; ka\u017cda runa jest w innym kolorze i ma r\u00f3\u017cne przyporz\u0105dkowania &#8211; np. astrologiczne, ro\u015blinne, czy zwierz\u0119ce a tak\u017ce numerologiczne, co dla bardziej do\u015bwiadczonej i obeznanej w temacie wr\u00f3\u017cki mo\u017ce stwarza\u0107 dodatkowe mo\u017cliwo\u015bci interpretacji.<\/p>\n","protected":false},"excerpt":{"rendered":"<p>SPECYFIKACJA:<\/p>\n<ul>\n<li>Stan: nowe<\/li>\n<li>Wymiary: 95x60mm<\/li>\n<\/ul>\n","protected":false},"featured_media":4070,"comment_status":"open","ping_status":"closed","template":"","meta":[],"product_brand":[],"product_cat":[262,148,197,84],"product_tag":[],"class_list":{"0":"post-4069","1":"product","2":"type-product","3":"status-publish","4":"has-post-thumbnail","6":"product_cat-runy-karty-do-wrozenia","7":"product_cat-akcesoria-magiczne","8":"product_cat-karty-do-wrozenia","9":"product_cat-sklep-ezoteryczny","11":"first","12":"instock","13":"shipping-taxable","14":"purchasable","15":"product-type-simple"},"_links":{"self":[{"href":"https:\/\/izoteryk.pl\/index.php?rest_route=\/wp\/v2\/product\/4069","targetHints":{"allow":["GET"]}}],"collection":[{"href":"https:\/\/izoteryk.pl\/index.php?rest_route=\/wp\/v2\/product"}],"about":[{"href":"https:\/\/izoteryk.pl\/index.php?rest_route=\/wp\/v2\/types\/product"}],"replies":[{"embeddable":true,"href":"https:\/\/izoteryk.pl\/index.php?rest_route=%2Fwp%2Fv2%2Fcomments&post=4069"}],"wp:featuredmedia":[{"embeddable":true,"href":"https:\/\/izoteryk.pl\/index.php?rest_route=\/wp\/v2\/media\/4070"}],"wp:attachment":[{"href":"https:\/\/izoteryk.pl\/index.php?rest_route=%2Fwp%2Fv2%2Fmedia&parent=4069"}],"wp:term":[{"taxonomy":"product_brand","embeddable":true,"href":"https:\/\/izoteryk.pl\/index.php?rest_route=%2Fwp%2Fv2%2Fproduct_brand&post=4069"},{"taxonomy":"product_cat","embeddable":true,"href":"https:\/\/izoteryk.pl\/index.php?rest_route=%2Fwp%2Fv2%2Fproduct_cat&post=4069"},{"taxonomy":"product_tag","embeddable":true,"href":"https:\/\/izoteryk.pl\/index.php?rest_route=%2Fwp%2Fv2%2Fproduct_tag&post=4069"}],"curies":[{"name":"wp","href":"https:\/\/api.w.org\/{rel}","templated":true}]}}