{"id":4064,"date":"2023-04-26T09:54:47","date_gmt":"2023-04-26T07:54:47","guid":{"rendered":"https:\/\/izoteryk.pl\/?post_type=product&#038;p=4064"},"modified":"2026-01-28T19:13:13","modified_gmt":"2026-01-28T18:13:13","slug":"budda-swiecznik-figurka-wysokosc-20cm","status":"publish","type":"product","link":"https:\/\/izoteryk.pl\/?product=budda-swiecznik-figurka-wysokosc-20cm","title":{"rendered":"Budda \u015bwiecznik figurka &#8211; wysoko\u015b\u0107 20cm"},"content":{"rendered":"<p>Pi\u0119kny Budda trzymaj\u0105cy w r\u0119kach mis\u0119 w kt\u00f3rej osadzony jest szklany \u015bwiecznik na tealight<\/p>\n","protected":false},"excerpt":{"rendered":"<p>SPECYFIKACJA:<\/p>\n<ul>\n<li>Stan: nowe<\/li>\n<li>Materia\u0142: Beton<\/li>\n<li>Wymiary: 20x13cm<\/li>\n<\/ul>\n","protected":false},"featured_media":5826,"comment_status":"open","ping_status":"closed","template":"","meta":[],"product_brand":[],"product_cat":[124,247,204,110,114,190,240,117,112,194,148,34,168,260,84,171,224,108,261],"product_tag":[],"class_list":{"0":"post-4064","1":"product","2":"type-product","3":"status-publish","4":"has-post-thumbnail","6":"product_cat-harmonia","7":"product_cat-madrosc","8":"product_cat-obfitosc","9":"product_cat-pokoj","10":"product_cat-rownowaga","11":"product_cat-spokoj","12":"product_cat-szary","13":"product_cat-uniwersalna-moc","14":"product_cat-zdrowie","15":"product_cat-zrozumienie","16":"product_cat-akcesoria-magiczne","17":"product_cat-amulety-i-talizmany","18":"product_cat-budda","19":"product_cat-rzezby-i-figurki","20":"product_cat-sklep-ezoteryczny","21":"product_cat-swieczki","22":"product_cat-swieczniki","23":"product_cat-symbole","24":"product_cat-z-betonu","25":"product_shipping_class-rozmiar-xl","27":"first","28":"instock","29":"shipping-taxable","30":"purchasable","31":"product-type-simple"},"_links":{"self":[{"href":"https:\/\/izoteryk.pl\/index.php?rest_route=\/wp\/v2\/product\/4064","targetHints":{"allow":["GET"]}}],"collection":[{"href":"https:\/\/izoteryk.pl\/index.php?rest_route=\/wp\/v2\/product"}],"about":[{"href":"https:\/\/izoteryk.pl\/index.php?rest_route=\/wp\/v2\/types\/product"}],"replies":[{"embeddable":true,"href":"https:\/\/izoteryk.pl\/index.php?rest_route=%2Fwp%2Fv2%2Fcomments&post=4064"}],"wp:featuredmedia":[{"embeddable":true,"href":"https:\/\/izoteryk.pl\/index.php?rest_route=\/wp\/v2\/media\/5826"}],"wp:attachment":[{"href":"https:\/\/izoteryk.pl\/index.php?rest_route=%2Fwp%2Fv2%2Fmedia&parent=4064"}],"wp:term":[{"taxonomy":"product_brand","embeddable":true,"href":"https:\/\/izoteryk.pl\/index.php?rest_route=%2Fwp%2Fv2%2Fproduct_brand&post=4064"},{"taxonomy":"product_cat","embeddable":true,"href":"https:\/\/izoteryk.pl\/index.php?rest_route=%2Fwp%2Fv2%2Fproduct_cat&post=4064"},{"taxonomy":"product_tag","embeddable":true,"href":"https:\/\/izoteryk.pl\/index.php?rest_route=%2Fwp%2Fv2%2Fproduct_tag&post=4064"}],"curies":[{"name":"wp","href":"https:\/\/api.w.org\/{rel}","templated":true}]}}