{"id":4028,"date":"2023-04-21T18:51:37","date_gmt":"2023-04-21T16:51:37","guid":{"rendered":"https:\/\/izoteryk.pl\/?post_type=product&#038;p=4028"},"modified":"2026-01-28T19:13:13","modified_gmt":"2026-01-28T18:13:13","slug":"trzy-monety-chinskie-feng-shui-powiazane-czerwona-wstazka","status":"publish","type":"product","link":"https:\/\/izoteryk.pl\/?product=trzy-monety-chinskie-feng-shui-powiazane-czerwona-wstazka","title":{"rendered":"Trzy monety chi\u0144skie feng shui powi\u0105zane czerwon\u0105 wst\u0105\u017ck\u0105"},"content":{"rendered":"<p>Trzy ma\u0142e monety feng shui po\u0142\u0105czone czerwon\u0105 wst\u0105\u017ck\u0105 wed\u0142ug tradycji chi\u0144skiej maj\u0105 przynie\u015b\u0107 szcz\u0119\u015bcie i bogactwo.<\/p>\n<p>Monety mo\u017cna nosi\u0107 w portmonetce, portfelu lub w kieszeni, mo\u017cna te\u017c po\u0142o\u017cy\u0107 w miejscu gdzie znajduje si\u0119 k\u0105t bogactwa wed\u0142ug siatki Bagua, albo wykorzysta\u0107 do rytua\u0142u na bogactwo.<\/p>\n","protected":false},"excerpt":{"rendered":"<p>SPECYFIKACJA:<\/p>\n<ul>\n<li>Stan: nowe<\/li>\n<li>Kolor: stare z\u0142oto<\/li>\n<li>Rozmiar: \u015brednica jednej monety 10mm, d\u0142ugo\u015b\u0107 trzech po\u0142\u0105czonych monet bez sznurka ok 21mm<\/li>\n<\/ul>\n","protected":false},"featured_media":4029,"comment_status":"open","ping_status":"closed","template":"","meta":[],"product_brand":[],"product_cat":[113,176,204,202,137,201,148,34,251,252,84,108],"product_tag":[],"class_list":{"0":"post-4028","1":"product","2":"type-product","3":"status-publish","4":"has-post-thumbnail","6":"product_cat-bogactwo","7":"product_cat-czerwony","8":"product_cat-obfitosc","9":"product_cat-stare-zloto","10":"product_cat-sukces","11":"product_cat-szczescie","12":"product_cat-akcesoria-magiczne","13":"product_cat-amulety-i-talizmany","14":"product_cat-feng-shui","15":"product_cat-moneta","16":"product_cat-sklep-ezoteryczny","17":"product_cat-symbole","19":"first","20":"instock","21":"shipping-taxable","22":"purchasable","23":"product-type-simple"},"_links":{"self":[{"href":"https:\/\/izoteryk.pl\/index.php?rest_route=\/wp\/v2\/product\/4028","targetHints":{"allow":["GET"]}}],"collection":[{"href":"https:\/\/izoteryk.pl\/index.php?rest_route=\/wp\/v2\/product"}],"about":[{"href":"https:\/\/izoteryk.pl\/index.php?rest_route=\/wp\/v2\/types\/product"}],"replies":[{"embeddable":true,"href":"https:\/\/izoteryk.pl\/index.php?rest_route=%2Fwp%2Fv2%2Fcomments&post=4028"}],"wp:featuredmedia":[{"embeddable":true,"href":"https:\/\/izoteryk.pl\/index.php?rest_route=\/wp\/v2\/media\/4029"}],"wp:attachment":[{"href":"https:\/\/izoteryk.pl\/index.php?rest_route=%2Fwp%2Fv2%2Fmedia&parent=4028"}],"wp:term":[{"taxonomy":"product_brand","embeddable":true,"href":"https:\/\/izoteryk.pl\/index.php?rest_route=%2Fwp%2Fv2%2Fproduct_brand&post=4028"},{"taxonomy":"product_cat","embeddable":true,"href":"https:\/\/izoteryk.pl\/index.php?rest_route=%2Fwp%2Fv2%2Fproduct_cat&post=4028"},{"taxonomy":"product_tag","embeddable":true,"href":"https:\/\/izoteryk.pl\/index.php?rest_route=%2Fwp%2Fv2%2Fproduct_tag&post=4028"}],"curies":[{"name":"wp","href":"https:\/\/api.w.org\/{rel}","templated":true}]}}